{"id":21244,"date":"2024-12-03T16:09:15","date_gmt":"2024-12-03T15:09:15","guid":{"rendered":"https:\/\/greenkingdom.ch\/?post_type=product&#038;p=21244"},"modified":"2025-01-02T15:29:41","modified_gmt":"2025-01-02T14:29:41","slug":"f-max-silicon-treatment-100ml","status":"publish","type":"product","link":"https:\/\/greenkingdom.ch\/de\/produkt\/f-max-silicon-treatment-100ml\/","title":{"rendered":"F-Max Silikon Behandlung 100ml"},"content":{"rendered":"<p><strong>F-Max Silicon Treatment ist ein hochwertiges<\/strong> Siliziumkonzentrat, das f\u00fcr den Einsatz w\u00e4hrend des gesamten Wachstumszyklus in allen grundlegenden Stromversorgungen entwickelt wurde. Mit einem Verh\u00e4ltnis von mindestens 1:10.000 ist es eines der leistungsst\u00e4rksten und reinsten Siliziumprodukte auf dem Markt und bietet ein hervorragendes Preis-Leistungs-Verh\u00e4ltnis. <strong>Die Siliziumbehandlung<\/strong> optimiert die Ergebnisse Ihrer Pflanzen, indem sie die Zellstruktur der Pflanzen st\u00e4rkt, ihre Widerstandsf\u00e4higkeit gegen Stress verbessert und ihre allgemeine Entwicklung f\u00f6rdert. Dieses Produkt ist ideal f\u00fcr die Maximierung der Leistung w\u00e4hrend des gesamten Wachstumszyklus und sorgt f\u00fcr st\u00e4rkere, ges\u00fcndere Pflanzen. <\/p>\n","protected":false},"excerpt":{"rendered":"<p>F-Max Silicon Treatment ist ein hochwertiges Siliziumkonzentrat, das f\u00fcr den Einsatz w\u00e4hrend des gesamten Wachstumszyklus in allen grundlegenden Stromversorgungen entwickelt wurde. Mit einem Verh\u00e4ltnis von mindestens 1:10.000 ist es eines der leistungsst\u00e4rksten und reinsten Siliziumprodukte auf dem Markt und bietet ein hervorragendes Preis-Leistungs-Verh\u00e4ltnis. Die Siliziumbehandlung optimiert die Ergebnisse Ihrer Pflanzen, indem sie die Zellstruktur der [&hellip;]<\/p>\n","protected":false},"featured_media":21248,"comment_status":"open","ping_status":"closed","template":"","meta":{"_seopress_robots_primary_cat":"none","_seopress_titles_title":"F-Max Silikonbehandlung (100ml) - Gr\u00fcnes K\u00f6nigreich","_seopress_titles_desc":"F-Max Silicon Treatment ist ein hochwertiges Siliziumkonzentrat, das f\u00fcr den Einsatz w\u00e4hrend des gesamten Wachstumszyklus in allen grundlegenden Stromversorgungen entwickelt wurde.","_seopress_robots_index":""},"product_brand":[],"product_cat":[682],"product_tag":[686],"class_list":{"0":"post-21244","1":"product","2":"type-product","3":"status-publish","4":"has-post-thumbnail","6":"product_cat-f-max-de","7":"product_tag-f-max-de","10":"instock","11":"taxable","12":"shipping-taxable","13":"purchasable","14":"product-type-simple","15":"product-grid-view"},"_links":{"self":[{"href":"https:\/\/greenkingdom.ch\/de\/wp-json\/wp\/v2\/product\/21244","targetHints":{"allow":["GET"]}}],"collection":[{"href":"https:\/\/greenkingdom.ch\/de\/wp-json\/wp\/v2\/product"}],"about":[{"href":"https:\/\/greenkingdom.ch\/de\/wp-json\/wp\/v2\/types\/product"}],"replies":[{"embeddable":true,"href":"https:\/\/greenkingdom.ch\/de\/wp-json\/wp\/v2\/comments?post=21244"}],"version-history":[{"count":3,"href":"https:\/\/greenkingdom.ch\/de\/wp-json\/wp\/v2\/product\/21244\/revisions"}],"predecessor-version":[{"id":27592,"href":"https:\/\/greenkingdom.ch\/de\/wp-json\/wp\/v2\/product\/21244\/revisions\/27592"}],"wp:featuredmedia":[{"embeddable":true,"href":"https:\/\/greenkingdom.ch\/de\/wp-json\/wp\/v2\/media\/21248"}],"wp:attachment":[{"href":"https:\/\/greenkingdom.ch\/de\/wp-json\/wp\/v2\/media?parent=21244"}],"wp:term":[{"taxonomy":"product_brand","embeddable":true,"href":"https:\/\/greenkingdom.ch\/de\/wp-json\/wp\/v2\/product_brand?post=21244"},{"taxonomy":"product_cat","embeddable":true,"href":"https:\/\/greenkingdom.ch\/de\/wp-json\/wp\/v2\/product_cat?post=21244"},{"taxonomy":"product_tag","embeddable":true,"href":"https:\/\/greenkingdom.ch\/de\/wp-json\/wp\/v2\/product_tag?post=21244"}],"curies":[{"name":"wp","href":"https:\/\/api.w.org\/{rel}","templated":true}]}}