{"id":21289,"date":"2024-12-03T16:26:08","date_gmt":"2024-12-03T15:26:08","guid":{"rendered":"https:\/\/greenkingdom.ch\/?post_type=product&#038;p=21289"},"modified":"2025-01-02T15:29:48","modified_gmt":"2025-01-02T14:29:48","slug":"f-max-soil-upgrader-5kg","status":"publish","type":"product","link":"https:\/\/greenkingdom.ch\/de\/produkt\/f-max-soil-upgrader-5kg\/","title":{"rendered":"F-Max Bodenaufheller 5kg"},"content":{"rendered":"<p><strong>F-Max Pulver zur Bodenwiederherstellung &#8211; 5kg<\/strong><\/p>\n<p>Es ist nicht n\u00f6tig, Deine Erde nach jedem Wachstumszyklus zu ersetzen! Mit dem <strong>SOIL UPGRADER<\/strong> von F-Max k\u00f6nnen Sie Ihren Boden wieder zum Leben erwecken und ihn f\u00fcr eine neue Ernte reaktivieren. Dieses Produkt wurde entwickelt, um den Boden zu revitalisieren, indem es Mikroorganismen, n\u00fctzliche Bakterien, Mineralien, Kalk, Hefen und Stimulanzien liefert. <strong>SOIL UPGRADER<\/strong> stellt die optimale Bodenstruktur wieder her, die f\u00fcr die Aufrechterhaltung eines guten Luft-Wasser-Gleichgewichts unerl\u00e4sslich ist, und f\u00f6rdert so eine bessere Bel\u00fcftung und eine effizientere Aufnahme von Wasser und N\u00e4hrstoffen. Ein ideales Produkt, um die Qualit\u00e4t Ihres Bodens zu erneuern und zu verbessern und perfekte Wachstumsbedingungen f\u00fcr Ihre n\u00e4chsten Kulturen zu gew\u00e4hrleisten.  <\/p>\n","protected":false},"excerpt":{"rendered":"<p>F-Max Pulver zur Bodenwiederherstellung &#8211; 5kg Es ist nicht n\u00f6tig, Deine Erde nach jedem Wachstumszyklus zu ersetzen! Mit dem SOIL UPGRADER von F-Max k\u00f6nnen Sie Ihren Boden wieder zum Leben erwecken und ihn f\u00fcr eine neue Ernte reaktivieren. Dieses Produkt wurde entwickelt, um den Boden zu revitalisieren, indem es Mikroorganismen, n\u00fctzliche Bakterien, Mineralien, Kalk, Hefen [&hellip;]<\/p>\n","protected":false},"featured_media":21293,"comment_status":"open","ping_status":"closed","template":"","meta":{"_seopress_robots_primary_cat":"none","_seopress_titles_title":"F-Max Bodenaufheller (5kg) - Gr\u00fcnes K\u00f6nigreich","_seopress_titles_desc":"SOIL UPGRADER stellt die optimale Bodenstruktur wieder her, die f\u00fcr die Aufrechterhaltung eines guten Luft-Wasser-Gleichgewichts unerl\u00e4sslich ist, und f\u00f6rdert so eine bessere Bel\u00fcftung und eine effizientere Aufnahme von Wasser und N\u00e4hrstoffen.","_seopress_robots_index":""},"product_brand":[],"product_cat":[682],"product_tag":[686],"class_list":{"0":"post-21289","1":"product","2":"type-product","3":"status-publish","4":"has-post-thumbnail","6":"product_cat-f-max-de","7":"product_tag-f-max-de","10":"instock","11":"taxable","12":"shipping-taxable","13":"purchasable","14":"product-type-simple","15":"product-grid-view"},"_links":{"self":[{"href":"https:\/\/greenkingdom.ch\/de\/wp-json\/wp\/v2\/product\/21289","targetHints":{"allow":["GET"]}}],"collection":[{"href":"https:\/\/greenkingdom.ch\/de\/wp-json\/wp\/v2\/product"}],"about":[{"href":"https:\/\/greenkingdom.ch\/de\/wp-json\/wp\/v2\/types\/product"}],"replies":[{"embeddable":true,"href":"https:\/\/greenkingdom.ch\/de\/wp-json\/wp\/v2\/comments?post=21289"}],"version-history":[{"count":3,"href":"https:\/\/greenkingdom.ch\/de\/wp-json\/wp\/v2\/product\/21289\/revisions"}],"predecessor-version":[{"id":27600,"href":"https:\/\/greenkingdom.ch\/de\/wp-json\/wp\/v2\/product\/21289\/revisions\/27600"}],"wp:featuredmedia":[{"embeddable":true,"href":"https:\/\/greenkingdom.ch\/de\/wp-json\/wp\/v2\/media\/21293"}],"wp:attachment":[{"href":"https:\/\/greenkingdom.ch\/de\/wp-json\/wp\/v2\/media?parent=21289"}],"wp:term":[{"taxonomy":"product_brand","embeddable":true,"href":"https:\/\/greenkingdom.ch\/de\/wp-json\/wp\/v2\/product_brand?post=21289"},{"taxonomy":"product_cat","embeddable":true,"href":"https:\/\/greenkingdom.ch\/de\/wp-json\/wp\/v2\/product_cat?post=21289"},{"taxonomy":"product_tag","embeddable":true,"href":"https:\/\/greenkingdom.ch\/de\/wp-json\/wp\/v2\/product_tag?post=21289"}],"curies":[{"name":"wp","href":"https:\/\/api.w.org\/{rel}","templated":true}]}}