{"id":21301,"date":"2024-12-03T16:29:09","date_gmt":"2024-12-03T15:29:09","guid":{"rendered":"https:\/\/greenkingdom.ch\/?post_type=product&#038;p=21301"},"modified":"2025-01-02T15:29:50","modified_gmt":"2025-01-02T14:29:50","slug":"f-max-starter-royal-all-5l","status":"publish","type":"product","link":"https:\/\/greenkingdom.ch\/de\/produkt\/f-max-starter-royal-all-5l\/","title":{"rendered":"F-Max Starter Set Royal A + B 5L"},"content":{"rendered":"<p>Mit dem <strong>Royal Starter Set A + B 5L<\/strong> bist Du perfekt f\u00fcr den Anbau auf einer Fl\u00e4che von <strong>240&#215;120 cm<\/strong> ger\u00fcstet. Dieses komplette Set enth\u00e4lt alle notwendigen Produkte, um alle Bed\u00fcrfnisse Ihrer Pflanzen abzudecken, unabh\u00e4ngig von der Art des verwendeten Substrats. <\/p>\n<h3>Produktinhalt:<\/h3>\n<ul>\n<li>1x 250 ml <strong>Silikon Behandlung<\/strong><\/li>\n<li>1x 1000 ml <strong>Enzyme<\/strong><\/li>\n<li>1x 1000 ml <strong>PK Boost<\/strong><\/li>\n<li>1x 1000 ml <strong>Roots Expander<\/strong><\/li>\n<li>1x 1000 ml <strong>XL-Cel<\/strong><\/li>\n<li>1x 5 L <strong>Royal A + B<\/strong><\/li>\n<li>10 Final <strong>Kick<\/strong> Beutel<\/li>\n<\/ul>\n<p>Dieses Set stellt sicher, dass Du alles hast, was Du brauchst, um das Wachstum, die Bl\u00fcte und die Gesundheit Deiner Pflanzen w\u00e4hrend des gesamten Wachstumszyklus zu maximieren. Eine ideale Wahl f\u00fcr Z\u00fcchter, die auf gr\u00f6\u00dferen Fl\u00e4chen optimale Ergebnisse erzielen m\u00f6chten. <\/p>\n","protected":false},"excerpt":{"rendered":"<p>Mit dem Royal Starter Set A + B 5L bist Du perfekt f\u00fcr den Anbau auf einer Fl\u00e4che von 240&#215;120 cm ger\u00fcstet. Dieses komplette Set enth\u00e4lt alle notwendigen Produkte, um alle Bed\u00fcrfnisse Ihrer Pflanzen abzudecken, unabh\u00e4ngig von der Art des verwendeten Substrats. Produktinhalt: 1x 250 ml Silikon Behandlung 1x 1000 ml Enzyme 1x 1000 ml [&hellip;]<\/p>\n","protected":false},"featured_media":21309,"comment_status":"open","ping_status":"closed","template":"","meta":{"_seopress_robots_primary_cat":"none","_seopress_titles_title":"F-Max Starter Set Royal A + B (5L) - Gr\u00fcnes K\u00f6nigreich","_seopress_titles_desc":"Das Royal Starter Set A + B 5L ist ideal f\u00fcr einen Grow von 240x120 cm und enth\u00e4lt alle notwendigen Zusatzstoffe f\u00fcr Kokos, Hydrokultur oder Bodenbearbeitung.","_seopress_robots_index":""},"product_brand":[],"product_cat":[682],"product_tag":[686],"class_list":{"0":"post-21301","1":"product","2":"type-product","3":"status-publish","4":"has-post-thumbnail","6":"product_cat-f-max-de","7":"product_tag-f-max-de","10":"instock","11":"taxable","12":"shipping-taxable","13":"purchasable","14":"product-type-simple","15":"product-grid-view"},"_links":{"self":[{"href":"https:\/\/greenkingdom.ch\/de\/wp-json\/wp\/v2\/product\/21301","targetHints":{"allow":["GET"]}}],"collection":[{"href":"https:\/\/greenkingdom.ch\/de\/wp-json\/wp\/v2\/product"}],"about":[{"href":"https:\/\/greenkingdom.ch\/de\/wp-json\/wp\/v2\/types\/product"}],"replies":[{"embeddable":true,"href":"https:\/\/greenkingdom.ch\/de\/wp-json\/wp\/v2\/comments?post=21301"}],"version-history":[{"count":5,"href":"https:\/\/greenkingdom.ch\/de\/wp-json\/wp\/v2\/product\/21301\/revisions"}],"predecessor-version":[{"id":27605,"href":"https:\/\/greenkingdom.ch\/de\/wp-json\/wp\/v2\/product\/21301\/revisions\/27605"}],"wp:featuredmedia":[{"embeddable":true,"href":"https:\/\/greenkingdom.ch\/de\/wp-json\/wp\/v2\/media\/21309"}],"wp:attachment":[{"href":"https:\/\/greenkingdom.ch\/de\/wp-json\/wp\/v2\/media?parent=21301"}],"wp:term":[{"taxonomy":"product_brand","embeddable":true,"href":"https:\/\/greenkingdom.ch\/de\/wp-json\/wp\/v2\/product_brand?post=21301"},{"taxonomy":"product_cat","embeddable":true,"href":"https:\/\/greenkingdom.ch\/de\/wp-json\/wp\/v2\/product_cat?post=21301"},{"taxonomy":"product_tag","embeddable":true,"href":"https:\/\/greenkingdom.ch\/de\/wp-json\/wp\/v2\/product_tag?post=21301"}],"curies":[{"name":"wp","href":"https:\/\/api.w.org\/{rel}","templated":true}]}}