{"id":21322,"date":"2024-12-03T16:48:31","date_gmt":"2024-12-03T15:48:31","guid":{"rendered":"https:\/\/greenkingdom.ch\/?post_type=product&#038;p=21322"},"modified":"2025-01-02T15:29:56","modified_gmt":"2025-01-02T14:29:56","slug":"f-max-starter-set-royal-a-b-1l","status":"publish","type":"product","link":"https:\/\/greenkingdom.ch\/de\/produkt\/f-max-starter-set-royal-a-b-1l\/","title":{"rendered":"F-Max Starter Set Royal A + B 1L"},"content":{"rendered":"<p><strong>Das Starter Set Royal A + B 1L<\/strong> ist ideal f\u00fcr einen 120x120cm Grow und enth\u00e4lt alle notwendigen Zus\u00e4tze f\u00fcr <strong>Corising<\/strong>, <strong>Hydrokultur<\/strong> oder <strong>Bodenbearbeitung<\/strong>.<\/p>\n<h3>Produktinhalt:<\/h3>\n<ul>\n<li>1x 250 ml <strong>Enzyme<\/strong><\/li>\n<li>1x 250 ml <strong>PK Boost<\/strong><\/li>\n<li>1x 250 ml <strong>Espansore pro radici<\/strong> (Wurzelstimulator)<\/li>\n<li>1x 250 ml <strong>XL-Cel<\/strong><\/li>\n<li>1x 1 L <strong>Royal A + B<\/strong><\/li>\n<li>3 Beutel <strong>Final Calcium<\/strong><\/li>\n<\/ul>\n<p>Dieses komplette Set erm\u00f6glicht es Dir, Deinen Anbau mit allen N\u00e4hrstoffen und Stimulanzien zu beginnen, die Du f\u00fcr ein optimales Wachstum und eine \u00fcppige Bl\u00fcte ben\u00f6tigst.<\/p>\n","protected":false},"excerpt":{"rendered":"<p>Das Starter Set Royal A + B 1L ist ideal f\u00fcr einen 120x120cm Grow und enth\u00e4lt alle notwendigen Zus\u00e4tze f\u00fcr Corising, Hydrokultur oder Bodenbearbeitung. Produktinhalt: 1x 250 ml Enzyme 1x 250 ml PK Boost 1x 250 ml Espansore pro radici (Wurzelstimulator) 1x 250 ml XL-Cel 1x 1 L Royal A + B 3 Beutel Final [&hellip;]<\/p>\n","protected":false},"featured_media":21309,"comment_status":"open","ping_status":"closed","template":"","meta":{"_seopress_robots_primary_cat":"none","_seopress_titles_title":"F-Max Starter Set Royal A + B (1L) - Gr\u00fcnes K\u00f6nigreich","_seopress_titles_desc":"Das Royal Starter Set A + B 1L ist ideal f\u00fcr einen 120x120 cm gro\u00dfen Grow und enth\u00e4lt alle notwendigen Zus\u00e4tze f\u00fcr den Kokos-, Hydrokultur- oder Erdanbau.","_seopress_robots_index":""},"product_brand":[],"product_cat":[682],"product_tag":[686],"class_list":{"0":"post-21322","1":"product","2":"type-product","3":"status-publish","4":"has-post-thumbnail","6":"product_cat-f-max-de","7":"product_tag-f-max-de","10":"instock","11":"taxable","12":"shipping-taxable","13":"purchasable","14":"product-type-simple","15":"product-grid-view"},"_links":{"self":[{"href":"https:\/\/greenkingdom.ch\/de\/wp-json\/wp\/v2\/product\/21322","targetHints":{"allow":["GET"]}}],"collection":[{"href":"https:\/\/greenkingdom.ch\/de\/wp-json\/wp\/v2\/product"}],"about":[{"href":"https:\/\/greenkingdom.ch\/de\/wp-json\/wp\/v2\/types\/product"}],"replies":[{"embeddable":true,"href":"https:\/\/greenkingdom.ch\/de\/wp-json\/wp\/v2\/comments?post=21322"}],"version-history":[{"count":3,"href":"https:\/\/greenkingdom.ch\/de\/wp-json\/wp\/v2\/product\/21322\/revisions"}],"predecessor-version":[{"id":27611,"href":"https:\/\/greenkingdom.ch\/de\/wp-json\/wp\/v2\/product\/21322\/revisions\/27611"}],"wp:featuredmedia":[{"embeddable":true,"href":"https:\/\/greenkingdom.ch\/de\/wp-json\/wp\/v2\/media\/21309"}],"wp:attachment":[{"href":"https:\/\/greenkingdom.ch\/de\/wp-json\/wp\/v2\/media?parent=21322"}],"wp:term":[{"taxonomy":"product_brand","embeddable":true,"href":"https:\/\/greenkingdom.ch\/de\/wp-json\/wp\/v2\/product_brand?post=21322"},{"taxonomy":"product_cat","embeddable":true,"href":"https:\/\/greenkingdom.ch\/de\/wp-json\/wp\/v2\/product_cat?post=21322"},{"taxonomy":"product_tag","embeddable":true,"href":"https:\/\/greenkingdom.ch\/de\/wp-json\/wp\/v2\/product_tag?post=21322"}],"curies":[{"name":"wp","href":"https:\/\/api.w.org\/{rel}","templated":true}]}}