{"id":21330,"date":"2024-12-03T16:52:24","date_gmt":"2024-12-03T15:52:24","guid":{"rendered":"https:\/\/greenkingdom.ch\/?post_type=product&#038;p=21330"},"modified":"2025-01-02T15:29:54","modified_gmt":"2025-01-02T14:29:54","slug":"f-max-starter-set-royal-terra-1l","status":"publish","type":"product","link":"https:\/\/greenkingdom.ch\/de\/produkt\/f-max-starter-set-royal-terra-1l\/","title":{"rendered":"F-Max Startpackung Royal Terra 1L"},"content":{"rendered":"<p>Mit dem <strong>Royal Terra 1L Starter Set<\/strong> bist Du perfekt f\u00fcr den Anbau auf einer Fl\u00e4che von <strong>120&#215;120 cm<\/strong> ger\u00fcstet und hast alle notwendigen Zus\u00e4tze f\u00fcr den <strong>Anbau in Erde<\/strong>.<\/p>\n<h3>Produktinhalt:<\/h3>\n<ul>\n<li>1x 250 ml <strong>Enzyme<\/strong><\/li>\n<li>1x 250 ml <strong>PK Boost<\/strong><\/li>\n<li>1x 250 ml <strong>Wurzeln Expander<\/strong><\/li>\n<li>1x 250 ml <strong>XL-Cel<\/strong><\/li>\n<li>1x 1 L <strong>Royal Terra<\/strong><\/li>\n<li>3 Beutel <strong>Final Kick<\/strong><\/li>\n<\/ul>\n<p>Dieses Set bietet Ihnen alles, was Sie f\u00fcr ein optimales Wachstum und eine \u00fcppige Bl\u00fcte im Boden ben\u00f6tigen, um die Gesundheit und Vitalit\u00e4t Ihrer Pflanzen w\u00e4hrend des gesamten Zyklus zu gew\u00e4hrleisten.<\/p>\n","protected":false},"excerpt":{"rendered":"<p>Mit dem Royal Terra 1L Starter Set bist Du perfekt f\u00fcr den Anbau auf einer Fl\u00e4che von 120&#215;120 cm ger\u00fcstet und hast alle notwendigen Zus\u00e4tze f\u00fcr den Anbau in Erde. Produktinhalt: 1x 250 ml Enzyme 1x 250 ml PK Boost 1x 250 ml Wurzeln Expander 1x 250 ml XL-Cel 1x 1 L Royal Terra 3 [&hellip;]<\/p>\n","protected":false},"featured_media":21342,"comment_status":"open","ping_status":"closed","template":"","meta":{"_seopress_robots_primary_cat":"none","_seopress_titles_title":"F-Max Starter Set Royal A + B (1L) - Gr\u00fcnes K\u00f6nigreich","_seopress_titles_desc":"Mit dem Royal Terra 1L Starter Set bist Du perfekt f\u00fcr den Anbau auf einer Fl\u00e4che von 120x120 cm ger\u00fcstet und hast alle notwendigen Zus\u00e4tze f\u00fcr den Anbau in Erde.","_seopress_robots_index":""},"product_brand":[],"product_cat":[682],"product_tag":[686],"class_list":{"0":"post-21330","1":"product","2":"type-product","3":"status-publish","4":"has-post-thumbnail","6":"product_cat-f-max-de","7":"product_tag-f-max-de","10":"instock","11":"taxable","12":"shipping-taxable","13":"purchasable","14":"product-type-simple","15":"product-grid-view"},"_links":{"self":[{"href":"https:\/\/greenkingdom.ch\/de\/wp-json\/wp\/v2\/product\/21330","targetHints":{"allow":["GET"]}}],"collection":[{"href":"https:\/\/greenkingdom.ch\/de\/wp-json\/wp\/v2\/product"}],"about":[{"href":"https:\/\/greenkingdom.ch\/de\/wp-json\/wp\/v2\/types\/product"}],"replies":[{"embeddable":true,"href":"https:\/\/greenkingdom.ch\/de\/wp-json\/wp\/v2\/comments?post=21330"}],"version-history":[{"count":4,"href":"https:\/\/greenkingdom.ch\/de\/wp-json\/wp\/v2\/product\/21330\/revisions"}],"predecessor-version":[{"id":27608,"href":"https:\/\/greenkingdom.ch\/de\/wp-json\/wp\/v2\/product\/21330\/revisions\/27608"}],"wp:featuredmedia":[{"embeddable":true,"href":"https:\/\/greenkingdom.ch\/de\/wp-json\/wp\/v2\/media\/21342"}],"wp:attachment":[{"href":"https:\/\/greenkingdom.ch\/de\/wp-json\/wp\/v2\/media?parent=21330"}],"wp:term":[{"taxonomy":"product_brand","embeddable":true,"href":"https:\/\/greenkingdom.ch\/de\/wp-json\/wp\/v2\/product_brand?post=21330"},{"taxonomy":"product_cat","embeddable":true,"href":"https:\/\/greenkingdom.ch\/de\/wp-json\/wp\/v2\/product_cat?post=21330"},{"taxonomy":"product_tag","embeddable":true,"href":"https:\/\/greenkingdom.ch\/de\/wp-json\/wp\/v2\/product_tag?post=21330"}],"curies":[{"name":"wp","href":"https:\/\/api.w.org\/{rel}","templated":true}]}}