{"id":21346,"date":"2024-12-03T16:57:31","date_gmt":"2024-12-03T15:57:31","guid":{"rendered":"https:\/\/greenkingdom.ch\/?post_type=product&#038;p=21346"},"modified":"2024-12-05T12:14:34","modified_gmt":"2024-12-05T11:14:34","slug":"f-max-starter-set-royal-terra-5l","status":"publish","type":"product","link":"https:\/\/greenkingdom.ch\/de\/produkt\/f-max-starter-set-royal-terra-5l\/","title":{"rendered":"F-Max Starter Set Royal Terra 5L"},"content":{"rendered":"<p>Mit dem Royal Terra 5L Starter Set sind Sie perfekt f\u00fcr den Anbau auf einer Fl\u00e4che von 240&#215;120 cm ausger\u00fcstet. Dieses Komplettset enth\u00e4lt alle notwendigen Zus\u00e4tze f\u00fcr den Anbau in Erde und garantiert Ihnen so ein optimales Wachstum und eine \u00fcppige Bl\u00fcte.<\/p>\n<p>Inhalt des Produkts :<br \/>\n1x 250 ml Silikonbehandlung<br \/>\n1x 1000 ml Enzyme<br \/>\n1x 1000 ml PK Boost<br \/>\n1x 1000 ml Roots Expander<br \/>\n1x 1000 ml XL-Cel<br \/>\n1x 5 L Royal Terra<br \/>\n10 Beutel Final Kick<\/p>\n<p>Dieses Set wurde entwickelt, um die Gesundheit deiner Pflanzen und ihren Ertrag zu maximieren, indem es alle notwendigen N\u00e4hrstoffe und Stimulanzien \u00fcber den gesamten Anbauzyklus hinweg liefert. Ideal f\u00fcr Grower, die professionelle Ergebnisse auf gr\u00f6\u00dferen Fl\u00e4chen suchen.<\/p>\n","protected":false},"excerpt":{"rendered":"<p>Mit dem Royal Terra 5L Starter Set sind Sie perfekt f\u00fcr den Anbau auf einer Fl\u00e4che von 240&#215;120 cm ausger\u00fcstet. Dieses Komplettset enth\u00e4lt alle notwendigen Zus\u00e4tze f\u00fcr den Anbau in Erde und garantiert Ihnen so ein optimales Wachstum und eine \u00fcppige Bl\u00fcte. Inhalt des Produkts : 1x 250 ml Silikonbehandlung 1x 1000 ml Enzyme 1x [&hellip;]<\/p>\n","protected":false},"featured_media":21342,"comment_status":"open","ping_status":"closed","template":"","meta":{"_seopress_robots_primary_cat":"none","_seopress_titles_title":"F-Max Starter Set Royal A + B (5L) - Green Kingdom","_seopress_titles_desc":"Mit dem Royal Terra 5L Starter Set sind Sie perfekt f\u00fcr den Anbau auf einer Fl\u00e4che von 240x120 cm ausger\u00fcstet. Dieses Komplettset enth\u00e4lt alle notwendigen Zus\u00e4tze f\u00fcr den Anbau in Erde und garantiert Ihnen so ein optimales Wachstum und eine \u00fcppige Bl\u00fcte.","_seopress_robots_index":""},"product_brand":[],"product_cat":[682],"product_tag":[686],"class_list":{"0":"post-21346","1":"product","2":"type-product","3":"status-publish","4":"has-post-thumbnail","6":"product_cat-f-max-de","7":"product_tag-f-max-de","10":"instock","11":"taxable","12":"shipping-taxable","13":"purchasable","14":"product-type-simple","15":"product-grid-view"},"_links":{"self":[{"href":"https:\/\/greenkingdom.ch\/de\/wp-json\/wp\/v2\/product\/21346","targetHints":{"allow":["GET"]}}],"collection":[{"href":"https:\/\/greenkingdom.ch\/de\/wp-json\/wp\/v2\/product"}],"about":[{"href":"https:\/\/greenkingdom.ch\/de\/wp-json\/wp\/v2\/types\/product"}],"replies":[{"embeddable":true,"href":"https:\/\/greenkingdom.ch\/de\/wp-json\/wp\/v2\/comments?post=21346"}],"version-history":[{"count":2,"href":"https:\/\/greenkingdom.ch\/de\/wp-json\/wp\/v2\/product\/21346\/revisions"}],"predecessor-version":[{"id":21541,"href":"https:\/\/greenkingdom.ch\/de\/wp-json\/wp\/v2\/product\/21346\/revisions\/21541"}],"wp:featuredmedia":[{"embeddable":true,"href":"https:\/\/greenkingdom.ch\/de\/wp-json\/wp\/v2\/media\/21342"}],"wp:attachment":[{"href":"https:\/\/greenkingdom.ch\/de\/wp-json\/wp\/v2\/media?parent=21346"}],"wp:term":[{"taxonomy":"product_brand","embeddable":true,"href":"https:\/\/greenkingdom.ch\/de\/wp-json\/wp\/v2\/product_brand?post=21346"},{"taxonomy":"product_cat","embeddable":true,"href":"https:\/\/greenkingdom.ch\/de\/wp-json\/wp\/v2\/product_cat?post=21346"},{"taxonomy":"product_tag","embeddable":true,"href":"https:\/\/greenkingdom.ch\/de\/wp-json\/wp\/v2\/product_tag?post=21346"}],"curies":[{"name":"wp","href":"https:\/\/api.w.org\/{rel}","templated":true}]}}