{"id":21366,"date":"2024-12-03T17:05:30","date_gmt":"2024-12-03T16:05:30","guid":{"rendered":"https:\/\/greenkingdom.ch\/?post_type=product&#038;p=21366"},"modified":"2024-12-05T12:12:41","modified_gmt":"2024-12-05T11:12:41","slug":"f-max-top-factor-500ml","status":"publish","type":"product","link":"https:\/\/greenkingdom.ch\/de\/produkt\/f-max-top-factor-500ml\/","title":{"rendered":"F-Max Top Factor 500ml"},"content":{"rendered":"<p>Der Top Factor an der Spitze<\/p>\n<p>Der Top Factor ist ein starker, einzigartiger Bl\u00fcte- und Reifungsstimulator, der auf der Basis von Aminos\u00e4uren und L-Aminos formuliert ist. Es wurde entwickelt, um eine explosive Bl\u00fcte zu induzieren und die Zuckerproduktion zu f\u00f6rdern, wodurch die Fr\u00fcchte und Bl\u00fcten h\u00e4rter und schwerer werden.<\/p>\n<p>Dieses Produkt enth\u00e4lt au\u00dferdem wichtige Mineralien wie Kalzium (Ca), Kalium (K), Magnesium (Mg) und Phosphor (P) sowie wichtige Spurenelemente wie Kupfer (Cu), Eisen (Fe) und Mangan (Mn).<\/p>\n<p>Art der Anwendung:<br \/>\nVon der ersten Woche der Bl\u00fcte bis zum Ende der Bl\u00fcte: Geben Sie 50 ml Top Factor auf 100 L Wasser.<br \/>\nWoche 6 und Woche 7: Erh\u00f6hen Sie die Dosis auf 100 ml pro 100 L Wasser.<br \/>\nEmpfohlener pH-Wert: 5,8.<br \/>\nVerwenden Sie die L\u00f6sung innerhalb von 3 Tagen nach der Zubereitung.<br \/>\nDieses Produkt ist mit allen N\u00e4hrmedien kompatibel und kann auch mit \u00e4lteren Grundd\u00fcngern verwendet werden.<br \/>\nHinweise zur Lagerung :<br \/>\nVor Gebrauch gut sch\u00fctteln.<br \/>\nFrostfrei, k\u00fchl und lichtgesch\u00fctzt lagern.<br \/>\nLagertemperatur: zwischen 7\u00b0C und 30\u00b0C.<br \/>\nZusammensetzung :<br \/>\nGesamtstickstoff (NH4): 0,42%.<br \/>\nWasserl\u00f6sliches Phosphat (P\u2082O\u2085): 3,37%.<br \/>\nKaliumoxid (K\u2082O): 2,71%.<br \/>\nKalziumoxid (CaO): 5,8%.<br \/>\nSchwefeltrioxid (SO\u2083): 0,66%.<\/p>\n<p>Top Factor ist eine ideale PK-D\u00fcngerl\u00f6sung, um die Bl\u00fcte anzuregen und die Qualit\u00e4t Ihrer Ernte zu verbessern, indem sie einen hohen N\u00e4hrstoffgehalt und eine bessere Widerstandsf\u00e4higkeit der Fr\u00fcchte und Bl\u00fcten gew\u00e4hrleistet.<\/p>\n","protected":false},"excerpt":{"rendered":"<p>Der Top Factor an der Spitze Der Top Factor ist ein starker, einzigartiger Bl\u00fcte- und Reifungsstimulator, der auf der Basis von Aminos\u00e4uren und L-Aminos formuliert ist. Es wurde entwickelt, um eine explosive Bl\u00fcte zu induzieren und die Zuckerproduktion zu f\u00f6rdern, wodurch die Fr\u00fcchte und Bl\u00fcten h\u00e4rter und schwerer werden. Dieses Produkt enth\u00e4lt au\u00dferdem wichtige Mineralien [&hellip;]<\/p>\n","protected":false},"featured_media":21378,"comment_status":"open","ping_status":"closed","template":"","meta":{"_seopress_robots_primary_cat":"none","_seopress_titles_title":"F-Max Top Factor (500ml) - Green Kingdom","_seopress_titles_desc":"Der Top Factor ist ein starker, einzigartiger Bl\u00fcte- und Reifungsstimulator, der auf der Basis von Aminos\u00e4uren und L-Aminos formuliert ist. Es wurde entwickelt, um eine explosive Bl\u00fcte zu induzieren und die Zuckerproduktion zu f\u00f6rdern, wodurch die Fr\u00fcchte und Bl\u00fcten h\u00e4rter und schwerer werden.","_seopress_robots_index":""},"product_brand":[],"product_cat":[682],"product_tag":[686],"class_list":{"0":"post-21366","1":"product","2":"type-product","3":"status-publish","4":"has-post-thumbnail","6":"product_cat-f-max-de","7":"product_tag-f-max-de","10":"instock","11":"taxable","12":"shipping-taxable","13":"purchasable","14":"product-type-simple","15":"product-grid-view"},"_links":{"self":[{"href":"https:\/\/greenkingdom.ch\/de\/wp-json\/wp\/v2\/product\/21366","targetHints":{"allow":["GET"]}}],"collection":[{"href":"https:\/\/greenkingdom.ch\/de\/wp-json\/wp\/v2\/product"}],"about":[{"href":"https:\/\/greenkingdom.ch\/de\/wp-json\/wp\/v2\/types\/product"}],"replies":[{"embeddable":true,"href":"https:\/\/greenkingdom.ch\/de\/wp-json\/wp\/v2\/comments?post=21366"}],"version-history":[{"count":2,"href":"https:\/\/greenkingdom.ch\/de\/wp-json\/wp\/v2\/product\/21366\/revisions"}],"predecessor-version":[{"id":21539,"href":"https:\/\/greenkingdom.ch\/de\/wp-json\/wp\/v2\/product\/21366\/revisions\/21539"}],"wp:featuredmedia":[{"embeddable":true,"href":"https:\/\/greenkingdom.ch\/de\/wp-json\/wp\/v2\/media\/21378"}],"wp:attachment":[{"href":"https:\/\/greenkingdom.ch\/de\/wp-json\/wp\/v2\/media?parent=21366"}],"wp:term":[{"taxonomy":"product_brand","embeddable":true,"href":"https:\/\/greenkingdom.ch\/de\/wp-json\/wp\/v2\/product_brand?post=21366"},{"taxonomy":"product_cat","embeddable":true,"href":"https:\/\/greenkingdom.ch\/de\/wp-json\/wp\/v2\/product_cat?post=21366"},{"taxonomy":"product_tag","embeddable":true,"href":"https:\/\/greenkingdom.ch\/de\/wp-json\/wp\/v2\/product_tag?post=21366"}],"curies":[{"name":"wp","href":"https:\/\/api.w.org\/{rel}","templated":true}]}}