{"id":21390,"date":"2024-12-03T17:10:15","date_gmt":"2024-12-03T16:10:15","guid":{"rendered":"https:\/\/greenkingdom.ch\/?post_type=product&#038;p=21390"},"modified":"2024-12-05T12:10:43","modified_gmt":"2024-12-05T11:10:43","slug":"f-max-top-factor-xl-cel-250ml","status":"publish","type":"product","link":"https:\/\/greenkingdom.ch\/de\/produkt\/f-max-top-factor-xl-cel-250ml\/","title":{"rendered":"F-Max XL CEL 250 ml"},"content":{"rendered":"<p>XL-Cel Bloom Stimulator von F-Max ist ein starker Bl\u00fcte- und Reifungsstimulator. Es optimiert den Zuckertransport in der Pflanze und f\u00f6rdert so die Produktion von kompakten, dichten, aromatischen und schweren Bl\u00fcten.<\/p>\n<p>Dieses Produkt wurde speziell entwickelt, um robustere und qualitativ hochwertigere Bl\u00fcten zu gew\u00e4hrleisten und gleichzeitig deren Duft und Geschmack zu intensivieren.<\/p>\n<p>Hauptmerkmale :<br \/>\nOptimierung des Zuckertransports f\u00fcr schwerere und s\u00fc\u00dfere Bl\u00fcten.<br \/>\nDank seiner faserfreien Formulierung ideal f\u00fcr alle Bew\u00e4sserungssysteme.<br \/>\nKann in Kombination mit jedem anderen Bl\u00fctend\u00fcnger verwendet werden, was ihn sehr vielseitig macht.<\/p>\n<p>XL-Cel Bloom Stimulator ist eine ideale L\u00f6sung, um die Qualit\u00e4t Ihrer Ernte zu maximieren und au\u00dfergew\u00f6hnliche Bl\u00fchergebnisse zu erzielen.<\/p>\n","protected":false},"excerpt":{"rendered":"<p>XL-Cel Bloom Stimulator von F-Max ist ein starker Bl\u00fcte- und Reifungsstimulator. Es optimiert den Zuckertransport in der Pflanze und f\u00f6rdert so die Produktion von kompakten, dichten, aromatischen und schweren Bl\u00fcten. Dieses Produkt wurde speziell entwickelt, um robustere und qualitativ hochwertigere Bl\u00fcten zu gew\u00e4hrleisten und gleichzeitig deren Duft und Geschmack zu intensivieren. Hauptmerkmale : Optimierung des [&hellip;]<\/p>\n","protected":false},"featured_media":21394,"comment_status":"open","ping_status":"closed","template":"","meta":{"_seopress_robots_primary_cat":"none","_seopress_titles_title":"F-Max XL CEL (250 ml) - Green Kingdom","_seopress_titles_desc":"XL-Cel Bloom Stimulator von F-Max ist ein starker Bl\u00fcte- und Reifungsstimulator. Es optimiert den Zuckertransport in der Pflanze und f\u00f6rdert so die Produktion von kompakten, dichten, aromatischen und schweren Bl\u00fcten.","_seopress_robots_index":""},"product_brand":[],"product_cat":[682],"product_tag":[686],"class_list":{"0":"post-21390","1":"product","2":"type-product","3":"status-publish","4":"has-post-thumbnail","6":"product_cat-f-max-de","7":"product_tag-f-max-de","10":"instock","11":"taxable","12":"shipping-taxable","13":"purchasable","14":"product-type-simple","15":"product-grid-view"},"_links":{"self":[{"href":"https:\/\/greenkingdom.ch\/de\/wp-json\/wp\/v2\/product\/21390","targetHints":{"allow":["GET"]}}],"collection":[{"href":"https:\/\/greenkingdom.ch\/de\/wp-json\/wp\/v2\/product"}],"about":[{"href":"https:\/\/greenkingdom.ch\/de\/wp-json\/wp\/v2\/types\/product"}],"replies":[{"embeddable":true,"href":"https:\/\/greenkingdom.ch\/de\/wp-json\/wp\/v2\/comments?post=21390"}],"version-history":[{"count":2,"href":"https:\/\/greenkingdom.ch\/de\/wp-json\/wp\/v2\/product\/21390\/revisions"}],"predecessor-version":[{"id":21537,"href":"https:\/\/greenkingdom.ch\/de\/wp-json\/wp\/v2\/product\/21390\/revisions\/21537"}],"wp:featuredmedia":[{"embeddable":true,"href":"https:\/\/greenkingdom.ch\/de\/wp-json\/wp\/v2\/media\/21394"}],"wp:attachment":[{"href":"https:\/\/greenkingdom.ch\/de\/wp-json\/wp\/v2\/media?parent=21390"}],"wp:term":[{"taxonomy":"product_brand","embeddable":true,"href":"https:\/\/greenkingdom.ch\/de\/wp-json\/wp\/v2\/product_brand?post=21390"},{"taxonomy":"product_cat","embeddable":true,"href":"https:\/\/greenkingdom.ch\/de\/wp-json\/wp\/v2\/product_cat?post=21390"},{"taxonomy":"product_tag","embeddable":true,"href":"https:\/\/greenkingdom.ch\/de\/wp-json\/wp\/v2\/product_tag?post=21390"}],"curies":[{"name":"wp","href":"https:\/\/api.w.org\/{rel}","templated":true}]}}