{"id":21515,"date":"2024-12-05T11:54:11","date_gmt":"2024-12-05T10:54:11","guid":{"rendered":"https:\/\/greenkingdom.ch\/?post_type=product&#038;p=21515"},"modified":"2024-12-05T11:59:02","modified_gmt":"2024-12-05T10:59:02","slug":"f-max-cleaner-1l","status":"publish","type":"product","link":"https:\/\/greenkingdom.ch\/de\/produkt\/f-max-cleaner-1l\/","title":{"rendered":"F-Max Cleaner 1L"},"content":{"rendered":"<p>F-Max Reiniger<\/p>\n<p>Das Produkt basiert auf 18,8% P2O5 und 6,3% K2O5, um eine Verunreinigung des Wassersystems und mineralische Ablagerungen im Bew\u00e4sserungssystem oder Tropfsystem zu verhindern. 100% sicher f\u00fcr Nutzpflanzen und Nutzer. Vor allem f\u00fcr Quell- und Leitungswasser.<\/p>\n<p>Bei Augenkontakt sofort mit reichlich Wasser sp\u00fclen und einen Arzt aufsuchen.<\/p>\n<p>Verwenden Sie die Restmengen entsprechend dem empfohlenen Verwendungszweck.<\/p>\n","protected":false},"excerpt":{"rendered":"<p>F-Max Reiniger Das Produkt basiert auf 18,8% P2O5 und 6,3% K2O5, um eine Verunreinigung des Wassersystems und mineralische Ablagerungen im Bew\u00e4sserungssystem oder Tropfsystem zu verhindern. 100% sicher f\u00fcr Nutzpflanzen und Nutzer. Vor allem f\u00fcr Quell- und Leitungswasser. Bei Augenkontakt sofort mit reichlich Wasser sp\u00fclen und einen Arzt aufsuchen. Verwenden Sie die Restmengen entsprechend dem empfohlenen [&hellip;]<\/p>\n","protected":false},"featured_media":21519,"comment_status":"open","ping_status":"closed","template":"","meta":{"_seopress_robots_primary_cat":"none","_seopress_titles_title":"F-Max Cleaner (1L) - Green Kingdom","_seopress_titles_desc":"Das Produkt basiert auf 18,8% P2O5 und 6,3% K2O5, um eine Verunreinigung des Wassersystems und mineralische Ablagerungen im Bew\u00e4sserungssystem oder Tropfsystem zu verhindern. 100% sicher f\u00fcr Nutzpflanzen und Nutzer. Vor allem f\u00fcr Quell- und Leitungswasser.","_seopress_robots_index":""},"product_brand":[],"product_cat":[682],"product_tag":[686],"class_list":{"0":"post-21515","1":"product","2":"type-product","3":"status-publish","4":"has-post-thumbnail","6":"product_cat-f-max-de","7":"product_tag-f-max-de","10":"instock","11":"taxable","12":"shipping-taxable","13":"purchasable","14":"product-type-simple","15":"product-grid-view"},"_links":{"self":[{"href":"https:\/\/greenkingdom.ch\/de\/wp-json\/wp\/v2\/product\/21515","targetHints":{"allow":["GET"]}}],"collection":[{"href":"https:\/\/greenkingdom.ch\/de\/wp-json\/wp\/v2\/product"}],"about":[{"href":"https:\/\/greenkingdom.ch\/de\/wp-json\/wp\/v2\/types\/product"}],"replies":[{"embeddable":true,"href":"https:\/\/greenkingdom.ch\/de\/wp-json\/wp\/v2\/comments?post=21515"}],"version-history":[{"count":3,"href":"https:\/\/greenkingdom.ch\/de\/wp-json\/wp\/v2\/product\/21515\/revisions"}],"predecessor-version":[{"id":21532,"href":"https:\/\/greenkingdom.ch\/de\/wp-json\/wp\/v2\/product\/21515\/revisions\/21532"}],"wp:featuredmedia":[{"embeddable":true,"href":"https:\/\/greenkingdom.ch\/de\/wp-json\/wp\/v2\/media\/21519"}],"wp:attachment":[{"href":"https:\/\/greenkingdom.ch\/de\/wp-json\/wp\/v2\/media?parent=21515"}],"wp:term":[{"taxonomy":"product_brand","embeddable":true,"href":"https:\/\/greenkingdom.ch\/de\/wp-json\/wp\/v2\/product_brand?post=21515"},{"taxonomy":"product_cat","embeddable":true,"href":"https:\/\/greenkingdom.ch\/de\/wp-json\/wp\/v2\/product_cat?post=21515"},{"taxonomy":"product_tag","embeddable":true,"href":"https:\/\/greenkingdom.ch\/de\/wp-json\/wp\/v2\/product_tag?post=21515"}],"curies":[{"name":"wp","href":"https:\/\/api.w.org\/{rel}","templated":true}]}}