{"id":21670,"date":"2024-12-07T10:35:01","date_gmt":"2024-12-07T09:35:01","guid":{"rendered":"https:\/\/greenkingdom.ch\/?post_type=product&#038;p=21670"},"modified":"2024-12-10T11:24:36","modified_gmt":"2024-12-10T10:24:36","slug":"biobizz-bio-grow-5l","status":"publish","type":"product","link":"https:\/\/greenkingdom.ch\/de\/produkt\/biobizz-bio-grow-5l\/","title":{"rendered":"BioBizz Bio Grow 5L"},"content":{"rendered":"<p>Sie k\u00f6nnen diesen Fl\u00fcssigd\u00fcnger auf die meisten Arten von B\u00f6den und Substratmischungen auftragen. Seine Zusammensetzung basiert auf einem 100% biologischen Extrakt aus niederl\u00e4ndischen Zuckerr\u00fcben, die allgemein als Vinasse bekannt sind. Dieses Nebenprodukt von R\u00fcben- oder Zuckerrohrzucker wird durch einen nat\u00fcrlichen Fermentationsprozess gewonnen. Die St\u00e4rke im Zucker wird dann mit Enzymen verarbeitet, um Glukose zu produzieren, die in Kombination mit anderen Pflanzenn\u00e4hrstoffen dazu beitr\u00e4gt, eine reichhaltige Nahrungsquelle f\u00fcr Bodenmikroorganismen zu schaffen und die Bodenfruchtbarkeit zu f\u00f6rdern. Die nat\u00fcrlichen Zucker und Kalium, die in Bio\u00b7 Grow aktiviert die bakterielle Flora des Substrats, um Ihnen eine reiche Ernte von s\u00fc\u00dfen und k\u00f6stlichen Fr\u00fcchten zu garantieren. Biografie\u00b7 Grow ist ein Volld\u00fcnger, den Sie w\u00e4hrend der gesamten Wachstumsphase verwenden k\u00f6nnen. Beginnen Sie mit der Anwendung, sobald die ersten Bl\u00e4tter erscheinen, bis die Pflanze eine H\u00f6he von 10 bis 15 cm erreicht. Verwenden Sie Bio-Grow dann bis zum Ende der Obstproduktion. EAN-Barcode: 8718403231175<\/p>\n","protected":false},"excerpt":{"rendered":"<p>Sie k\u00f6nnen diesen Fl\u00fcssigd\u00fcnger auf die meisten Arten von B\u00f6den und Substratmischungen auftragen. Seine Zusammensetzung basiert auf einem 100% biologischen Extrakt aus niederl\u00e4ndischen Zuckerr\u00fcben, die allgemein als Vinasse bekannt sind. Dieses Nebenprodukt von R\u00fcben- oder Zuckerrohrzucker wird durch einen nat\u00fcrlichen Fermentationsprozess gewonnen. Die St\u00e4rke im Zucker wird dann mit Enzymen verarbeitet, um Glukose zu produzieren, [&hellip;]<\/p>\n","protected":false},"featured_media":21674,"comment_status":"open","ping_status":"closed","template":"","meta":{"_seopress_robots_primary_cat":"none","_seopress_titles_title":"BioBizz Bio Grow (5L) - Green Kingdom","_seopress_titles_desc":"Sie k\u00f6nnen diesen Fl\u00fcssigd\u00fcnger auf die meisten Arten von B\u00f6den und Substratmischungen auftragen. Seine Zusammensetzung basiert auf einem 100% biologischen Extrakt aus niederl\u00e4ndischen Zuckerr\u00fcben, die allgemein als Vinasse bekannt sind. Dieses Nebenprodukt von R\u00fcben- oder Zuckerrohrzucker wird durch einen nat\u00fcrlichen Fermentationsprozess gewonnen.","_seopress_robots_index":""},"product_brand":[],"product_cat":[571],"product_tag":[],"class_list":{"0":"post-21670","1":"product","2":"type-product","3":"status-publish","4":"has-post-thumbnail","6":"product_cat-biobizz-de","9":"instock","10":"taxable","11":"shipping-taxable","12":"purchasable","13":"product-type-simple","14":"product-grid-view"},"_links":{"self":[{"href":"https:\/\/greenkingdom.ch\/de\/wp-json\/wp\/v2\/product\/21670","targetHints":{"allow":["GET"]}}],"collection":[{"href":"https:\/\/greenkingdom.ch\/de\/wp-json\/wp\/v2\/product"}],"about":[{"href":"https:\/\/greenkingdom.ch\/de\/wp-json\/wp\/v2\/types\/product"}],"replies":[{"embeddable":true,"href":"https:\/\/greenkingdom.ch\/de\/wp-json\/wp\/v2\/comments?post=21670"}],"version-history":[{"count":2,"href":"https:\/\/greenkingdom.ch\/de\/wp-json\/wp\/v2\/product\/21670\/revisions"}],"predecessor-version":[{"id":21904,"href":"https:\/\/greenkingdom.ch\/de\/wp-json\/wp\/v2\/product\/21670\/revisions\/21904"}],"wp:featuredmedia":[{"embeddable":true,"href":"https:\/\/greenkingdom.ch\/de\/wp-json\/wp\/v2\/media\/21674"}],"wp:attachment":[{"href":"https:\/\/greenkingdom.ch\/de\/wp-json\/wp\/v2\/media?parent=21670"}],"wp:term":[{"taxonomy":"product_brand","embeddable":true,"href":"https:\/\/greenkingdom.ch\/de\/wp-json\/wp\/v2\/product_brand?post=21670"},{"taxonomy":"product_cat","embeddable":true,"href":"https:\/\/greenkingdom.ch\/de\/wp-json\/wp\/v2\/product_cat?post=21670"},{"taxonomy":"product_tag","embeddable":true,"href":"https:\/\/greenkingdom.ch\/de\/wp-json\/wp\/v2\/product_tag?post=21670"}],"curies":[{"name":"wp","href":"https:\/\/api.w.org\/{rel}","templated":true}]}}