{"id":21690,"date":"2024-12-07T10:54:45","date_gmt":"2024-12-07T09:54:45","guid":{"rendered":"https:\/\/greenkingdom.ch\/?post_type=product&#038;p=21690"},"modified":"2024-12-10T11:21:40","modified_gmt":"2024-12-10T10:21:40","slug":"biobizz-bio-bloom-500ml","status":"publish","type":"product","link":"https:\/\/greenkingdom.ch\/de\/produkt\/biobizz-bio-bloom-500ml\/","title":{"rendered":"BioBizz Bio Bloom 500ml"},"content":{"rendered":"<p>M\u00f6chten Sie Ihren Garten \u00fcppig und Ihr Obst k\u00f6stlich machen? Entdecken Sie diesen wunderbaren fl\u00fcssigen organischen D\u00fcnger, der perfekt auf Stickstoff, Phosphor, Kalium, Enzyme und Aminos\u00e4uren abgestimmt ist. Angereichert mit Spurenelementen und Pflanzenhormonen f\u00f6rdert es das Wachstum robuster Pflanzen mit sch\u00f6nen Bl\u00fcten. Verwende Bio-Bloom pur, von der Bl\u00fcte bis zur Ernte, f\u00fcr au\u00dfergew\u00f6hnliche Ergebnisse. N\u00e4hren Sie Ihren Boden oder erdlose Pflanzen mit diesem von Biobizz empfohlenen Produkt. Hinweise zur Anwendung finden Sie in der N\u00e4hrwerttabelle. Stimulieren Sie die Bildung von Zwiebeln, Bl\u00fctenkelchen und Bl\u00fctenbl\u00e4ttern mit dieser Mischung aus Kalium und Phosphor. Lassen Sie die Natur mit diesem Qualit\u00e4tsprodukt ihre Arbeit machen.<\/p>\n","protected":false},"excerpt":{"rendered":"<p>M\u00f6chten Sie Ihren Garten \u00fcppig und Ihr Obst k\u00f6stlich machen? Entdecken Sie diesen wunderbaren fl\u00fcssigen organischen D\u00fcnger, der perfekt auf Stickstoff, Phosphor, Kalium, Enzyme und Aminos\u00e4uren abgestimmt ist. Angereichert mit Spurenelementen und Pflanzenhormonen f\u00f6rdert es das Wachstum robuster Pflanzen mit sch\u00f6nen Bl\u00fcten. Verwende Bio-Bloom pur, von der Bl\u00fcte bis zur Ernte, f\u00fcr au\u00dfergew\u00f6hnliche Ergebnisse. N\u00e4hren [&hellip;]<\/p>\n","protected":false},"featured_media":8761,"comment_status":"open","ping_status":"closed","template":"","meta":{"_seopress_robots_primary_cat":"none","_seopress_titles_title":"BioBizz Bio Bloom 500ml - Green Kingdom","_seopress_titles_desc":"Entdecken Sie diesen wunderbaren fl\u00fcssigen organischen D\u00fcnger, der perfekt auf Stickstoff, Phosphor, Kalium, Enzyme und Aminos\u00e4uren abgestimmt ist. Angereichert mit Spurenelementen und Pflanzenhormonen f\u00f6rdert es das Wachstum robuster Pflanzen mit sch\u00f6nen Bl\u00fcten.","_seopress_robots_index":""},"product_brand":[],"product_cat":[571],"product_tag":[],"class_list":{"0":"post-21690","1":"product","2":"type-product","3":"status-publish","4":"has-post-thumbnail","6":"product_cat-biobizz-de","9":"instock","10":"taxable","11":"shipping-taxable","12":"purchasable","13":"product-type-simple","14":"product-grid-view"},"_links":{"self":[{"href":"https:\/\/greenkingdom.ch\/de\/wp-json\/wp\/v2\/product\/21690","targetHints":{"allow":["GET"]}}],"collection":[{"href":"https:\/\/greenkingdom.ch\/de\/wp-json\/wp\/v2\/product"}],"about":[{"href":"https:\/\/greenkingdom.ch\/de\/wp-json\/wp\/v2\/types\/product"}],"replies":[{"embeddable":true,"href":"https:\/\/greenkingdom.ch\/de\/wp-json\/wp\/v2\/comments?post=21690"}],"version-history":[{"count":2,"href":"https:\/\/greenkingdom.ch\/de\/wp-json\/wp\/v2\/product\/21690\/revisions"}],"predecessor-version":[{"id":21901,"href":"https:\/\/greenkingdom.ch\/de\/wp-json\/wp\/v2\/product\/21690\/revisions\/21901"}],"wp:featuredmedia":[{"embeddable":true,"href":"https:\/\/greenkingdom.ch\/de\/wp-json\/wp\/v2\/media\/8761"}],"wp:attachment":[{"href":"https:\/\/greenkingdom.ch\/de\/wp-json\/wp\/v2\/media?parent=21690"}],"wp:term":[{"taxonomy":"product_brand","embeddable":true,"href":"https:\/\/greenkingdom.ch\/de\/wp-json\/wp\/v2\/product_brand?post=21690"},{"taxonomy":"product_cat","embeddable":true,"href":"https:\/\/greenkingdom.ch\/de\/wp-json\/wp\/v2\/product_cat?post=21690"},{"taxonomy":"product_tag","embeddable":true,"href":"https:\/\/greenkingdom.ch\/de\/wp-json\/wp\/v2\/product_tag?post=21690"}],"curies":[{"name":"wp","href":"https:\/\/api.w.org\/{rel}","templated":true}]}}