{"id":21787,"date":"2024-12-07T11:31:17","date_gmt":"2024-12-07T10:31:17","guid":{"rendered":"https:\/\/greenkingdom.ch\/?post_type=product&#038;p=21787"},"modified":"2024-12-07T15:00:23","modified_gmt":"2024-12-07T14:00:23","slug":"biobizz-calmag-5l","status":"publish","type":"product","link":"https:\/\/greenkingdom.ch\/de\/produkt\/biobizz-calmag-5l\/","title":{"rendered":"BioBizz Calmag 5L"},"content":{"rendered":"<p>Entdecken Sie BioBizz Calmag Magnesium und Kalzium, ein Muss f\u00fcr Profi- und Hobbyz\u00fcchter. Dieses 100% zertifizierte Bio-Produkt bietet eine nat\u00fcrliche L\u00f6sung f\u00fcr Ca\/Mg-Mangel, der f\u00fcr das Wachstum und die Bl\u00fcte der Pflanzen unerl\u00e4sslich ist. Korrigieren Sie ganz einfach die Wasserqualit\u00e4t mit dieser Formulierung aus hochwertigen nat\u00fcrlichen Inhaltsstoffen. Entscheiden Sie sich f\u00fcr eine gesunde und bl\u00fchende Pflanze mit BioBizz Calmag!<\/p>\n","protected":false},"excerpt":{"rendered":"<p>Entdecken Sie BioBizz Calmag Magnesium und Kalzium, ein Muss f\u00fcr Profi- und Hobbyz\u00fcchter. Dieses 100% zertifizierte Bio-Produkt bietet eine nat\u00fcrliche L\u00f6sung f\u00fcr Ca\/Mg-Mangel, der f\u00fcr das Wachstum und die Bl\u00fcte der Pflanzen unerl\u00e4sslich ist. Korrigieren Sie ganz einfach die Wasserqualit\u00e4t mit dieser Formulierung aus hochwertigen nat\u00fcrlichen Inhaltsstoffen. Entscheiden Sie sich f\u00fcr eine gesunde und bl\u00fchende [&hellip;]<\/p>\n","protected":false},"featured_media":21791,"comment_status":"open","ping_status":"closed","template":"","meta":{"_seopress_robots_primary_cat":"none","_seopress_titles_title":"BioBizz Calmag (5L) - Green Kingdom","_seopress_titles_desc":"Entdecken Sie BioBizz Calmag Magnesium und Kalzium, ein Muss f\u00fcr Profi- und Hobbyz\u00fcchter. Dieses 100% zertifizierte Bio-Produkt bietet eine nat\u00fcrliche L\u00f6sung f\u00fcr Ca\/Mg-Mangel, der f\u00fcr das Wachstum und die Bl\u00fcte der Pflanzen unerl\u00e4sslich ist. Korrigieren Sie ganz einfach die Wasserqualit\u00e4t mit dieser Formulierung aus hochwertigen nat\u00fcrlichen Inhaltsstoffen. Entscheiden Sie sich f\u00fcr eine gesunde und bl\u00fchende Pflanze mit BioBizz Calmag!","_seopress_robots_index":""},"product_brand":[],"product_cat":[571],"product_tag":[],"class_list":{"0":"post-21787","1":"product","2":"type-product","3":"status-publish","4":"has-post-thumbnail","6":"product_cat-biobizz-de","9":"instock","10":"taxable","11":"shipping-taxable","12":"purchasable","13":"product-type-simple","14":"product-grid-view"},"_links":{"self":[{"href":"https:\/\/greenkingdom.ch\/de\/wp-json\/wp\/v2\/product\/21787","targetHints":{"allow":["GET"]}}],"collection":[{"href":"https:\/\/greenkingdom.ch\/de\/wp-json\/wp\/v2\/product"}],"about":[{"href":"https:\/\/greenkingdom.ch\/de\/wp-json\/wp\/v2\/types\/product"}],"replies":[{"embeddable":true,"href":"https:\/\/greenkingdom.ch\/de\/wp-json\/wp\/v2\/comments?post=21787"}],"version-history":[{"count":2,"href":"https:\/\/greenkingdom.ch\/de\/wp-json\/wp\/v2\/product\/21787\/revisions"}],"predecessor-version":[{"id":21892,"href":"https:\/\/greenkingdom.ch\/de\/wp-json\/wp\/v2\/product\/21787\/revisions\/21892"}],"wp:featuredmedia":[{"embeddable":true,"href":"https:\/\/greenkingdom.ch\/de\/wp-json\/wp\/v2\/media\/21791"}],"wp:attachment":[{"href":"https:\/\/greenkingdom.ch\/de\/wp-json\/wp\/v2\/media?parent=21787"}],"wp:term":[{"taxonomy":"product_brand","embeddable":true,"href":"https:\/\/greenkingdom.ch\/de\/wp-json\/wp\/v2\/product_brand?post=21787"},{"taxonomy":"product_cat","embeddable":true,"href":"https:\/\/greenkingdom.ch\/de\/wp-json\/wp\/v2\/product_cat?post=21787"},{"taxonomy":"product_tag","embeddable":true,"href":"https:\/\/greenkingdom.ch\/de\/wp-json\/wp\/v2\/product_tag?post=21787"}],"curies":[{"name":"wp","href":"https:\/\/api.w.org\/{rel}","templated":true}]}}