{"id":21819,"date":"2024-12-07T11:39:16","date_gmt":"2024-12-07T10:39:16","guid":{"rendered":"https:\/\/greenkingdom.ch\/?post_type=product&#038;p=21819"},"modified":"2024-12-07T14:55:10","modified_gmt":"2024-12-07T13:55:10","slug":"biobizz-leaf-coat-spray-500ml","status":"publish","type":"product","link":"https:\/\/greenkingdom.ch\/de\/produkt\/biobizz-leaf-coat-spray-500ml\/","title":{"rendered":"BioBizz Leaf Coat SPRAY 500ml"},"content":{"rendered":"<p>Blattmantel: Nat\u00fcrlicher und organischer Schutz f\u00fcr Ihre Pflanzen<\/p>\n<p>Was ist Blattmantel?<\/p>\n<p>Leaf\u00b7Coat ist eine gebrauchsfertige L\u00f6sung, die Ihre Pflanzen st\u00e4rkt und sie gleichzeitig vor sch\u00e4dlichen Insekten und Pilzen sch\u00fctzt, die Bl\u00e4tter sch\u00e4digen. Dieses innovative Produkt besteht aus Naturlatex und wurde urspr\u00fcnglich entwickelt, um die Wasserverdunstung zu begrenzen. Durch die Bildung einer durchl\u00e4ssigen und biologisch abbaubaren Barriere l\u00e4sst Leaf\u00b7Coat Luft und Licht durch und sch\u00fctzt gleichzeitig Ihre Pflanzen.<\/p>\n<p>Warum Leaf\u00b7Coat f\u00fcr optimalen Schutz w\u00e4hlen?<\/p>\n<p>Schutz vor Hitze und Feuchtigkeit: Wenn die Temperaturen \u00fcber 28 \u00b0C steigen, tr\u00e4gt Leaf\u00b7Coat dazu bei, den Wasserverlust durch Verdunstung zu begrenzen und die Austrocknung der Pflanzen zu verhindern. Seine Naturlatexschicht reguliert au\u00dferdem die Blattatmung und verhindert so eine \u00fcberm\u00e4\u00dfige Transpiration.<br \/>\nSchutz vor K\u00e4lte: Im Winter sch\u00fctzt Leaf\u00b7Coat Pflanzen vor K\u00e4lte, indem es die Temperatur der Bl\u00e4tter stabilisiert und so ein f\u00fcr ihre Entwicklung g\u00fcnstiges Mikroklima schafft.<br \/>\n\u00d6kologische Alternative zu Pestiziden: Leaf\u00b7Coat ist ein vollst\u00e4ndig biologisches Produkt, eine \u00f6kologische L\u00f6sung, die Ihre Pflanzen und die Umwelt respektiert. Es tr\u00e4gt dazu bei, den Einsatz chemischer Pestizide zu reduzieren und ist dank seines dezenten Geruchs und seiner Nichtreizbarkeit angenehm in der Anwendung. Dar\u00fcber hinaus beeintr\u00e4chtigt Leaf\u00b7Coat im Gegensatz zu Chemikalien nicht den Geschmack der Fr\u00fcchte, da es nicht von den Bl\u00e4ttern absorbiert wird.<\/p>\n","protected":false},"excerpt":{"rendered":"<p>Blattmantel: Nat\u00fcrlicher und organischer Schutz f\u00fcr Ihre Pflanzen Was ist Blattmantel? Leaf\u00b7Coat ist eine gebrauchsfertige L\u00f6sung, die Ihre Pflanzen st\u00e4rkt und sie gleichzeitig vor sch\u00e4dlichen Insekten und Pilzen sch\u00fctzt, die Bl\u00e4tter sch\u00e4digen. Dieses innovative Produkt besteht aus Naturlatex und wurde urspr\u00fcnglich entwickelt, um die Wasserverdunstung zu begrenzen. Durch die Bildung einer durchl\u00e4ssigen und biologisch abbaubaren [&hellip;]<\/p>\n","protected":false},"featured_media":21823,"comment_status":"open","ping_status":"closed","template":"","meta":{"_seopress_robots_primary_cat":"none","_seopress_titles_title":"BioBizz Leaf Coat Spray (500ml) - Green Kingdom","_seopress_titles_desc":"Leaf\u00b7Coat ist eine gebrauchsfertige L\u00f6sung, die Ihre Pflanzen st\u00e4rkt und sie gleichzeitig vor sch\u00e4dlichen Insekten und Pilzen sch\u00fctzt, die Bl\u00e4tter sch\u00e4digen. Dieses innovative Produkt besteht aus Naturlatex und wurde urspr\u00fcnglich entwickelt, um die Wasserverdunstung zu begrenzen. Durch die Bildung einer durchl\u00e4ssigen und biologisch abbaubaren Barriere l\u00e4sst Leaf\u00b7Coat Luft und Licht durch und sch\u00fctzt gleichzeitig Ihre Pflanzen.","_seopress_robots_index":""},"product_brand":[],"product_cat":[571],"product_tag":[],"class_list":{"0":"post-21819","1":"product","2":"type-product","3":"status-publish","4":"has-post-thumbnail","6":"product_cat-biobizz-de","9":"instock","10":"taxable","11":"shipping-taxable","12":"purchasable","13":"product-type-simple","14":"product-grid-view"},"_links":{"self":[{"href":"https:\/\/greenkingdom.ch\/de\/wp-json\/wp\/v2\/product\/21819","targetHints":{"allow":["GET"]}}],"collection":[{"href":"https:\/\/greenkingdom.ch\/de\/wp-json\/wp\/v2\/product"}],"about":[{"href":"https:\/\/greenkingdom.ch\/de\/wp-json\/wp\/v2\/types\/product"}],"replies":[{"embeddable":true,"href":"https:\/\/greenkingdom.ch\/de\/wp-json\/wp\/v2\/comments?post=21819"}],"version-history":[{"count":3,"href":"https:\/\/greenkingdom.ch\/de\/wp-json\/wp\/v2\/product\/21819\/revisions"}],"predecessor-version":[{"id":21888,"href":"https:\/\/greenkingdom.ch\/de\/wp-json\/wp\/v2\/product\/21819\/revisions\/21888"}],"wp:featuredmedia":[{"embeddable":true,"href":"https:\/\/greenkingdom.ch\/de\/wp-json\/wp\/v2\/media\/21823"}],"wp:attachment":[{"href":"https:\/\/greenkingdom.ch\/de\/wp-json\/wp\/v2\/media?parent=21819"}],"wp:term":[{"taxonomy":"product_brand","embeddable":true,"href":"https:\/\/greenkingdom.ch\/de\/wp-json\/wp\/v2\/product_brand?post=21819"},{"taxonomy":"product_cat","embeddable":true,"href":"https:\/\/greenkingdom.ch\/de\/wp-json\/wp\/v2\/product_cat?post=21819"},{"taxonomy":"product_tag","embeddable":true,"href":"https:\/\/greenkingdom.ch\/de\/wp-json\/wp\/v2\/product_tag?post=21819"}],"curies":[{"name":"wp","href":"https:\/\/api.w.org\/{rel}","templated":true}]}}