{"id":21831,"date":"2024-12-07T11:44:06","date_gmt":"2024-12-07T10:44:06","guid":{"rendered":"https:\/\/greenkingdom.ch\/?post_type=product&#038;p=21831"},"modified":"2025-01-02T14:52:42","modified_gmt":"2025-01-02T13:52:42","slug":"biobizz-leaf-coat-1l","status":"publish","type":"product","link":"https:\/\/greenkingdom.ch\/de\/produkt\/biobizz-leaf-coat-1l\/","title":{"rendered":"BioBizz Leaf Coat 1L"},"content":{"rendered":"<div class=\"flex-shrink-0 flex flex-col relative items-end\">\n<div>\n<div class=\"pt-0\">\n<div class=\"gizmo-bot-avatar flex h-8 w-8 items-center justify-center overflow-hidden rounded-full\">\n<div class=\"relative p-1 rounded-sm flex items-center justify-center bg-token-main-surface-primary text-token-text-primary h-8 w-8\"><strong>Blatt\u00b7 Mantel: Nat\u00fcrlicher, organischer Schutz f\u00fcr Ihre Pflanzen<\/strong><\/div>\n<\/div>\n<\/div>\n<\/div>\n<\/div>\n<div class=\"group\/conversation-turn relative flex w-full min-w-0 flex-col agent-turn\">\n<div class=\"flex-col gap-1 md:gap-3\">\n<div class=\"flex max-w-full flex-col flex-grow\">\n<div class=\"min-h-8 text-message flex w-full flex-col items-end gap-2 whitespace-normal break-words text-start [.text-message+&amp;]:mt-5\" dir=\"auto\" data-message-author-role=\"assistant\" data-message-id=\"4194dd3a-a263-4022-85f6-d23c9fc6e7c2\" data-message-model-slug=\"gpt-4o-mini\">\n<div class=\"flex w-full flex-col gap-1 empty:hidden first:pt-[3px]\">\n<div class=\"markdown prose w-full break-words dark:prose-invert light\">\n<p><strong>Was ist Leaf\u00b7 Mantel?<\/strong><\/p>\n<p>Blatt\u00b7 Coat ist eine gebrauchsfertige L\u00f6sung, die Ihre Pflanzen st\u00e4rkt und sie gleichzeitig vor blattsch\u00e4digenden Insekten und Pilzen sch\u00fctzt. Dieses innovative Produkt ist aus Naturlatex formuliert, der urspr\u00fcnglich entwickelt wurde, um die Wasserverdunstung zu begrenzen. Durch die Bildung einer durchl\u00e4ssigen und biologisch abbaubaren Barriere kann Leaf\u00b7 Coat l\u00e4sst Luft und Licht durch und sch\u00fctzt gleichzeitig Deine Pflanzen.  <\/p>\n<p><strong>Warum Leaf\u00b7 Mantel f\u00fcr optimalen Schutz?<\/strong><\/p>\n<ul>\n<li><strong>Schutz vor Hitze und Feuchtigkeit<\/strong> : Wenn die Temperatur \u00fcber 28\u00b0C steigt, wird Leaf\u00b7 Das Fell hilft, den Wasserverlust durch Verdunstung zu begrenzen und verhindert die Austrocknung der Pflanzen. Seine Naturlatexschicht reguliert auch die Atmung der Bl\u00e4tter und verhindert so \u00fcberm\u00e4\u00dfiges Schwitzen. <\/li>\n<li><strong>Schutz vor K\u00e4lte<\/strong> : Im Winter kann Leaf\u00b7 Coat sch\u00fctzt die Pflanzen vor K\u00e4lte, indem es die Temperatur der Bl\u00e4tter stabilisiert und ein Mikroklima schafft, das f\u00fcr ihre Entwicklung g\u00fcnstig ist.<\/li>\n<li><strong>Umweltfreundliche Alternative zu Pestiziden<\/strong> : Leaf\u00b7 Coat ist ein vollst\u00e4ndig biologisches Produkt, eine umweltfreundliche L\u00f6sung, die Ihre Pflanzen und die Umwelt respektiert. Es reduziert den Einsatz chemischer Pestizide und ist gleichzeitig dank seines subtilen Geruchs und seiner Reizbarkeit angenehm in der Anwendung. Dar\u00fcber hinaus ist Leaf\u00b7 Die Schale beeinflusst den Geschmack der Fr\u00fcchte nicht, da sie nicht von den Bl\u00e4ttern aufgenommen wird.  <\/li>\n<\/ul>\n<p><strong>Wie benutzt man Leaf\u00b7 Mantel<\/strong><\/p>\n<p>Kein Mischen erforderlich: Leaf\u00b7 Beschichten Sie Ihre Pflanzen direkt mit einem Spr\u00fchger\u00e4t. Bedecke die Bl\u00e4tter und Bl\u00fcten gr\u00fcndlich. F\u00fcr einen optimalen Schutz wenden Sie es etwa zweimal pro Woche an und h\u00f6ren Sie zwei Wochen vor der Ernte oder dem Ende der Bl\u00fcte auf. Innerhalb weniger Stunden bildet sich eine d\u00fcnne elastische Schicht (ca. 1,5 Mikrometer), die eine Schutzbarriere bildet, die bis zu zwei Wochen h\u00e4lt. Diese Schicht zersetzt sich auf nat\u00fcrliche Weise, wenn sie Licht oder Sonnenlicht ausgesetzt wird.  <\/p>\n<\/div>\n<\/div>\n<\/div>\n<\/div>\n<\/div>\n<\/div>\n","protected":false},"excerpt":{"rendered":"<p>Blatt\u00b7 Mantel: Nat\u00fcrlicher, organischer Schutz f\u00fcr Ihre Pflanzen Was ist Leaf\u00b7 Mantel? Blatt\u00b7 Coat ist eine gebrauchsfertige L\u00f6sung, die Ihre Pflanzen st\u00e4rkt und sie gleichzeitig vor blattsch\u00e4digenden Insekten und Pilzen sch\u00fctzt. Dieses innovative Produkt ist aus Naturlatex formuliert, der urspr\u00fcnglich entwickelt wurde, um die Wasserverdunstung zu begrenzen. Durch die Bildung einer durchl\u00e4ssigen und biologisch abbaubaren [&hellip;]<\/p>\n","protected":false},"featured_media":21839,"comment_status":"open","ping_status":"closed","template":"","meta":{"_seopress_robots_primary_cat":"none","_seopress_titles_title":"BioBizz Leaf Coat (1L) - Gr\u00fcnes K\u00f6nigreich","_seopress_titles_desc":"Blatt\u00b7 Coat ist eine gebrauchsfertige L\u00f6sung, die Ihre Pflanzen st\u00e4rkt und sie gleichzeitig vor blattsch\u00e4digenden Insekten und Pilzen sch\u00fctzt. Dieses innovative Produkt ist aus Naturlatex formuliert, der urspr\u00fcnglich entwickelt wurde, um die Wasserverdunstung zu begrenzen. Durch die Bildung einer durchl\u00e4ssigen und biologisch abbaubaren Barriere kann Leaf\u00b7 Coat l\u00e4sst Luft und Licht durch und sch\u00fctzt gleichzeitig Deine Pflanzen.  ","_seopress_robots_index":""},"product_brand":[],"product_cat":[571],"product_tag":[],"class_list":{"0":"post-21831","1":"product","2":"type-product","3":"status-publish","4":"has-post-thumbnail","6":"product_cat-biobizz-de","9":"instock","10":"taxable","11":"shipping-taxable","12":"purchasable","13":"product-type-simple","14":"product-grid-view"},"_links":{"self":[{"href":"https:\/\/greenkingdom.ch\/de\/wp-json\/wp\/v2\/product\/21831","targetHints":{"allow":["GET"]}}],"collection":[{"href":"https:\/\/greenkingdom.ch\/de\/wp-json\/wp\/v2\/product"}],"about":[{"href":"https:\/\/greenkingdom.ch\/de\/wp-json\/wp\/v2\/types\/product"}],"replies":[{"embeddable":true,"href":"https:\/\/greenkingdom.ch\/de\/wp-json\/wp\/v2\/comments?post=21831"}],"version-history":[{"count":4,"href":"https:\/\/greenkingdom.ch\/de\/wp-json\/wp\/v2\/product\/21831\/revisions"}],"predecessor-version":[{"id":27532,"href":"https:\/\/greenkingdom.ch\/de\/wp-json\/wp\/v2\/product\/21831\/revisions\/27532"}],"wp:featuredmedia":[{"embeddable":true,"href":"https:\/\/greenkingdom.ch\/de\/wp-json\/wp\/v2\/media\/21839"}],"wp:attachment":[{"href":"https:\/\/greenkingdom.ch\/de\/wp-json\/wp\/v2\/media?parent=21831"}],"wp:term":[{"taxonomy":"product_brand","embeddable":true,"href":"https:\/\/greenkingdom.ch\/de\/wp-json\/wp\/v2\/product_brand?post=21831"},{"taxonomy":"product_cat","embeddable":true,"href":"https:\/\/greenkingdom.ch\/de\/wp-json\/wp\/v2\/product_cat?post=21831"},{"taxonomy":"product_tag","embeddable":true,"href":"https:\/\/greenkingdom.ch\/de\/wp-json\/wp\/v2\/product_tag?post=21831"}],"curies":[{"name":"wp","href":"https:\/\/api.w.org\/{rel}","templated":true}]}}