{"id":21930,"date":"2024-12-10T13:35:45","date_gmt":"2024-12-10T12:35:45","guid":{"rendered":"https:\/\/greenkingdom.ch\/?post_type=product&#038;p=21930"},"modified":"2025-01-02T14:52:48","modified_gmt":"2025-01-02T13:52:48","slug":"canna-terra-vega-5l","status":"publish","type":"product","link":"https:\/\/greenkingdom.ch\/de\/produkt\/canna-terra-vega-5l\/","title":{"rendered":"Canna Terra Vega 5L"},"content":{"rendered":"<p><strong>Canna Terra Vega<\/strong><br \/>\n<em>N-P-K D\u00fcnger (14-6-17) f\u00fcr die Pflanzenwachstumsphase<\/em><\/p>\n<ul>\n<li><strong>Geeignete Rezeptur<\/strong> : Konzipiert f\u00fcr den Einsatz auf vorged\u00fcngten B\u00f6den, kann Canna Terra Vega auch auf n\u00e4hrstoffarmen oder bereits kultivierten B\u00f6den ausgebracht werden.<\/li>\n<li><strong>Optimierte N\u00e4hrstoffaufnahme<\/strong> :<br \/>\n Seine Zusammensetzung, die reich an sofort verf\u00fcgbarem Stickstoff und hochwertigen EDDHA-Eisenchelaten ist, sorgt von Anfang an f\u00fcr eine optimale N\u00e4hrstoffaufnahme.<\/li>\n<li><strong>Garantierte Ergebnisse<\/strong> :<br \/>\n Dieser D\u00fcnger unterst\u00fctzt ein gesundes, kompaktes und kr\u00e4ftiges Pflanzenwachstum, so dass sie sich w\u00e4hrend ihrer vegetativen Phase optimal entwickeln k\u00f6nnen.<\/li>\n<\/ul>\n","protected":false},"excerpt":{"rendered":"<p>Canna Terra Vega N-P-K D\u00fcnger (14-6-17) f\u00fcr die Pflanzenwachstumsphase Geeignete Rezeptur : Konzipiert f\u00fcr den Einsatz auf vorged\u00fcngten B\u00f6den, kann Canna Terra Vega auch auf n\u00e4hrstoffarmen oder bereits kultivierten B\u00f6den ausgebracht werden. Optimierte N\u00e4hrstoffaufnahme : Seine Zusammensetzung, die reich an sofort verf\u00fcgbarem Stickstoff und hochwertigen EDDHA-Eisenchelaten ist, sorgt von Anfang an f\u00fcr eine optimale N\u00e4hrstoffaufnahme. [&hellip;]<\/p>\n","protected":false},"featured_media":21950,"comment_status":"open","ping_status":"closed","template":"","meta":{"_seopress_robots_primary_cat":"none","_seopress_titles_title":"Canna Terra Vega 5L","_seopress_titles_desc":"Seine Zusammensetzung, die reich an sofort verf\u00fcgbarem Stickstoff und hochwertigen EDDHA-Eisenchelaten ist, sorgt von Anfang an f\u00fcr eine optimale N\u00e4hrstoffaufnahme.","_seopress_robots_index":""},"product_brand":[],"product_cat":[574],"product_tag":[],"class_list":{"0":"post-21930","1":"product","2":"type-product","3":"status-publish","4":"has-post-thumbnail","6":"product_cat-canna-de","9":"instock","10":"taxable","11":"shipping-taxable","12":"purchasable","13":"product-type-simple","14":"product-grid-view"},"_links":{"self":[{"href":"https:\/\/greenkingdom.ch\/de\/wp-json\/wp\/v2\/product\/21930","targetHints":{"allow":["GET"]}}],"collection":[{"href":"https:\/\/greenkingdom.ch\/de\/wp-json\/wp\/v2\/product"}],"about":[{"href":"https:\/\/greenkingdom.ch\/de\/wp-json\/wp\/v2\/types\/product"}],"replies":[{"embeddable":true,"href":"https:\/\/greenkingdom.ch\/de\/wp-json\/wp\/v2\/comments?post=21930"}],"version-history":[{"count":4,"href":"https:\/\/greenkingdom.ch\/de\/wp-json\/wp\/v2\/product\/21930\/revisions"}],"predecessor-version":[{"id":27538,"href":"https:\/\/greenkingdom.ch\/de\/wp-json\/wp\/v2\/product\/21930\/revisions\/27538"}],"wp:featuredmedia":[{"embeddable":true,"href":"https:\/\/greenkingdom.ch\/de\/wp-json\/wp\/v2\/media\/21950"}],"wp:attachment":[{"href":"https:\/\/greenkingdom.ch\/de\/wp-json\/wp\/v2\/media?parent=21930"}],"wp:term":[{"taxonomy":"product_brand","embeddable":true,"href":"https:\/\/greenkingdom.ch\/de\/wp-json\/wp\/v2\/product_brand?post=21930"},{"taxonomy":"product_cat","embeddable":true,"href":"https:\/\/greenkingdom.ch\/de\/wp-json\/wp\/v2\/product_cat?post=21930"},{"taxonomy":"product_tag","embeddable":true,"href":"https:\/\/greenkingdom.ch\/de\/wp-json\/wp\/v2\/product_tag?post=21930"}],"curies":[{"name":"wp","href":"https:\/\/api.w.org\/{rel}","templated":true}]}}