{"id":21956,"date":"2024-12-10T13:50:03","date_gmt":"2024-12-10T12:50:03","guid":{"rendered":"https:\/\/greenkingdom.ch\/?post_type=product&#038;p=21956"},"modified":"2025-01-02T14:52:49","modified_gmt":"2025-01-02T13:52:49","slug":"canna-rhizotonic-250ml","status":"publish","type":"product","link":"https:\/\/greenkingdom.ch\/de\/produkt\/canna-rhizotonic-250ml\/","title":{"rendered":"Canna Rhizotonic 250ml"},"content":{"rendered":"<p><strong>Entdecken Sie Canna Rhizotonic<\/strong><br \/>\n<em>Leistungsstarker Wurzelstimulator f\u00fcr schnelles Pflanzenwachstum<\/em><\/p>\n<ul>\n<li><strong>Stimuliert die Wurzelentwicklung<\/strong> : Canna Rhizotonic f\u00f6rdert ein schnelles und robustes Wurzelwachstum, was f\u00fcr gesunde und kr\u00e4ftige Pflanzen unerl\u00e4sslich ist.<\/li>\n<li><strong>St\u00e4rkt die Widerstandsf\u00e4higkeit gegen Krankheiten<\/strong> : Durch die Stimulierung des Wurzelsystems st\u00e4rkt dieses Produkt die F\u00e4higkeit der Pflanzen, Stress und Krankheiten zu widerstehen.<\/li>\n<li><strong>Verbessert die inneren und \u00e4u\u00dferen Eigenschaften von Pflanzen<\/strong> : Es unterst\u00fctzt nicht nur die Gesundheit der Wurzeln, sondern auch die \u00e4sthetischen und funktionellen Qualit\u00e4ten Ihrer Pflanzen.<\/li>\n<li><strong>Fr\u00fche Anwendung<\/strong> : Ab der ersten Woche verwenden, sei es f\u00fcr Stecklinge, k\u00fcrzlich umgetopfte Pflanzen oder solche, die einen Schock erlitten haben.<\/li>\n<li><strong>100% pflanzlich und vielseitig<\/strong> : Geeignet f\u00fcr alle Kulturen, egal ob im Topf oder in Hydrokultur.<\/li>\n<\/ul>\n","protected":false},"excerpt":{"rendered":"<p>Entdecken Sie Canna Rhizotonic Leistungsstarker Wurzelstimulator f\u00fcr schnelles Pflanzenwachstum Stimuliert die Wurzelentwicklung : Canna Rhizotonic f\u00f6rdert ein schnelles und robustes Wurzelwachstum, was f\u00fcr gesunde und kr\u00e4ftige Pflanzen unerl\u00e4sslich ist. St\u00e4rkt die Widerstandsf\u00e4higkeit gegen Krankheiten : Durch die Stimulierung des Wurzelsystems st\u00e4rkt dieses Produkt die F\u00e4higkeit der Pflanzen, Stress und Krankheiten zu widerstehen. Verbessert die inneren [&hellip;]<\/p>\n","protected":false},"featured_media":8680,"comment_status":"open","ping_status":"closed","template":"","meta":{"_seopress_robots_primary_cat":"none","_seopress_titles_title":"Canna Rhizotonic (250ml) - Gr\u00fcnes K\u00f6nigreich","_seopress_titles_desc":"Canna Rhizotonic f\u00f6rdert ein schnelles und robustes Wurzelwachstum, was f\u00fcr gesunde und kr\u00e4ftige Pflanzen unerl\u00e4sslich ist.","_seopress_robots_index":""},"product_brand":[],"product_cat":[574],"product_tag":[],"class_list":{"0":"post-21956","1":"product","2":"type-product","3":"status-publish","4":"has-post-thumbnail","6":"product_cat-canna-de","9":"instock","10":"taxable","11":"shipping-taxable","12":"purchasable","13":"product-type-simple","14":"product-grid-view"},"_links":{"self":[{"href":"https:\/\/greenkingdom.ch\/de\/wp-json\/wp\/v2\/product\/21956","targetHints":{"allow":["GET"]}}],"collection":[{"href":"https:\/\/greenkingdom.ch\/de\/wp-json\/wp\/v2\/product"}],"about":[{"href":"https:\/\/greenkingdom.ch\/de\/wp-json\/wp\/v2\/types\/product"}],"replies":[{"embeddable":true,"href":"https:\/\/greenkingdom.ch\/de\/wp-json\/wp\/v2\/comments?post=21956"}],"version-history":[{"count":3,"href":"https:\/\/greenkingdom.ch\/de\/wp-json\/wp\/v2\/product\/21956\/revisions"}],"predecessor-version":[{"id":27539,"href":"https:\/\/greenkingdom.ch\/de\/wp-json\/wp\/v2\/product\/21956\/revisions\/27539"}],"wp:featuredmedia":[{"embeddable":true,"href":"https:\/\/greenkingdom.ch\/de\/wp-json\/wp\/v2\/media\/8680"}],"wp:attachment":[{"href":"https:\/\/greenkingdom.ch\/de\/wp-json\/wp\/v2\/media?parent=21956"}],"wp:term":[{"taxonomy":"product_brand","embeddable":true,"href":"https:\/\/greenkingdom.ch\/de\/wp-json\/wp\/v2\/product_brand?post=21956"},{"taxonomy":"product_cat","embeddable":true,"href":"https:\/\/greenkingdom.ch\/de\/wp-json\/wp\/v2\/product_cat?post=21956"},{"taxonomy":"product_tag","embeddable":true,"href":"https:\/\/greenkingdom.ch\/de\/wp-json\/wp\/v2\/product_tag?post=21956"}],"curies":[{"name":"wp","href":"https:\/\/api.w.org\/{rel}","templated":true}]}}