{"id":22004,"date":"2024-12-10T14:08:43","date_gmt":"2024-12-10T13:08:43","guid":{"rendered":"https:\/\/greenkingdom.ch\/?post_type=product&#038;p=22004"},"modified":"2025-01-02T14:51:45","modified_gmt":"2025-01-02T13:51:45","slug":"canna-pk-13-14-250ml","status":"publish","type":"product","link":"https:\/\/greenkingdom.ch\/de\/produkt\/canna-pk-13-14-250ml\/","title":{"rendered":"Canna PK 13\/14 250ml"},"content":{"rendered":"<p>Entdecken Sie das fabelhafte Canna PK 13\/14 (250ml)! Erleben Sie diesen erstaunlichen Bl\u00fctenverst\u00e4rker, der Sie umhauen wird. PK 13\/14 ist eine konzentrierte Mischung aus reinem Phosphor und Kalium, die speziell f\u00fcr eine optimale Bl\u00fctenbl\u00fcte entwickelt wurde. In Rekordzeit produziert dieser Super-Enhancer von Bl\u00fcten schwerere, kompaktere und s\u00fc\u00dfere Knospen. Die PK 13\/14 genie\u00dft das Vertrauen von Z\u00fcchtern auf der ganzen Welt und sorgt bei jeder Anwendung f\u00fcr eine deutliche Steigerung des Bl\u00fctenertrags! Seine Premium-Formel garantiert 13 % P2O5 und 14 % K2O, was es einzigartig, sicher und unglaublich effektiv macht. PK 13\/14 ist im Wesentlichen ein Nahrungserg\u00e4nzungsmittel und ein Muss f\u00fcr Z\u00fcchter, die auf der Suche nach optimalen Ergebnissen sind. Intensiviert die Bl\u00fcte mit reinen Elementen, die zusammenwirken, um die Bl\u00fctenbildung zu stimulieren. Durch ein spezielles Produktionsverfahren hat CANNA ein Produkt entwickelt, das schnell und direkt reinen Phosphor und Kalium an die Pflanze liefert. Diese Elemente sind entscheidend f\u00fcr die Vitalit\u00e4t jeder Pflanze und f\u00f6rdern die Zellteilung, das Wachstum und die Bl\u00fctenentwicklung. Erf\u00fcllen Sie den erh\u00f6hten Bedarf Ihrer Pflanze in der entscheidenden Zeit der Bl\u00fcte, indem Sie ihr CANNA PK 13\/14 f\u00fcr gr\u00f6\u00dfere, kompakte und s\u00fc\u00dfe Fr\u00fcchte anbieten. In Kombination mit CANNA BOOST wird Ihr Garten noch mehr gedeihen, f\u00fcr \u00fcppige und schimmernde Blumen. &#8211; Geeignet f\u00fcr alle Untergr\u00fcnde &#8211; EAN-Code: 8717524956288<\/p>\n","protected":false},"excerpt":{"rendered":"<p>Entdecken Sie das fabelhafte Canna PK 13\/14 (250ml)! Erleben Sie diesen erstaunlichen Bl\u00fctenverst\u00e4rker, der Sie umhauen wird. PK 13\/14 ist eine konzentrierte Mischung aus reinem Phosphor und Kalium, die speziell f\u00fcr eine optimale Bl\u00fctenbl\u00fcte entwickelt wurde. In Rekordzeit produziert dieser Super-Enhancer von Bl\u00fcten schwerere, kompaktere und s\u00fc\u00dfere Knospen. Die PK 13\/14 genie\u00dft das Vertrauen von [&hellip;]<\/p>\n","protected":false},"featured_media":8716,"comment_status":"open","ping_status":"closed","template":"","meta":{"_seopress_robots_primary_cat":"none","_seopress_titles_title":"Canna PK 13\/14 (250ml) - Gr\u00fcnes K\u00f6nigreich","_seopress_titles_desc":"Erleben Sie diesen erstaunlichen Bl\u00fctenverst\u00e4rker, der Sie umhauen wird. PK 13\/14 ist eine konzentrierte Mischung aus reinem Phosphor und Kalium, die speziell f\u00fcr eine optimale Bl\u00fctenbl\u00fcte entwickelt wurde. In Rekordzeit produziert dieser Super-Enhancer von Bl\u00fcten schwerere, kompaktere und s\u00fc\u00dfere Knospen.  ","_seopress_robots_index":""},"product_brand":[],"product_cat":[574],"product_tag":[],"class_list":{"0":"post-22004","1":"product","2":"type-product","3":"status-publish","4":"has-post-thumbnail","6":"product_cat-canna-de","9":"instock","10":"taxable","11":"shipping-taxable","12":"purchasable","13":"product-type-simple","14":"product-grid-view"},"_links":{"self":[{"href":"https:\/\/greenkingdom.ch\/de\/wp-json\/wp\/v2\/product\/22004","targetHints":{"allow":["GET"]}}],"collection":[{"href":"https:\/\/greenkingdom.ch\/de\/wp-json\/wp\/v2\/product"}],"about":[{"href":"https:\/\/greenkingdom.ch\/de\/wp-json\/wp\/v2\/types\/product"}],"replies":[{"embeddable":true,"href":"https:\/\/greenkingdom.ch\/de\/wp-json\/wp\/v2\/comments?post=22004"}],"version-history":[{"count":3,"href":"https:\/\/greenkingdom.ch\/de\/wp-json\/wp\/v2\/product\/22004\/revisions"}],"predecessor-version":[{"id":27504,"href":"https:\/\/greenkingdom.ch\/de\/wp-json\/wp\/v2\/product\/22004\/revisions\/27504"}],"wp:featuredmedia":[{"embeddable":true,"href":"https:\/\/greenkingdom.ch\/de\/wp-json\/wp\/v2\/media\/8716"}],"wp:attachment":[{"href":"https:\/\/greenkingdom.ch\/de\/wp-json\/wp\/v2\/media?parent=22004"}],"wp:term":[{"taxonomy":"product_brand","embeddable":true,"href":"https:\/\/greenkingdom.ch\/de\/wp-json\/wp\/v2\/product_brand?post=22004"},{"taxonomy":"product_cat","embeddable":true,"href":"https:\/\/greenkingdom.ch\/de\/wp-json\/wp\/v2\/product_cat?post=22004"},{"taxonomy":"product_tag","embeddable":true,"href":"https:\/\/greenkingdom.ch\/de\/wp-json\/wp\/v2\/product_tag?post=22004"}],"curies":[{"name":"wp","href":"https:\/\/api.w.org\/{rel}","templated":true}]}}