{"id":22034,"date":"2024-12-10T14:26:37","date_gmt":"2024-12-10T13:26:37","guid":{"rendered":"https:\/\/greenkingdom.ch\/?post_type=product&#038;p=22034"},"modified":"2025-01-02T14:51:52","modified_gmt":"2025-01-02T13:51:52","slug":"canna-cannazym-250ml","status":"publish","type":"product","link":"https:\/\/greenkingdom.ch\/de\/produkt\/canna-cannazym-250ml\/","title":{"rendered":"Canna Cannazym 250ml"},"content":{"rendered":"<div class=\"value\">\n<p style=\"line-height: 19px;\">Canna Zym<\/p>\n<p style=\"line-height: 19px;\">CANNAZYM ist ein Muss f\u00fcr Ihre Pflanzen, da es ihre Widerstandsf\u00e4higkeit und Vitalit\u00e4t st\u00e4rkt.<\/p>\n<p style=\"line-height: 19px;\">Dieser wertvolle Verb\u00fcndete f\u00fcr das Pflanzenwachstum ist mit mehr als 12 Enzymen, spezifischen Vitaminen und W\u00fcstenpflanzenextrakten formuliert. CANNAZYM beschleunigt die Zersetzung abgestorbener Wurzeln, stimuliert die Mikroorganismen im Boden und f\u00f6rdert eine bessere N\u00e4hrstoffaufnahme. <\/p>\n<p style=\"line-height: 19px;\">CANNAZYM richtet sich an alle Gartenfreunde, egal ob f\u00fcr Gem\u00fcse- oder Zierpflanzen.<\/p>\n<p style=\"line-height: 19px;\">Dieses Produkt ist ideal f\u00fcr das Cocos-Substrat, aber auch f\u00fcr jede Art von Anbau wirksam.<\/p>\n<p style=\"line-height: 19px;\">Gebrauchsanweisung:<\/p>\n<p style=\"line-height: 19px;\">  * Sch\u00fctteln Sie die Flasche vor Gebrauch<\/p>\n<p style=\"line-height: 19px;\">  * 250 ml Konzentrat in 100 Liter Wasser (1:400) verd\u00fcnnen<\/p>\n<p style=\"line-height: 19px;\">  * Einmal pro Woche, vorzugsweise bei jeder Bew\u00e4sserung anwenden<\/p>\n<p style=\"line-height: 19px;\">  * Bei unbehandelten \u00e4lteren Substraten verdoppeln Sie die Dosis im letzten Monat. Bei Substraten, die bereits behandelt wurden, verdoppeln Sie die Dosis in den letzten 1 bis 2 Wochen <\/p>\n<p style=\"line-height: 19px;\">  * Lassen Sie unbenutzten D\u00fcnger nicht l\u00e4nger als 10 Tage im Wasser<\/p>\n<p style=\"line-height: 19px;\">  * Nicht mit Mitteln mischen, die Wasserstoffperoxid (H2O2) enthalten<\/p>\n<p style=\"line-height: 19px;\">Zusammensetzung N-P-K: 0 &#8211; 2 &#8211; 1<\/p>\n<p style=\"line-height: 19px;\">N\u00e4hrstoffgehalt:<\/p>\n<p style=\"line-height: 19px;\">Stickstoff: 0%<\/p>\n<p style=\"line-height: 19px;\">Phosphor: 1,7 %<\/p>\n<p style=\"line-height: 19px;\">Kalium: 0,8 %<\/p>\n<p style=\"line-height: 19px;\">Schwefel: 0,1 %<\/p>\n<p><iframe src=\"https:\/\/www.youtube.com\/embed\/exl3ANCVRP8\" width=\"560\" height=\"315\" frameborder=\"0\" allowfullscreen=\"allowfullscreen\"><\/iframe><\/p>\n<\/div>\n<div class=\"product attribute ean\"><strong class=\"type\"> <span class=\"value ean\">EAN-8717524956387<\/span><\/strong><\/div>\n","protected":false},"excerpt":{"rendered":"<p>Canna Zym CANNAZYM ist ein Muss f\u00fcr Ihre Pflanzen, da es ihre Widerstandsf\u00e4higkeit und Vitalit\u00e4t st\u00e4rkt. Dieser wertvolle Verb\u00fcndete f\u00fcr das Pflanzenwachstum ist mit mehr als 12 Enzymen, spezifischen Vitaminen und W\u00fcstenpflanzenextrakten formuliert. CANNAZYM beschleunigt die Zersetzung abgestorbener Wurzeln, stimuliert die Mikroorganismen im Boden und f\u00f6rdert eine bessere N\u00e4hrstoffaufnahme. CANNAZYM richtet sich an alle Gartenfreunde, [&hellip;]<\/p>\n","protected":false},"featured_media":8704,"comment_status":"open","ping_status":"closed","template":"","meta":{"_seopress_robots_primary_cat":"none","_seopress_titles_title":"Canna Cannazym 250ml - Gr\u00fcnes K\u00f6nigreich","_seopress_titles_desc":"Dieser wertvolle Verb\u00fcndete f\u00fcr das Pflanzenwachstum ist mit mehr als 12 Enzymen, spezifischen Vitaminen und W\u00fcstenpflanzenextrakten formuliert. CANNAZYM beschleunigt die Zersetzung abgestorbener Wurzeln, stimuliert die Mikroorganismen im Boden und f\u00f6rdert eine bessere N\u00e4hrstoffaufnahme. ","_seopress_robots_index":""},"product_brand":[],"product_cat":[574],"product_tag":[],"class_list":{"0":"post-22034","1":"product","2":"type-product","3":"status-publish","4":"has-post-thumbnail","6":"product_cat-canna-de","9":"instock","10":"taxable","11":"shipping-taxable","12":"purchasable","13":"product-type-simple","14":"product-grid-view"},"_links":{"self":[{"href":"https:\/\/greenkingdom.ch\/de\/wp-json\/wp\/v2\/product\/22034","targetHints":{"allow":["GET"]}}],"collection":[{"href":"https:\/\/greenkingdom.ch\/de\/wp-json\/wp\/v2\/product"}],"about":[{"href":"https:\/\/greenkingdom.ch\/de\/wp-json\/wp\/v2\/types\/product"}],"replies":[{"embeddable":true,"href":"https:\/\/greenkingdom.ch\/de\/wp-json\/wp\/v2\/comments?post=22034"}],"version-history":[{"count":3,"href":"https:\/\/greenkingdom.ch\/de\/wp-json\/wp\/v2\/product\/22034\/revisions"}],"predecessor-version":[{"id":27513,"href":"https:\/\/greenkingdom.ch\/de\/wp-json\/wp\/v2\/product\/22034\/revisions\/27513"}],"wp:featuredmedia":[{"embeddable":true,"href":"https:\/\/greenkingdom.ch\/de\/wp-json\/wp\/v2\/media\/8704"}],"wp:attachment":[{"href":"https:\/\/greenkingdom.ch\/de\/wp-json\/wp\/v2\/media?parent=22034"}],"wp:term":[{"taxonomy":"product_brand","embeddable":true,"href":"https:\/\/greenkingdom.ch\/de\/wp-json\/wp\/v2\/product_brand?post=22034"},{"taxonomy":"product_cat","embeddable":true,"href":"https:\/\/greenkingdom.ch\/de\/wp-json\/wp\/v2\/product_cat?post=22034"},{"taxonomy":"product_tag","embeddable":true,"href":"https:\/\/greenkingdom.ch\/de\/wp-json\/wp\/v2\/product_tag?post=22034"}],"curies":[{"name":"wp","href":"https:\/\/api.w.org\/{rel}","templated":true}]}}