{"id":22077,"date":"2024-12-10T14:43:44","date_gmt":"2024-12-10T13:43:44","guid":{"rendered":"https:\/\/greenkingdom.ch\/?post_type=product&#038;p=22077"},"modified":"2025-01-02T14:51:59","modified_gmt":"2025-01-02T13:51:59","slug":"canna-terra-flores-10l","status":"publish","type":"product","link":"https:\/\/greenkingdom.ch\/de\/produkt\/canna-terra-flores-10l\/","title":{"rendered":"Canna Terra Flores 10L"},"content":{"rendered":"<p><strong>Entdecken Sie Canna Terra Flores<\/strong><br \/>\n<em>F\u00fcr eine au\u00dfergew\u00f6hnliche Bl\u00fcte und eine bl\u00fchende Pflanze<\/em><\/p>\n<ul>\n<li><strong>Spezialisierte Formel<\/strong> : Canna Terra Flores wurde entwickelt, um eine schnelle und effiziente N\u00e4hrstoffaufnahme zu f\u00f6rdern und die Bl\u00fctezeit Ihrer Pflanzen zu optimieren.<\/li>\n<li><strong>Reich an chelatisierten Spurenelementen<\/strong> : Dank ihrer leicht assimilierbaren N\u00e4hrstoffe garantiert Terra Flores eine \u00fcppige und qualitativ hochwertige Bl\u00fcte.<\/li>\n<li><strong>Bl\u00fchende Pflanzen<\/strong> : F\u00fcgen Sie Canna Terra Flores zu Ihrer Hautpflegeroutine hinzu, um gesunde Pflanzen mit lebendigen, \u00fcppigen Bl\u00fcten zu erhalten.<\/li>\n<li><strong>EAN:<\/strong> 8717524955854<\/li>\n<\/ul>\n<p>Geben Sie Ihren Pflanzen das Beste f\u00fcr eine au\u00dfergew\u00f6hnliche Bl\u00fcte!<\/p>\n","protected":false},"excerpt":{"rendered":"<p>Entdecken Sie Canna Terra Flores F\u00fcr eine au\u00dfergew\u00f6hnliche Bl\u00fcte und eine bl\u00fchende Pflanze Spezialisierte Formel : Canna Terra Flores wurde entwickelt, um eine schnelle und effiziente N\u00e4hrstoffaufnahme zu f\u00f6rdern und die Bl\u00fctezeit Ihrer Pflanzen zu optimieren. Reich an chelatisierten Spurenelementen : Dank ihrer leicht assimilierbaren N\u00e4hrstoffe garantiert Terra Flores eine \u00fcppige und qualitativ hochwertige Bl\u00fcte. [&hellip;]<\/p>\n","protected":false},"featured_media":22069,"comment_status":"open","ping_status":"closed","template":"","meta":{"_seopress_robots_primary_cat":"none","_seopress_titles_title":"Canna Terra Flores (10L) - Gr\u00fcnes K\u00f6nigreich","_seopress_titles_desc":"Canna Terra Flores wurde entwickelt, um eine schnelle und effiziente N\u00e4hrstoffaufnahme zu f\u00f6rdern und die Bl\u00fcte Ihrer Pflanzen zu optimieren.","_seopress_robots_index":""},"product_brand":[],"product_cat":[574],"product_tag":[],"class_list":{"0":"post-22077","1":"product","2":"type-product","3":"status-publish","4":"has-post-thumbnail","6":"product_cat-canna-de","9":"instock","10":"taxable","11":"shipping-taxable","12":"purchasable","13":"product-type-simple","14":"product-grid-view"},"_links":{"self":[{"href":"https:\/\/greenkingdom.ch\/de\/wp-json\/wp\/v2\/product\/22077","targetHints":{"allow":["GET"]}}],"collection":[{"href":"https:\/\/greenkingdom.ch\/de\/wp-json\/wp\/v2\/product"}],"about":[{"href":"https:\/\/greenkingdom.ch\/de\/wp-json\/wp\/v2\/types\/product"}],"replies":[{"embeddable":true,"href":"https:\/\/greenkingdom.ch\/de\/wp-json\/wp\/v2\/comments?post=22077"}],"version-history":[{"count":4,"href":"https:\/\/greenkingdom.ch\/de\/wp-json\/wp\/v2\/product\/22077\/revisions"}],"predecessor-version":[{"id":27522,"href":"https:\/\/greenkingdom.ch\/de\/wp-json\/wp\/v2\/product\/22077\/revisions\/27522"}],"wp:featuredmedia":[{"embeddable":true,"href":"https:\/\/greenkingdom.ch\/de\/wp-json\/wp\/v2\/media\/22069"}],"wp:attachment":[{"href":"https:\/\/greenkingdom.ch\/de\/wp-json\/wp\/v2\/media?parent=22077"}],"wp:term":[{"taxonomy":"product_brand","embeddable":true,"href":"https:\/\/greenkingdom.ch\/de\/wp-json\/wp\/v2\/product_brand?post=22077"},{"taxonomy":"product_cat","embeddable":true,"href":"https:\/\/greenkingdom.ch\/de\/wp-json\/wp\/v2\/product_cat?post=22077"},{"taxonomy":"product_tag","embeddable":true,"href":"https:\/\/greenkingdom.ch\/de\/wp-json\/wp\/v2\/product_tag?post=22077"}],"curies":[{"name":"wp","href":"https:\/\/api.w.org\/{rel}","templated":true}]}}