{"id":22110,"date":"2024-12-10T15:33:08","date_gmt":"2024-12-10T14:33:08","guid":{"rendered":"https:\/\/greenkingdom.ch\/?post_type=product&#038;p=22110"},"modified":"2025-01-02T14:48:39","modified_gmt":"2025-01-02T13:48:39","slug":"canna-aqua-vega-ab-10l","status":"publish","type":"product","link":"https:\/\/greenkingdom.ch\/de\/produkt\/canna-aqua-vega-ab-10l\/","title":{"rendered":"Canna Aqua Vega A+B 10L"},"content":{"rendered":"<p><strong>Canna Aqua Vega A und B<\/strong><br \/>\n<em>Spezieller Wachstumsd\u00fcnger f\u00fcr hydroponische Anbausysteme<\/em><\/p>\n<ul>\n<li><strong>Spektakul\u00e4res und vitales Wachstum<\/strong> : Aqua Vega wurde speziell entwickelt, um ein schnelles und gesundes Pflanzenwachstum zu gew\u00e4hrleisten, insbesondere in wasserzirkulierenden hydroponischen Systemen wie General Hydroponics Airflow &amp; Waterfarm, NFT und HGS.<\/li>\n<li><strong>Wasser- und N\u00e4hrstoffeinsparung:<\/strong> Durch die Wiederverwendung von N\u00e4hrstoffen \u00fcber den Wasserkreislauf reduziert Aqua Vega den Einsatz von Wasser und D\u00fcngemitteln, wodurch das System umweltfreundlicher und wirtschaftlicher wird.<\/li>\n<li><strong>Fortschrittliche Formulierung<\/strong> : Aqua Vega enth\u00e4lt Kiesels\u00e4ure, Humin- und Fulvos\u00e4uren, die nat\u00fcrlicherweise im Boden vorkommen, sowie einen Braunalgenextrakt, der reich an Spurenelementen, Aminos\u00e4uren und Vitaminen ist.<\/li>\n<li><strong>Verbesserte Absorption<\/strong> : Algenextrakt bildet eine halbdurchl\u00e4ssige Membran um die Wurzeln, die eine bessere Wasser- und N\u00e4hrstoffaufnahme f\u00f6rdert. Dies sorgt f\u00fcr widerstandsf\u00e4higere Pflanzen und optimales Wachstum. <\/li>\n<li><strong>\u00d6kologisch und effizient<\/strong> : Dieses Anbausystem respektiert die Umwelt und garantiert dank innovativer Produktionsmethoden au\u00dfergew\u00f6hnliche Ergebnisse.<\/li>\n<\/ul>\n<p>Verw\u00f6hnen Sie Ihre Pflanzen mit dem Besten der Hydrokultur-Technologie mit Canna Aqua Vega f\u00fcr ein gesundes, lang anhaltendes Wachstum.<\/p>\n","protected":false},"excerpt":{"rendered":"<p>Canna Aqua Vega A und B Spezieller Wachstumsd\u00fcnger f\u00fcr hydroponische Anbausysteme Spektakul\u00e4res und vitales Wachstum : Aqua Vega wurde speziell entwickelt, um ein schnelles und gesundes Pflanzenwachstum zu gew\u00e4hrleisten, insbesondere in wasserzirkulierenden hydroponischen Systemen wie General Hydroponics Airflow &amp; Waterfarm, NFT und HGS. Wasser- und N\u00e4hrstoffeinsparung: Durch die Wiederverwendung von N\u00e4hrstoffen \u00fcber den Wasserkreislauf reduziert [&hellip;]<\/p>\n","protected":false},"featured_media":22102,"comment_status":"open","ping_status":"closed","template":"","meta":{"_seopress_robots_primary_cat":"none","_seopress_titles_title":"Canna Aqua Vega A+B (10L) - GreenKingdom","_seopress_titles_desc":"Aqua Vega wurde speziell entwickelt, um ein schnelles und gesundes Pflanzenwachstum zu gew\u00e4hrleisten, insbesondere in wasserzirkulierenden Hydrokultursystemen wie General Hydroponics Airflow & Waterfarm, NFT und HGS.","_seopress_robots_index":""},"product_brand":[],"product_cat":[574],"product_tag":[],"class_list":{"0":"post-22110","1":"product","2":"type-product","3":"status-publish","4":"has-post-thumbnail","6":"product_cat-canna-de","9":"instock","10":"taxable","11":"shipping-taxable","12":"purchasable","13":"product-type-simple","14":"product-grid-view"},"_links":{"self":[{"href":"https:\/\/greenkingdom.ch\/de\/wp-json\/wp\/v2\/product\/22110","targetHints":{"allow":["GET"]}}],"collection":[{"href":"https:\/\/greenkingdom.ch\/de\/wp-json\/wp\/v2\/product"}],"about":[{"href":"https:\/\/greenkingdom.ch\/de\/wp-json\/wp\/v2\/types\/product"}],"replies":[{"embeddable":true,"href":"https:\/\/greenkingdom.ch\/de\/wp-json\/wp\/v2\/comments?post=22110"}],"version-history":[{"count":4,"href":"https:\/\/greenkingdom.ch\/de\/wp-json\/wp\/v2\/product\/22110\/revisions"}],"predecessor-version":[{"id":27477,"href":"https:\/\/greenkingdom.ch\/de\/wp-json\/wp\/v2\/product\/22110\/revisions\/27477"}],"wp:featuredmedia":[{"embeddable":true,"href":"https:\/\/greenkingdom.ch\/de\/wp-json\/wp\/v2\/media\/22102"}],"wp:attachment":[{"href":"https:\/\/greenkingdom.ch\/de\/wp-json\/wp\/v2\/media?parent=22110"}],"wp:term":[{"taxonomy":"product_brand","embeddable":true,"href":"https:\/\/greenkingdom.ch\/de\/wp-json\/wp\/v2\/product_brand?post=22110"},{"taxonomy":"product_cat","embeddable":true,"href":"https:\/\/greenkingdom.ch\/de\/wp-json\/wp\/v2\/product_cat?post=22110"},{"taxonomy":"product_tag","embeddable":true,"href":"https:\/\/greenkingdom.ch\/de\/wp-json\/wp\/v2\/product_tag?post=22110"}],"curies":[{"name":"wp","href":"https:\/\/api.w.org\/{rel}","templated":true}]}}