{"id":22130,"date":"2024-12-10T15:46:01","date_gmt":"2024-12-10T14:46:01","guid":{"rendered":"https:\/\/greenkingdom.ch\/?post_type=product&#038;p=22130"},"modified":"2025-01-02T14:48:40","modified_gmt":"2025-01-02T13:48:40","slug":"canna-aqua-flores-ab-5l","status":"publish","type":"product","link":"https:\/\/greenkingdom.ch\/de\/produkt\/canna-aqua-flores-ab-5l\/","title":{"rendered":"Canna Aqua Flores A+B 5L"},"content":{"rendered":"<p><strong>Canna Aqua Flores A und B<\/strong><br \/>\n<em>Bl\u00fchd\u00fcnger f\u00fcr hydroponische Systeme mit Wasserzirkulation<\/em><\/p>\n<ul>\n<li><strong>Formuliert f\u00fcr hydroponische Systeme<\/strong> : Canna Aqua Flores wurde speziell f\u00fcr wasserzirkulierende Anbausysteme wie General Hydroponics Airflow &amp; Waterfarm, NFT und HGS entwickelt. Die Zirkulation des Wassers erm\u00f6glicht die Wiederverwendung von N\u00e4hrstoffen, wodurch die Menge an Wasser und D\u00fcnger reduziert wird, was das System umweltfreundlicher macht. <\/li>\n<li><strong>Mit N\u00e4hrstoffen angereicherte Zusammensetzung<\/strong> : Aqua Flores enth\u00e4lt Kiesels\u00e4ure, Humin- und Fulvos\u00e4uren, die nat\u00fcrlicherweise im Boden vorkommen, sowie Braunalgenextrakt, der reich an Spurenelementen, Aminos\u00e4uren und Vitaminen ist.<\/li>\n<li><strong>Optimierung der Absorption<\/strong> : Algenextrakt bildet eine semipermeable Membran um die Wurzeln und f\u00f6rdert so eine bessere Aufnahme von Wasser und N\u00e4hrstoffen. Dies st\u00e4rkt die Widerstandskraft der Pflanzen und unterst\u00fctzt ihr optimales Wachstum. <\/li>\n<li><strong>Umweltfreundlich<\/strong> : Aqua Flores ist dank seiner Rezeptur und seines Wasserzirkulationssystems nicht nur effektiv f\u00fcr die Bl\u00fcte, sondern auch besonders umweltfreundlich, indem es die Verschwendung von Ressourcen reduziert.<\/li>\n<\/ul>\n<p>Canna Aqua Flores ist der ideale D\u00fcnger, um eine \u00fcppige und qualitativ hochwertige Bl\u00fcte zu gew\u00e4hrleisten und gleichzeitig die Umwelt zu schonen und den Wasser- und N\u00e4hrstoffbedarf Ihrer Pflanzen zu optimieren.<\/p>\n","protected":false},"excerpt":{"rendered":"<p>Canna Aqua Flores A und B Bl\u00fchd\u00fcnger f\u00fcr hydroponische Systeme mit Wasserzirkulation Formuliert f\u00fcr hydroponische Systeme : Canna Aqua Flores wurde speziell f\u00fcr wasserzirkulierende Anbausysteme wie General Hydroponics Airflow &amp; Waterfarm, NFT und HGS entwickelt. Die Zirkulation des Wassers erm\u00f6glicht die Wiederverwendung von N\u00e4hrstoffen, wodurch die Menge an Wasser und D\u00fcnger reduziert wird, was das [&hellip;]<\/p>\n","protected":false},"featured_media":22134,"comment_status":"open","ping_status":"closed","template":"","meta":{"_seopress_robots_primary_cat":"none","_seopress_titles_title":"Canna Aqua Flores A+B 5L - GreenKingdom","_seopress_titles_desc":"Canna Aqua Flores ist der ideale D\u00fcnger, um eine \u00fcppige und qualitativ hochwertige Bl\u00fcte zu gew\u00e4hrleisten und gleichzeitig die Umwelt zu schonen und den Wasser- und N\u00e4hrstoffbedarf Ihrer Pflanzen zu optimieren.","_seopress_robots_index":""},"product_brand":[],"product_cat":[574],"product_tag":[],"class_list":{"0":"post-22130","1":"product","2":"type-product","3":"status-publish","4":"has-post-thumbnail","6":"product_cat-canna-de","9":"instock","10":"taxable","11":"shipping-taxable","12":"purchasable","13":"product-type-simple","14":"product-grid-view"},"_links":{"self":[{"href":"https:\/\/greenkingdom.ch\/de\/wp-json\/wp\/v2\/product\/22130","targetHints":{"allow":["GET"]}}],"collection":[{"href":"https:\/\/greenkingdom.ch\/de\/wp-json\/wp\/v2\/product"}],"about":[{"href":"https:\/\/greenkingdom.ch\/de\/wp-json\/wp\/v2\/types\/product"}],"replies":[{"embeddable":true,"href":"https:\/\/greenkingdom.ch\/de\/wp-json\/wp\/v2\/comments?post=22130"}],"version-history":[{"count":5,"href":"https:\/\/greenkingdom.ch\/de\/wp-json\/wp\/v2\/product\/22130\/revisions"}],"predecessor-version":[{"id":27478,"href":"https:\/\/greenkingdom.ch\/de\/wp-json\/wp\/v2\/product\/22130\/revisions\/27478"}],"wp:featuredmedia":[{"embeddable":true,"href":"https:\/\/greenkingdom.ch\/de\/wp-json\/wp\/v2\/media\/22134"}],"wp:attachment":[{"href":"https:\/\/greenkingdom.ch\/de\/wp-json\/wp\/v2\/media?parent=22130"}],"wp:term":[{"taxonomy":"product_brand","embeddable":true,"href":"https:\/\/greenkingdom.ch\/de\/wp-json\/wp\/v2\/product_brand?post=22130"},{"taxonomy":"product_cat","embeddable":true,"href":"https:\/\/greenkingdom.ch\/de\/wp-json\/wp\/v2\/product_cat?post=22130"},{"taxonomy":"product_tag","embeddable":true,"href":"https:\/\/greenkingdom.ch\/de\/wp-json\/wp\/v2\/product_tag?post=22130"}],"curies":[{"name":"wp","href":"https:\/\/api.w.org\/{rel}","templated":true}]}}