{"id":22162,"date":"2024-12-10T15:52:28","date_gmt":"2024-12-10T14:52:28","guid":{"rendered":"https:\/\/greenkingdom.ch\/?post_type=product&#038;p=22162"},"modified":"2025-01-02T14:48:47","modified_gmt":"2025-01-02T13:48:47","slug":"canna-coco-ab-5l","status":"publish","type":"product","link":"https:\/\/greenkingdom.ch\/de\/produkt\/canna-coco-ab-5l\/","title":{"rendered":"Canna Coco A+B 5L"},"content":{"rendered":"<p><strong>Canna Coco A&amp;B<\/strong><br \/>\n<em>Speziell f\u00fcr Kokossubstrate entwickelter D\u00fcnger<\/em><\/p>\n<ul>\n<li><strong>Innovative Rezeptur<\/strong> : Nach jahrelanger Forschung \u00fcber Boden, Drainage und Pflanzenbed\u00fcrfnisse war CANNA der erste Hersteller, der einen D\u00fcnger entwickelt hat, der die einzigartigen Eigenschaften des Kokossubstrats vollst\u00e4ndig ber\u00fccksichtigt.<\/li>\n<li><strong>Hochwertige N\u00e4hrstoffe<\/strong> : Canna Coco A&amp;B enthalten essentielle Mineralien, nat\u00fcrliche Chelate sowie Humin- und Fulvos\u00e4uren. Diese Komponenten sorgen f\u00fcr eine optimale N\u00e4hrstoffversorgung und sorgen so f\u00fcr ein gesundes und kr\u00e4ftiges Pflanzenwachstum. <\/li>\n<li><strong>Explosives Wachstum und \u00fcppige Bl\u00fcte<\/strong> : Dank der einzigartigen Speicherkapazit\u00e4t des Kokossubstrats erm\u00f6glicht dieser D\u00fcnger den Pflanzen, von einer kontinuierlichen und ausgewogenen Ern\u00e4hrung zu profitieren. Canna Coco ist daf\u00fcr bekannt, ein schnelles Wachstum und eine \u00fcppige Bl\u00fcte zu f\u00f6rdern. <\/li>\n<li><strong>Lebenszyklusanwendung<\/strong> : Canna Coco A &amp; B D\u00fcnger eignen sich sowohl f\u00fcr die vegetative als auch f\u00fcr die Bl\u00fctephase und sorgen f\u00fcr au\u00dfergew\u00f6hnliche Ergebnisse w\u00e4hrend des gesamten Lebenszyklus der Pflanze.<\/li>\n<\/ul>\n<p>Canna Coco A&amp;B ist der ideale D\u00fcnger, um die Leistung von Kokospflanzen zu maximieren und ein schnelles Wachstum und eine Bl\u00fcte von h\u00f6chster Qualit\u00e4t zu gew\u00e4hrleisten.<\/p>\n","protected":false},"excerpt":{"rendered":"<p>Canna Coco A&amp;B Speziell f\u00fcr Kokossubstrate entwickelter D\u00fcnger Innovative Rezeptur : Nach jahrelanger Forschung \u00fcber Boden, Drainage und Pflanzenbed\u00fcrfnisse war CANNA der erste Hersteller, der einen D\u00fcnger entwickelt hat, der die einzigartigen Eigenschaften des Kokossubstrats vollst\u00e4ndig ber\u00fccksichtigt. Hochwertige N\u00e4hrstoffe : Canna Coco A&amp;B enthalten essentielle Mineralien, nat\u00fcrliche Chelate sowie Humin- und Fulvos\u00e4uren. Diese Komponenten sorgen [&hellip;]<\/p>\n","protected":false},"featured_media":22166,"comment_status":"open","ping_status":"closed","template":"","meta":{"_seopress_robots_primary_cat":"none","_seopress_titles_title":"Canna Coco A+B (5L) - GreenKingdom","_seopress_titles_desc":"Canna Coco A&B ist der ideale D\u00fcnger, um die Leistung von Kokospflanzen zu maximieren und ein schnelles Wachstum und eine Bl\u00fcte von h\u00f6chster Qualit\u00e4t zu gew\u00e4hrleisten.","_seopress_robots_index":""},"product_brand":[],"product_cat":[574],"product_tag":[],"class_list":{"0":"post-22162","1":"product","2":"type-product","3":"status-publish","4":"has-post-thumbnail","6":"product_cat-canna-de","9":"instock","10":"taxable","11":"shipping-taxable","12":"purchasable","13":"product-type-simple","14":"product-grid-view"},"_links":{"self":[{"href":"https:\/\/greenkingdom.ch\/de\/wp-json\/wp\/v2\/product\/22162","targetHints":{"allow":["GET"]}}],"collection":[{"href":"https:\/\/greenkingdom.ch\/de\/wp-json\/wp\/v2\/product"}],"about":[{"href":"https:\/\/greenkingdom.ch\/de\/wp-json\/wp\/v2\/types\/product"}],"replies":[{"embeddable":true,"href":"https:\/\/greenkingdom.ch\/de\/wp-json\/wp\/v2\/comments?post=22162"}],"version-history":[{"count":4,"href":"https:\/\/greenkingdom.ch\/de\/wp-json\/wp\/v2\/product\/22162\/revisions"}],"predecessor-version":[{"id":27487,"href":"https:\/\/greenkingdom.ch\/de\/wp-json\/wp\/v2\/product\/22162\/revisions\/27487"}],"wp:featuredmedia":[{"embeddable":true,"href":"https:\/\/greenkingdom.ch\/de\/wp-json\/wp\/v2\/media\/22166"}],"wp:attachment":[{"href":"https:\/\/greenkingdom.ch\/de\/wp-json\/wp\/v2\/media?parent=22162"}],"wp:term":[{"taxonomy":"product_brand","embeddable":true,"href":"https:\/\/greenkingdom.ch\/de\/wp-json\/wp\/v2\/product_brand?post=22162"},{"taxonomy":"product_cat","embeddable":true,"href":"https:\/\/greenkingdom.ch\/de\/wp-json\/wp\/v2\/product_cat?post=22162"},{"taxonomy":"product_tag","embeddable":true,"href":"https:\/\/greenkingdom.ch\/de\/wp-json\/wp\/v2\/product_tag?post=22162"}],"curies":[{"name":"wp","href":"https:\/\/api.w.org\/{rel}","templated":true}]}}