{"id":22182,"date":"2024-12-10T15:57:14","date_gmt":"2024-12-10T14:57:14","guid":{"rendered":"https:\/\/greenkingdom.ch\/?post_type=product&#038;p=22182"},"modified":"2025-01-02T14:48:55","modified_gmt":"2025-01-02T13:48:55","slug":"canna-flush-1l","status":"publish","type":"product","link":"https:\/\/greenkingdom.ch\/de\/produkt\/canna-flush-1l\/","title":{"rendered":"Canna Sp\u00fclung 1L"},"content":{"rendered":"<p><strong>Canna Sp\u00fclung<\/strong><br \/>\n<em>Zusatzstoff zur Entfernung von \u00fcbersch\u00fcssigen N\u00e4hrstoffen und Mineralien<\/em><\/p>\n<ul>\n<li><strong>Entfernt \u00fcbersch\u00fcssige N\u00e4hrstoffe<\/strong> : Canna Flush ist ein Additiv, das entwickelt wurde, um unn\u00f6tige D\u00fcngerr\u00fcckst\u00e4nde von Pflanzen und Substraten zu entfernen und so eine sauberere Ernte zu gew\u00e4hrleisten.<\/li>\n<li><strong>Mikrofauna freundlich<\/strong> : Dieses Produkt entfernt \u00fcbersch\u00fcssige N\u00e4hrstoffe, ohne n\u00fctzliche Bakterien und Pilze im Boden zu sch\u00e4digen, und h\u00e4lt das Substrat im Gleichgewicht.<\/li>\n<li><strong>Saubere und schmackhafte Ernte<\/strong> : Kurz vor der Ernte angewendet, reinigt Canna Flush die Pflanzen von \u00fcbrig gebliebenen N\u00e4hrstoffen und sorgt so f\u00fcr eine hochwertigere, schmackhaftere und ges\u00fcndere Ernte.<\/li>\n<li><strong>Ideal bei \u00dcberd\u00fcngung<\/strong> : Canna Flush wird auch empfohlen, um die Auswirkungen einer \u00dcberd\u00fcngung zu korrigieren und \u00fcbersch\u00fcssige N\u00e4hrstoffe, die sich im Substrat angesammelt haben, zu entfernen.<\/li>\n<\/ul>\n<p>Erzielen Sie optimale Ergebnisse mit einer sauberen, schmackhaften und r\u00fcckstandsfreien Ernte mit Canna Flush.<\/p>\n","protected":false},"excerpt":{"rendered":"<p>Canna Sp\u00fclung Zusatzstoff zur Entfernung von \u00fcbersch\u00fcssigen N\u00e4hrstoffen und Mineralien Entfernt \u00fcbersch\u00fcssige N\u00e4hrstoffe : Canna Flush ist ein Additiv, das entwickelt wurde, um unn\u00f6tige D\u00fcngerr\u00fcckst\u00e4nde von Pflanzen und Substraten zu entfernen und so eine sauberere Ernte zu gew\u00e4hrleisten. Mikrofauna freundlich : Dieses Produkt entfernt \u00fcbersch\u00fcssige N\u00e4hrstoffe, ohne n\u00fctzliche Bakterien und Pilze im Boden zu sch\u00e4digen, [&hellip;]<\/p>\n","protected":false},"featured_media":22186,"comment_status":"open","ping_status":"closed","template":"","meta":{"_seopress_robots_primary_cat":"none","_seopress_titles_title":"Canna Flush (1L) - Gr\u00fcnes K\u00f6nigreich","_seopress_titles_desc":"Erzielen Sie optimale Ergebnisse mit einer sauberen, schmackhaften und r\u00fcckstandsfreien Ernte mit Canna Flush.","_seopress_robots_index":""},"product_brand":[],"product_cat":[574],"product_tag":[],"class_list":{"0":"post-22182","1":"product","2":"type-product","3":"status-publish","4":"has-post-thumbnail","6":"product_cat-canna-de","9":"instock","10":"taxable","11":"shipping-taxable","12":"purchasable","13":"product-type-simple","14":"product-grid-view"},"_links":{"self":[{"href":"https:\/\/greenkingdom.ch\/de\/wp-json\/wp\/v2\/product\/22182","targetHints":{"allow":["GET"]}}],"collection":[{"href":"https:\/\/greenkingdom.ch\/de\/wp-json\/wp\/v2\/product"}],"about":[{"href":"https:\/\/greenkingdom.ch\/de\/wp-json\/wp\/v2\/types\/product"}],"replies":[{"embeddable":true,"href":"https:\/\/greenkingdom.ch\/de\/wp-json\/wp\/v2\/comments?post=22182"}],"version-history":[{"count":4,"href":"https:\/\/greenkingdom.ch\/de\/wp-json\/wp\/v2\/product\/22182\/revisions"}],"predecessor-version":[{"id":27497,"href":"https:\/\/greenkingdom.ch\/de\/wp-json\/wp\/v2\/product\/22182\/revisions\/27497"}],"wp:featuredmedia":[{"embeddable":true,"href":"https:\/\/greenkingdom.ch\/de\/wp-json\/wp\/v2\/media\/22186"}],"wp:attachment":[{"href":"https:\/\/greenkingdom.ch\/de\/wp-json\/wp\/v2\/media?parent=22182"}],"wp:term":[{"taxonomy":"product_brand","embeddable":true,"href":"https:\/\/greenkingdom.ch\/de\/wp-json\/wp\/v2\/product_brand?post=22182"},{"taxonomy":"product_cat","embeddable":true,"href":"https:\/\/greenkingdom.ch\/de\/wp-json\/wp\/v2\/product_cat?post=22182"},{"taxonomy":"product_tag","embeddable":true,"href":"https:\/\/greenkingdom.ch\/de\/wp-json\/wp\/v2\/product_tag?post=22182"}],"curies":[{"name":"wp","href":"https:\/\/api.w.org\/{rel}","templated":true}]}}