{"id":22194,"date":"2024-12-10T16:00:10","date_gmt":"2024-12-10T15:00:10","guid":{"rendered":"https:\/\/greenkingdom.ch\/?post_type=product&#038;p=22194"},"modified":"2025-01-02T14:48:53","modified_gmt":"2025-01-02T13:48:53","slug":"canna-mono-potassium-1l","status":"publish","type":"product","link":"https:\/\/greenkingdom.ch\/de\/produkt\/canna-mono-potassium-1l\/","title":{"rendered":"Canna Mono Kalium K 15% 1L"},"content":{"rendered":"<p><strong>Canna Mono Kalium K 16% (1 Liter)<\/strong><br \/>\n<em>Regt die Bl\u00fcte an und st\u00e4rkt die Pflanzen mit organischem Kalium<\/em><\/p>\n<ul>\n<li><strong>Optimiert die Bl\u00fcte<\/strong> : Das organische Kalium in Canna Mono Potassium K steigert effektiv die Qualit\u00e4t und Quantit\u00e4t der Bl\u00fcten und f\u00f6rdert eine \u00fcppigere und intensivere Bl\u00fcte.<\/li>\n<li><strong>St\u00e4rkt die Pflanzen<\/strong> : Dieses Produkt st\u00e4rkt das Zellgewebe der Pflanze und erh\u00f6ht ihre Widerstandsf\u00e4higkeit gegen Stress und Krankheiten.<\/li>\n<li><strong>Reguliert den Wasserhaushalt<\/strong> : Kalium spielt eine Schl\u00fcsselrolle bei der Kontrolle des Wasserhaushalts und erleichtert den Transport von Wasser und N\u00e4hrstoffen durch die Pflanze.<\/li>\n<li>Unterst\u00fctzt die Synthese: Es f\u00f6rdert die Synthese von Proteinen und <strong>Kohlenhydraten<\/strong>, die f\u00fcr ein gesundes Wachstum und eine gesunde Bl\u00fcte unerl\u00e4sslich sind.<\/li>\n<li><strong>Vielseitig einsetzbar<\/strong> : Canna Mono Potassium K ist ideal bei Kaliummangel, kann aber auch als Erg\u00e4nzung zur Anregung der Bl\u00fctephase verwendet werden.<\/li>\n<\/ul>\n<p>Ein unverzichtbares Produkt, um die Bl\u00fcte zu optimieren und robuste und produktive Pflanzen zu garantieren.<\/p>\n","protected":false},"excerpt":{"rendered":"<p>Canna Mono Kalium K 16% (1 Liter) Regt die Bl\u00fcte an und st\u00e4rkt die Pflanzen mit organischem Kalium Optimiert die Bl\u00fcte : Das organische Kalium in Canna Mono Potassium K steigert effektiv die Qualit\u00e4t und Quantit\u00e4t der Bl\u00fcten und f\u00f6rdert eine \u00fcppigere und intensivere Bl\u00fcte. St\u00e4rkt die Pflanzen : Dieses Produkt st\u00e4rkt das Zellgewebe der [&hellip;]<\/p>\n","protected":false},"featured_media":22207,"comment_status":"open","ping_status":"closed","template":"","meta":{"_seopress_robots_primary_cat":"none","_seopress_titles_title":"Canna Mono Kalium 15% (1L) - Gr\u00fcnes K\u00f6nigreich","_seopress_titles_desc":"Ein unverzichtbares Produkt, um die Bl\u00fcte zu optimieren und robuste und produktive Pflanzen zu garantieren.","_seopress_robots_index":""},"product_brand":[],"product_cat":[574],"product_tag":[],"class_list":{"0":"post-22194","1":"product","2":"type-product","3":"status-publish","4":"has-post-thumbnail","6":"product_cat-canna-de","9":"instock","10":"taxable","11":"shipping-taxable","12":"purchasable","13":"product-type-simple","14":"product-grid-view"},"_links":{"self":[{"href":"https:\/\/greenkingdom.ch\/de\/wp-json\/wp\/v2\/product\/22194","targetHints":{"allow":["GET"]}}],"collection":[{"href":"https:\/\/greenkingdom.ch\/de\/wp-json\/wp\/v2\/product"}],"about":[{"href":"https:\/\/greenkingdom.ch\/de\/wp-json\/wp\/v2\/types\/product"}],"replies":[{"embeddable":true,"href":"https:\/\/greenkingdom.ch\/de\/wp-json\/wp\/v2\/comments?post=22194"}],"version-history":[{"count":4,"href":"https:\/\/greenkingdom.ch\/de\/wp-json\/wp\/v2\/product\/22194\/revisions"}],"predecessor-version":[{"id":27494,"href":"https:\/\/greenkingdom.ch\/de\/wp-json\/wp\/v2\/product\/22194\/revisions\/27494"}],"wp:featuredmedia":[{"embeddable":true,"href":"https:\/\/greenkingdom.ch\/de\/wp-json\/wp\/v2\/media\/22207"}],"wp:attachment":[{"href":"https:\/\/greenkingdom.ch\/de\/wp-json\/wp\/v2\/media?parent=22194"}],"wp:term":[{"taxonomy":"product_brand","embeddable":true,"href":"https:\/\/greenkingdom.ch\/de\/wp-json\/wp\/v2\/product_brand?post=22194"},{"taxonomy":"product_cat","embeddable":true,"href":"https:\/\/greenkingdom.ch\/de\/wp-json\/wp\/v2\/product_cat?post=22194"},{"taxonomy":"product_tag","embeddable":true,"href":"https:\/\/greenkingdom.ch\/de\/wp-json\/wp\/v2\/product_tag?post=22194"}],"curies":[{"name":"wp","href":"https:\/\/api.w.org\/{rel}","templated":true}]}}