{"id":22220,"date":"2024-12-10T16:16:33","date_gmt":"2024-12-10T15:16:33","guid":{"rendered":"https:\/\/greenkingdom.ch\/?post_type=product&#038;p=22220"},"modified":"2025-01-02T14:47:45","modified_gmt":"2025-01-02T13:47:45","slug":"canna-mono-phosphore-1l","status":"publish","type":"product","link":"https:\/\/greenkingdom.ch\/de\/produkt\/canna-mono-phosphore-1l\/","title":{"rendered":"Canna Mono Phosphor 1L"},"content":{"rendered":"<p><strong>Canna Mono Phosphor P<\/strong><br \/>\n<em>Fl\u00fcssigd\u00fcnger zur Stimulierung der Bl\u00fcte und zur Behebung von Phosphormangel<\/em><\/p>\n<p><strong>Canna Mono Phosphor<\/strong> ist ein Fl\u00fcssigd\u00fcnger, der die Bl\u00fcte anregt und sekund\u00e4re Pflanzenstoffe unterst\u00fctzt. Dank seiner fl\u00fcssigen Form wird es schnell von den Pflanzen aufgenommen und sorgt f\u00fcr eine optimale und sofortige Aufnahme essentieller N\u00e4hrstoffe. <\/p>\n<h3><strong>Hauptvorteile<\/strong> :<\/h3>\n<ul>\n<li><strong>Stimuliert die Bl\u00fcte<\/strong> : Phosphor ist ein entscheidendes Element bei der F\u00f6rderung der Bl\u00fcte und der Bl\u00fctenbildung und stimuliert die Entwicklung von Wurzeln und Bl\u00fctenstrukturen.<\/li>\n<li><strong>Rolle im Energiehaushalt<\/strong> : Phosphor spielt eine wichtige Rolle im Energiehaushalt der Pflanze und erleichtert die Produktion von Energie f\u00fcr Wachstum und Bl\u00fcte.<\/li>\n<li><strong>Ideale L\u00f6sung bei Phosphormangel<\/strong> : Canna Mono Phosphor ist besonders n\u00fctzlich zur Korrektur von Phosphormangel, einem wichtigen N\u00e4hrstoff, der oft in B\u00f6den oder Substraten begrenzt ist.<\/li>\n<li><strong>Fl\u00fcssige Form, schnelle Absorption<\/strong> : Dank seiner fl\u00fcssigen Formulierung wird dieses Produkt schnell von Pflanzen aufgenommen und garantiert sichtbare Ergebnisse in kurzer Zeit.<\/li>\n<\/ul>\n<p><strong>Canna Mono Phosphor P<\/strong> ist die ideale L\u00f6sung, um eine optimale Bl\u00fcte zu gew\u00e4hrleisten und Phosphormangel zu korrigieren und die Gesundheit und Produktivit\u00e4t Ihrer Pflanzen zu unterst\u00fctzen.<\/p>\n","protected":false},"excerpt":{"rendered":"<p>Canna Mono Phosphor P Fl\u00fcssigd\u00fcnger zur Stimulierung der Bl\u00fcte und zur Behebung von Phosphormangel Canna Mono Phosphor ist ein Fl\u00fcssigd\u00fcnger, der die Bl\u00fcte anregt und sekund\u00e4re Pflanzenstoffe unterst\u00fctzt. Dank seiner fl\u00fcssigen Form wird es schnell von den Pflanzen aufgenommen und sorgt f\u00fcr eine optimale und sofortige Aufnahme essentieller N\u00e4hrstoffe. Hauptvorteile : Stimuliert die Bl\u00fcte : [&hellip;]<\/p>\n","protected":false},"featured_media":22224,"comment_status":"open","ping_status":"closed","template":"","meta":{"_seopress_robots_primary_cat":"none","_seopress_titles_title":"Canna Mono Phosphorus (1L) - Gr\u00fcnes K\u00f6nigreich","_seopress_titles_desc":"Canna Mono Phosphor P ist die ideale L\u00f6sung, um eine optimale Bl\u00fcte zu gew\u00e4hrleisten und Phosphormangel zu korrigieren und die Gesundheit und Produktivit\u00e4t Ihrer Pflanzen zu unterst\u00fctzen.","_seopress_robots_index":""},"product_brand":[],"product_cat":[574],"product_tag":[],"class_list":{"0":"post-22220","1":"product","2":"type-product","3":"status-publish","4":"has-post-thumbnail","6":"product_cat-canna-de","9":"instock","10":"taxable","11":"shipping-taxable","12":"purchasable","13":"product-type-simple","14":"product-grid-view"},"_links":{"self":[{"href":"https:\/\/greenkingdom.ch\/de\/wp-json\/wp\/v2\/product\/22220","targetHints":{"allow":["GET"]}}],"collection":[{"href":"https:\/\/greenkingdom.ch\/de\/wp-json\/wp\/v2\/product"}],"about":[{"href":"https:\/\/greenkingdom.ch\/de\/wp-json\/wp\/v2\/types\/product"}],"replies":[{"embeddable":true,"href":"https:\/\/greenkingdom.ch\/de\/wp-json\/wp\/v2\/comments?post=22220"}],"version-history":[{"count":4,"href":"https:\/\/greenkingdom.ch\/de\/wp-json\/wp\/v2\/product\/22220\/revisions"}],"predecessor-version":[{"id":27444,"href":"https:\/\/greenkingdom.ch\/de\/wp-json\/wp\/v2\/product\/22220\/revisions\/27444"}],"wp:featuredmedia":[{"embeddable":true,"href":"https:\/\/greenkingdom.ch\/de\/wp-json\/wp\/v2\/media\/22224"}],"wp:attachment":[{"href":"https:\/\/greenkingdom.ch\/de\/wp-json\/wp\/v2\/media?parent=22220"}],"wp:term":[{"taxonomy":"product_brand","embeddable":true,"href":"https:\/\/greenkingdom.ch\/de\/wp-json\/wp\/v2\/product_brand?post=22220"},{"taxonomy":"product_cat","embeddable":true,"href":"https:\/\/greenkingdom.ch\/de\/wp-json\/wp\/v2\/product_cat?post=22220"},{"taxonomy":"product_tag","embeddable":true,"href":"https:\/\/greenkingdom.ch\/de\/wp-json\/wp\/v2\/product_tag?post=22220"}],"curies":[{"name":"wp","href":"https:\/\/api.w.org\/{rel}","templated":true}]}}