{"id":22244,"date":"2024-12-10T16:23:53","date_gmt":"2024-12-10T15:23:53","guid":{"rendered":"https:\/\/greenkingdom.ch\/?post_type=product&#038;p=22244"},"modified":"2025-01-02T14:47:46","modified_gmt":"2025-01-02T13:47:46","slug":"canna-mono-nitrogen-1l","status":"publish","type":"product","link":"https:\/\/greenkingdom.ch\/de\/produkt\/canna-mono-nitrogen-1l\/","title":{"rendered":"Canna Mono Stickstoff 1L"},"content":{"rendered":"<p><strong>Canna Mono Stickstoff N 17%<\/strong><br \/>\n<em>Stickstoffd\u00fcnger zur Stimulierung des vegetativen Wachstums<\/em><\/p>\n<p><strong>Canna Mono Nitrogen N 17%<\/strong> ist ein fl\u00fcssiger Minerald\u00fcnger, der speziell entwickelt wurde, um Pflanzen optimal mit Stickstoff zu versorgen. Es enth\u00e4lt 17 % Stickstoff, davon 6 % in Form von Ammonium, 11 % Amidstickstoff und 10 % Nitrat, sowie komplement\u00e4re Elemente wie 2,5 % MgO und 6,5 % CaO. <\/p>\n<h3><strong>Hauptvorteile<\/strong> :<\/h3>\n<ul>\n<li><strong>Vollst\u00e4ndige Stickstoffversorgung<\/strong> : Stickstoff ist essentiell f\u00fcr die Proteinsynthese und den Energiestoffwechsel in Pflanzen und f\u00f6rdert die Entwicklung und das Wachstum der Pflanzen.<\/li>\n<li><strong>Wirkung auf Chlorophyll und DNA:<\/strong> Es spielt auch eine Schl\u00fcsselrolle bei der Chlorophyllproduktion, der DNA-Struktur und der Produktion von Sekund\u00e4rmetaboliten und tr\u00e4gt zu einem ges\u00fcnderen und robusteren Wachstum bei.<\/li>\n<li><strong>St\u00e4rkung der Widerstandsf\u00e4higkeit<\/strong> : Stickstoff tr\u00e4gt dazu bei, die Widerstandsf\u00e4higkeit der Pflanzen gegen Umwelteinfl\u00fcsse zu erh\u00f6hen und die allgemeine Gesundheit zu verbessern.<\/li>\n<li><strong>Schnelle Absorption<\/strong> : Fl\u00fcssigd\u00fcnger wird schnell von der Pflanze aufgenommen, was eine sofortige Wirkung auf das vegetative Wachstum erm\u00f6glicht.<\/li>\n<li><strong>Vertr\u00e4glichkeit<\/strong> : Canna Mono Stickstoff kann mit den meisten D\u00fcngemitteln gemischt werden, mit Ausnahme von konzentrierten D\u00fcngemitteln, die Sulfate enthalten.<\/li>\n<\/ul>\n<p><strong>Canna Mono Nitrogen N 17%<\/strong> ist das ideale Werkzeug, um ein schnelles und gesundes vegetatives Wachstum zu unterst\u00fctzen und eine vollst\u00e4ndige und sofort verf\u00fcgbare Stickstoffversorgung f\u00fcr Ihre Pflanzen zu gew\u00e4hrleisten.<\/p>\n","protected":false},"excerpt":{"rendered":"<p>Canna Mono Stickstoff N 17% Stickstoffd\u00fcnger zur Stimulierung des vegetativen Wachstums Canna Mono Nitrogen N 17% ist ein fl\u00fcssiger Minerald\u00fcnger, der speziell entwickelt wurde, um Pflanzen optimal mit Stickstoff zu versorgen. Es enth\u00e4lt 17 % Stickstoff, davon 6 % in Form von Ammonium, 11 % Amidstickstoff und 10 % Nitrat, sowie komplement\u00e4re Elemente wie 2,5 [&hellip;]<\/p>\n","protected":false},"featured_media":22248,"comment_status":"open","ping_status":"closed","template":"","meta":{"_seopress_robots_primary_cat":"none","_seopress_titles_title":"Canna Mono Stickstoff (1L) - Gr\u00fcnes K\u00f6nigreich","_seopress_titles_desc":"Canna Mono Nitrogen N 17% ist das ideale Werkzeug, um ein schnelles und gesundes vegetatives Wachstum zu unterst\u00fctzen und eine vollst\u00e4ndige und sofort verf\u00fcgbare Stickstoffversorgung f\u00fcr Ihre Pflanzen zu gew\u00e4hrleisten.","_seopress_robots_index":""},"product_brand":[],"product_cat":[574],"product_tag":[],"class_list":{"0":"post-22244","1":"product","2":"type-product","3":"status-publish","4":"has-post-thumbnail","6":"product_cat-canna-de","9":"instock","10":"taxable","11":"shipping-taxable","12":"purchasable","13":"product-type-simple","14":"product-grid-view"},"_links":{"self":[{"href":"https:\/\/greenkingdom.ch\/de\/wp-json\/wp\/v2\/product\/22244","targetHints":{"allow":["GET"]}}],"collection":[{"href":"https:\/\/greenkingdom.ch\/de\/wp-json\/wp\/v2\/product"}],"about":[{"href":"https:\/\/greenkingdom.ch\/de\/wp-json\/wp\/v2\/types\/product"}],"replies":[{"embeddable":true,"href":"https:\/\/greenkingdom.ch\/de\/wp-json\/wp\/v2\/comments?post=22244"}],"version-history":[{"count":4,"href":"https:\/\/greenkingdom.ch\/de\/wp-json\/wp\/v2\/product\/22244\/revisions"}],"predecessor-version":[{"id":27447,"href":"https:\/\/greenkingdom.ch\/de\/wp-json\/wp\/v2\/product\/22244\/revisions\/27447"}],"wp:featuredmedia":[{"embeddable":true,"href":"https:\/\/greenkingdom.ch\/de\/wp-json\/wp\/v2\/media\/22248"}],"wp:attachment":[{"href":"https:\/\/greenkingdom.ch\/de\/wp-json\/wp\/v2\/media?parent=22244"}],"wp:term":[{"taxonomy":"product_brand","embeddable":true,"href":"https:\/\/greenkingdom.ch\/de\/wp-json\/wp\/v2\/product_brand?post=22244"},{"taxonomy":"product_cat","embeddable":true,"href":"https:\/\/greenkingdom.ch\/de\/wp-json\/wp\/v2\/product_cat?post=22244"},{"taxonomy":"product_tag","embeddable":true,"href":"https:\/\/greenkingdom.ch\/de\/wp-json\/wp\/v2\/product_tag?post=22244"}],"curies":[{"name":"wp","href":"https:\/\/api.w.org\/{rel}","templated":true}]}}