{"id":22308,"date":"2024-12-10T16:52:45","date_gmt":"2024-12-10T15:52:45","guid":{"rendered":"https:\/\/greenkingdom.ch\/?post_type=product&#038;p=22308"},"modified":"2025-01-02T14:48:03","modified_gmt":"2025-01-02T13:48:03","slug":"canna-cogr-buffer-agent-5l","status":"publish","type":"product","link":"https:\/\/greenkingdom.ch\/de\/produkt\/canna-cogr-buffer-agent-5l\/","title":{"rendered":"Canna CoGr Puffer 5L"},"content":{"rendered":"<h3><strong>CoGr Teppiche<\/strong><\/h3>\n<p><strong>Canna CoGr Buffer Agent<\/strong> ist ein unverzichtbares Produkt f\u00fcr die Vorbereitung Ihrer CoGr-Matten vor dem ersten Gebrauch. Dieser Schritt ist unerl\u00e4sslich, damit das Substrat einwandfrei funktioniert und seine Vorteile nutzen kann. <\/p>\n<h3><strong>Wie benutzt man Canna CoGr Buffer Agent?<\/strong><\/h3>\n<ul>\n<li><strong>Mix<\/strong> : <strong>2 ml<\/strong> <strong>Canna CoGr Puffer<\/strong> in <strong>1 Liter Wasser verd\u00fcnnen<\/strong>.<\/li>\n<li><strong>Anwendung<\/strong> : Tauchen Sie CoGr-Matten in diese Mischung und lassen Sie sie <strong>24 Stunden<\/strong> einweichen. Lassen Sie dann das \u00fcbersch\u00fcssige Wasser ab. <\/li>\n<li><strong>Empfohlener pH-Wert<\/strong> : 5,2 &#8211; 6,2.<\/li>\n<\/ul>\n<h3><strong>Was ist der CoGr?<\/strong><\/h3>\n<p>CoGr ist ein Substrat <strong>auf Kokosbasis<\/strong> mit einer <strong>gr\u00f6beren Struktur<\/strong>, ideal f\u00fcr erfahrene Z\u00fcchter. Es besteht aus <strong>Grie\u00df<\/strong>, <strong>Fasern<\/strong> und <strong>Kokosgranulat<\/strong>, wodurch sich die Wurzeln dank besserer Bel\u00fcftung schnell entwickeln k\u00f6nnen. <\/p>\n<h3><strong>Warum ist CoGr \u00fcberlegen?<\/strong><\/h3>\n<ul>\n<li><strong>Hervorragende Bel\u00fcftung<\/strong> : Seine Struktur bietet den Wurzeln mehr Luft und f\u00f6rdert ein schnelleres Wachstum.<\/li>\n<li><strong>Einfach zu lagern<\/strong> : Es ist trocken und komprimiert, so dass es einfach zu transportieren und zu lagern ist.<\/li>\n<li><strong>Wiederverwendbar<\/strong> : CoGr kann bis zu <strong>drei Mal<\/strong> wiederverwendet werden.<\/li>\n<li><strong>Vielseitig<\/strong> : Kann als Matte verwendet oder nach der Rehydrierung in herk\u00f6mmlichen T\u00f6pfen verwendet werden. Eine Matte ergibt ca. <strong>21-25 Liter Substrat<\/strong>. <\/li>\n<\/ul>\n<p><strong>CoGr<\/strong> ist ein Substrat der Wahl f\u00fcr einen gesunden, leistungsstarken Anbau mit gut bel\u00fcfteten Wurzeln und wirtschaftlicher Wiederverwendung.<\/p>\n","protected":false},"excerpt":{"rendered":"<p>CoGr Teppiche Canna CoGr Buffer Agent ist ein unverzichtbares Produkt f\u00fcr die Vorbereitung Ihrer CoGr-Matten vor dem ersten Gebrauch. Dieser Schritt ist unerl\u00e4sslich, damit das Substrat einwandfrei funktioniert und seine Vorteile nutzen kann. Wie benutzt man Canna CoGr Buffer Agent? Mix : 2 ml Canna CoGr Puffer in 1 Liter Wasser verd\u00fcnnen. Anwendung : Tauchen [&hellip;]<\/p>\n","protected":false},"featured_media":22312,"comment_status":"open","ping_status":"closed","template":"","meta":{"_seopress_robots_primary_cat":"none","_seopress_titles_title":"Canna CoGr Puffer (5L) - Gr\u00fcnes K\u00f6nigreich","_seopress_titles_desc":"CoGr ist ein Substrat der Wahl f\u00fcr einen gesunden, leistungsstarken Anbau mit gut bel\u00fcfteten Wurzeln und wirtschaftlicher Wiederverwendung.","_seopress_robots_index":""},"product_brand":[],"product_cat":[574],"product_tag":[],"class_list":{"0":"post-22308","1":"product","2":"type-product","3":"status-publish","4":"has-post-thumbnail","6":"product_cat-canna-de","9":"instock","10":"taxable","11":"shipping-taxable","12":"purchasable","13":"product-type-simple","14":"product-grid-view"},"_links":{"self":[{"href":"https:\/\/greenkingdom.ch\/de\/wp-json\/wp\/v2\/product\/22308","targetHints":{"allow":["GET"]}}],"collection":[{"href":"https:\/\/greenkingdom.ch\/de\/wp-json\/wp\/v2\/product"}],"about":[{"href":"https:\/\/greenkingdom.ch\/de\/wp-json\/wp\/v2\/types\/product"}],"replies":[{"embeddable":true,"href":"https:\/\/greenkingdom.ch\/de\/wp-json\/wp\/v2\/comments?post=22308"}],"version-history":[{"count":4,"href":"https:\/\/greenkingdom.ch\/de\/wp-json\/wp\/v2\/product\/22308\/revisions"}],"predecessor-version":[{"id":27467,"href":"https:\/\/greenkingdom.ch\/de\/wp-json\/wp\/v2\/product\/22308\/revisions\/27467"}],"wp:featuredmedia":[{"embeddable":true,"href":"https:\/\/greenkingdom.ch\/de\/wp-json\/wp\/v2\/media\/22312"}],"wp:attachment":[{"href":"https:\/\/greenkingdom.ch\/de\/wp-json\/wp\/v2\/media?parent=22308"}],"wp:term":[{"taxonomy":"product_brand","embeddable":true,"href":"https:\/\/greenkingdom.ch\/de\/wp-json\/wp\/v2\/product_brand?post=22308"},{"taxonomy":"product_cat","embeddable":true,"href":"https:\/\/greenkingdom.ch\/de\/wp-json\/wp\/v2\/product_cat?post=22308"},{"taxonomy":"product_tag","embeddable":true,"href":"https:\/\/greenkingdom.ch\/de\/wp-json\/wp\/v2\/product_tag?post=22308"}],"curies":[{"name":"wp","href":"https:\/\/api.w.org\/{rel}","templated":true}]}}