{"id":22337,"date":"2024-12-10T17:40:16","date_gmt":"2024-12-10T16:40:16","guid":{"rendered":"https:\/\/greenkingdom.ch\/?post_type=product&#038;p=22337"},"modified":"2025-01-02T14:48:00","modified_gmt":"2025-01-02T13:48:00","slug":"canna-flush-5l","status":"publish","type":"product","link":"https:\/\/greenkingdom.ch\/de\/produkt\/canna-flush-5l\/","title":{"rendered":"Canna Sp\u00fclung 5L"},"content":{"rendered":"<p>Canna Flush<br \/>\nAdditiv zur Entfernung von \u00fcbersch\u00fcssigen N\u00e4hrstoffen und Mineralien Entfernt \u00fcbersch\u00fcssige N\u00e4hrstoffe: Canna Flush ist ein Additiv, das entwickelt wurde, um \u00fcbersch\u00fcssige D\u00fcngerr\u00fcckst\u00e4nde von Pflanzen und Substraten zu entfernen und so eine sauberere Ernte zu gew\u00e4hrleisten. Respekt f\u00fcr die Mikrofauna: Dieses Produkt entfernt \u00fcbersch\u00fcssige N\u00e4hrstoffe, ohne die im Boden vorhandenen n\u00fctzlichen Bakterien und Pilze zu sch\u00e4digen, wodurch das Gleichgewicht des Substrats erhalten bleibt. Saubere und schmackhafte Ernte: Kurz vor der Ernte verwendet, hilft Canna Flush, die Pflanzen von \u00fcbrig gebliebenen N\u00e4hrstoffen zu reinigen und so eine hochwertigere, schmackhaftere und ges\u00fcndere Ernte zu gew\u00e4hrleisten. Ideal bei \u00dcberd\u00fcngung: Canna Flush wird auch empfohlen, um die Auswirkungen einer \u00dcberd\u00fcngung zu korrigieren und \u00fcbersch\u00fcssige N\u00e4hrstoffe, die sich im Substrat angesammelt haben, zu entfernen. Erzielen Sie optimale Ergebnisse mit einer sauberen, schmackhaften und r\u00fcckstandsfreien Ernte mit Canna Flush. Formel: Canna Terra Flores wurde entwickelt, um eine schnelle und effiziente N\u00e4hrstoffaufnahme zu f\u00f6rdern und die Bl\u00fctezeit Ihrer Pflanzen zu optimieren. Reich an chelatisierten Spurenelementen: Dank ihrer leicht assimilierbaren N\u00e4hrstoffe garantiert Terra Flores eine \u00fcppige und qualitativ hochwertige Bl\u00fcte. Bl\u00fchende Pflanzen: F\u00fcge Canna Terra Flores zu Deiner Hautpflegeroutine hinzu, um gesunde Pflanzen mit lebendigen, \u00fcppigen Bl\u00fcten zu erhalten. EAN: 8717524955854 Geben Sie Ihren Pflanzen das Beste f\u00fcr eine au\u00dfergew\u00f6hnliche Bl\u00fcte!<\/p>\n","protected":false},"excerpt":{"rendered":"<p>Canna Flush Additiv zur Entfernung von \u00fcbersch\u00fcssigen N\u00e4hrstoffen und Mineralien Entfernt \u00fcbersch\u00fcssige N\u00e4hrstoffe: Canna Flush ist ein Additiv, das entwickelt wurde, um \u00fcbersch\u00fcssige D\u00fcngerr\u00fcckst\u00e4nde von Pflanzen und Substraten zu entfernen und so eine sauberere Ernte zu gew\u00e4hrleisten. Respekt f\u00fcr die Mikrofauna: Dieses Produkt entfernt \u00fcbersch\u00fcssige N\u00e4hrstoffe, ohne die im Boden vorhandenen n\u00fctzlichen Bakterien und Pilze [&hellip;]<\/p>\n","protected":false},"featured_media":22198,"comment_status":"open","ping_status":"closed","template":"","meta":{"_seopress_robots_primary_cat":"none","_seopress_titles_title":"Canna Flush (5L) - Gr\u00fcnes K\u00f6nigreich","_seopress_titles_desc":"Erzielen Sie optimale Ergebnisse mit einer sauberen, schmackhaften und r\u00fcckstandsfreien Ernte mit Canna Flush","_seopress_robots_index":""},"product_brand":[],"product_cat":[574],"product_tag":[],"class_list":{"0":"post-22337","1":"product","2":"type-product","3":"status-publish","4":"has-post-thumbnail","6":"product_cat-canna-de","9":"instock","10":"taxable","11":"shipping-taxable","12":"purchasable","13":"product-type-simple","14":"product-grid-view"},"_links":{"self":[{"href":"https:\/\/greenkingdom.ch\/de\/wp-json\/wp\/v2\/product\/22337","targetHints":{"allow":["GET"]}}],"collection":[{"href":"https:\/\/greenkingdom.ch\/de\/wp-json\/wp\/v2\/product"}],"about":[{"href":"https:\/\/greenkingdom.ch\/de\/wp-json\/wp\/v2\/types\/product"}],"replies":[{"embeddable":true,"href":"https:\/\/greenkingdom.ch\/de\/wp-json\/wp\/v2\/comments?post=22337"}],"version-history":[{"count":4,"href":"https:\/\/greenkingdom.ch\/de\/wp-json\/wp\/v2\/product\/22337\/revisions"}],"predecessor-version":[{"id":27462,"href":"https:\/\/greenkingdom.ch\/de\/wp-json\/wp\/v2\/product\/22337\/revisions\/27462"}],"wp:featuredmedia":[{"embeddable":true,"href":"https:\/\/greenkingdom.ch\/de\/wp-json\/wp\/v2\/media\/22198"}],"wp:attachment":[{"href":"https:\/\/greenkingdom.ch\/de\/wp-json\/wp\/v2\/media?parent=22337"}],"wp:term":[{"taxonomy":"product_brand","embeddable":true,"href":"https:\/\/greenkingdom.ch\/de\/wp-json\/wp\/v2\/product_brand?post=22337"},{"taxonomy":"product_cat","embeddable":true,"href":"https:\/\/greenkingdom.ch\/de\/wp-json\/wp\/v2\/product_cat?post=22337"},{"taxonomy":"product_tag","embeddable":true,"href":"https:\/\/greenkingdom.ch\/de\/wp-json\/wp\/v2\/product_tag?post=22337"}],"curies":[{"name":"wp","href":"https:\/\/api.w.org\/{rel}","templated":true}]}}