{"id":22558,"date":"2024-12-13T17:04:28","date_gmt":"2024-12-13T16:04:28","guid":{"rendered":"https:\/\/greenkingdom.ch\/?post_type=product&#038;p=22558"},"modified":"2025-01-02T14:44:18","modified_gmt":"2025-01-02T13:44:18","slug":"metrop-enzyme-5l","status":"publish","type":"product","link":"https:\/\/greenkingdom.ch\/de\/produkt\/metrop-enzyme-5l\/","title":{"rendered":"Metrop Enzyme 5L"},"content":{"rendered":"<p>Metrop EnZymes sind hochspezialisierte Proteinmolek\u00fcle, die sich f\u00fcr verschiedene biochemische Prozesse entscheiden und so die Wurzelentwicklung f\u00f6rdern, abgestorbene Wurzeln brechen, die Krankheitsresistenz erh\u00f6hen, eine bessere N\u00e4hrstoffverwertung erm\u00f6glichen und Abbauprozesse von Pflanzenabf\u00e4llen katalysieren. Dar\u00fcber hinaus verringern sie das Risiko von Bodenkrankheiten, beseitigen zellulosebewohnende Pilze, f\u00f6rdern das Mikroleben in den Substraten und bieten mehr Platz und Sauerstoff f\u00fcr die Wurzeln. Empfohlene Anwendung: 25 ml Enzyme pro 100 l Wasser t\u00e4glich (1:4000) oder 1 ml pro 1 l Wasser pro Woche (1:1000). EAN: 8719274270492.   <\/p>\n","protected":false},"excerpt":{"rendered":"<p>Metrop EnZymes sind hochspezialisierte Proteinmolek\u00fcle, die sich f\u00fcr verschiedene biochemische Prozesse entscheiden und so die Wurzelentwicklung f\u00f6rdern, abgestorbene Wurzeln brechen, die Krankheitsresistenz erh\u00f6hen, eine bessere N\u00e4hrstoffverwertung erm\u00f6glichen und Abbauprozesse von Pflanzenabf\u00e4llen katalysieren. Dar\u00fcber hinaus verringern sie das Risiko von Bodenkrankheiten, beseitigen zellulosebewohnende Pilze, f\u00f6rdern das Mikroleben in den Substraten und bieten mehr Platz und Sauerstoff [&hellip;]<\/p>\n","protected":false},"featured_media":22525,"comment_status":"open","ping_status":"closed","template":"","meta":{"_seopress_robots_primary_cat":"none","_seopress_titles_title":"","_seopress_titles_desc":"","_seopress_robots_index":""},"product_brand":[],"product_cat":[577],"product_tag":[],"class_list":{"0":"post-22558","1":"product","2":"type-product","3":"status-publish","4":"has-post-thumbnail","6":"product_cat-metrop-de","9":"instock","10":"taxable","11":"shipping-taxable","12":"purchasable","13":"product-type-simple","14":"product-grid-view"},"_links":{"self":[{"href":"https:\/\/greenkingdom.ch\/de\/wp-json\/wp\/v2\/product\/22558","targetHints":{"allow":["GET"]}}],"collection":[{"href":"https:\/\/greenkingdom.ch\/de\/wp-json\/wp\/v2\/product"}],"about":[{"href":"https:\/\/greenkingdom.ch\/de\/wp-json\/wp\/v2\/types\/product"}],"replies":[{"embeddable":true,"href":"https:\/\/greenkingdom.ch\/de\/wp-json\/wp\/v2\/comments?post=22558"}],"version-history":[{"count":3,"href":"https:\/\/greenkingdom.ch\/de\/wp-json\/wp\/v2\/product\/22558\/revisions"}],"predecessor-version":[{"id":22737,"href":"https:\/\/greenkingdom.ch\/de\/wp-json\/wp\/v2\/product\/22558\/revisions\/22737"}],"wp:featuredmedia":[{"embeddable":true,"href":"https:\/\/greenkingdom.ch\/de\/wp-json\/wp\/v2\/media\/22525"}],"wp:attachment":[{"href":"https:\/\/greenkingdom.ch\/de\/wp-json\/wp\/v2\/media?parent=22558"}],"wp:term":[{"taxonomy":"product_brand","embeddable":true,"href":"https:\/\/greenkingdom.ch\/de\/wp-json\/wp\/v2\/product_brand?post=22558"},{"taxonomy":"product_cat","embeddable":true,"href":"https:\/\/greenkingdom.ch\/de\/wp-json\/wp\/v2\/product_cat?post=22558"},{"taxonomy":"product_tag","embeddable":true,"href":"https:\/\/greenkingdom.ch\/de\/wp-json\/wp\/v2\/product_tag?post=22558"}],"curies":[{"name":"wp","href":"https:\/\/api.w.org\/{rel}","templated":true}]}}