{"id":22570,"date":"2024-12-13T17:05:35","date_gmt":"2024-12-13T16:05:35","guid":{"rendered":"https:\/\/greenkingdom.ch\/?post_type=product&#038;p=22570"},"modified":"2025-01-02T14:44:27","modified_gmt":"2025-01-02T13:44:27","slug":"metrop-mr-1-5l","status":"publish","type":"product","link":"https:\/\/greenkingdom.ch\/de\/produkt\/metrop-mr-1-5l\/","title":{"rendered":"Metrop MR 1 5L"},"content":{"rendered":"<p>In MR 1 ist die Zusammensetzung von NPK und Spurenelementen fein ausbalanciert, um das Pflanzenwachstum zu optimieren. Die verwendeten Rohstoffe sind von au\u00dfergew\u00f6hnlicher Reinheit, die eine hohe Konzentration an NPK ohne unerw\u00fcnschte St\u00f6rungen gew\u00e4hrleisten. Die \u00fcberlegene Qualit\u00e4t dieses Produktes sorgt daf\u00fcr, dass sich weder im Reservoir noch im Bew\u00e4sserungssystem Ablagerungen bilden! Beim Aufl\u00f6sen in Wasser bleibt die Leitf\u00e4higkeit stabil. Die zugesetzten Spurenelemente liegen in ihrer reinsten Form vor und f\u00f6rdern so eine effizientere und schnellere Photosynthese in den Pflanzen, was sich positiv auf das Endprodukt auswirkt. Diese Formel:<br \/>\n&#8211; f\u00f6rdert ein kr\u00e4ftiges Wachstum und eine optimale Pflanzengesundheit dank ihres Kaligehalts,<br \/>\n&#8211; stimuliert dank ihres Phosphorgehalts ein explosives Wurzelwachstum,<br \/>\n&#8211; sorgt f\u00fcr eine optimale Chlorophyll- und Proteinsynthese dank einer ausreichenden Versorgung mit Magnesium,<br \/>\n&#8211; ist frei von sch\u00e4dlichen Farbstoffen und wird nicht mit Wasser verd\u00fcnnt. EAN: 8719274270034 <\/p>\n","protected":false},"excerpt":{"rendered":"<p>In MR 1 ist die Zusammensetzung von NPK und Spurenelementen fein ausbalanciert, um das Pflanzenwachstum zu optimieren. Die verwendeten Rohstoffe sind von au\u00dfergew\u00f6hnlicher Reinheit, die eine hohe Konzentration an NPK ohne unerw\u00fcnschte St\u00f6rungen gew\u00e4hrleisten. Die \u00fcberlegene Qualit\u00e4t dieses Produktes sorgt daf\u00fcr, dass sich weder im Reservoir noch im Bew\u00e4sserungssystem Ablagerungen bilden! Beim Aufl\u00f6sen in Wasser [&hellip;]<\/p>\n","protected":false},"featured_media":8815,"comment_status":"open","ping_status":"closed","template":"","meta":{"_seopress_robots_primary_cat":"none","_seopress_titles_title":"","_seopress_titles_desc":"","_seopress_robots_index":""},"product_brand":[],"product_cat":[577],"product_tag":[],"class_list":{"0":"post-22570","1":"product","2":"type-product","3":"status-publish","4":"has-post-thumbnail","6":"product_cat-metrop-de","9":"instock","10":"taxable","11":"shipping-taxable","12":"purchasable","13":"product-type-simple","14":"product-grid-view"},"_links":{"self":[{"href":"https:\/\/greenkingdom.ch\/de\/wp-json\/wp\/v2\/product\/22570","targetHints":{"allow":["GET"]}}],"collection":[{"href":"https:\/\/greenkingdom.ch\/de\/wp-json\/wp\/v2\/product"}],"about":[{"href":"https:\/\/greenkingdom.ch\/de\/wp-json\/wp\/v2\/types\/product"}],"replies":[{"embeddable":true,"href":"https:\/\/greenkingdom.ch\/de\/wp-json\/wp\/v2\/comments?post=22570"}],"version-history":[{"count":3,"href":"https:\/\/greenkingdom.ch\/de\/wp-json\/wp\/v2\/product\/22570\/revisions"}],"predecessor-version":[{"id":22741,"href":"https:\/\/greenkingdom.ch\/de\/wp-json\/wp\/v2\/product\/22570\/revisions\/22741"}],"wp:featuredmedia":[{"embeddable":true,"href":"https:\/\/greenkingdom.ch\/de\/wp-json\/wp\/v2\/media\/8815"}],"wp:attachment":[{"href":"https:\/\/greenkingdom.ch\/de\/wp-json\/wp\/v2\/media?parent=22570"}],"wp:term":[{"taxonomy":"product_brand","embeddable":true,"href":"https:\/\/greenkingdom.ch\/de\/wp-json\/wp\/v2\/product_brand?post=22570"},{"taxonomy":"product_cat","embeddable":true,"href":"https:\/\/greenkingdom.ch\/de\/wp-json\/wp\/v2\/product_cat?post=22570"},{"taxonomy":"product_tag","embeddable":true,"href":"https:\/\/greenkingdom.ch\/de\/wp-json\/wp\/v2\/product_tag?post=22570"}],"curies":[{"name":"wp","href":"https:\/\/api.w.org\/{rel}","templated":true}]}}