{"id":22608,"date":"2024-12-13T17:10:55","date_gmt":"2024-12-13T16:10:55","guid":{"rendered":"https:\/\/greenkingdom.ch\/?post_type=product&#038;p=22608"},"modified":"2025-01-02T14:44:32","modified_gmt":"2025-01-02T13:44:32","slug":"metrop-calgreen-5l","status":"publish","type":"product","link":"https:\/\/greenkingdom.ch\/de\/produkt\/metrop-calgreen-5l\/","title":{"rendered":"Metrop Calgreen 5L"},"content":{"rendered":"<p>Entdecken Sie Calgreen, ein hochwertiges Produkt, das eine spezielle Stickstoff-Kalzium-Verbindung f\u00fcr gesunde Pflanzen enth\u00e4lt. Dank ihrer einzigartigen Eigenschaften f\u00f6rdert sie eine \u00fcppige und kompakte Bl\u00fcte und bietet gleichzeitig einen verbesserten Schutz vor Krankheiten. Angereichert mit Kalzium setzt es effektiv essentielle N\u00e4hrstoffe f\u00fcr ein optimales Wachstum frei. Mischen Sie es mit Mevap-Produkten, um au\u00dfergew\u00f6hnliche Ergebnisse zu erzielen. Vergessen Sie nicht, Calgreen zuletzt in Ihr Gie\u00dfwasser zu geben, um kr\u00e4ftige Wurzeln und robuste Pflanzen zu erhalten. Mit Calgreen gibst Du Deinen Pflanzen das Beste f\u00fcr einen au\u00dfergew\u00f6hnlichen Ertrag. Genie\u00dfen Sie dichte, feste Bl\u00fcten, ein erh\u00f6htes Gewicht des Endprodukts und eine optimale N\u00e4hrstoffsynthese. Calgreen, der Schl\u00fcssel zu einem erfolgreichen und nat\u00fcrlichen Anbau.       <\/p>\n","protected":false},"excerpt":{"rendered":"<p>Entdecken Sie Calgreen, ein hochwertiges Produkt, das eine spezielle Stickstoff-Kalzium-Verbindung f\u00fcr gesunde Pflanzen enth\u00e4lt. Dank ihrer einzigartigen Eigenschaften f\u00f6rdert sie eine \u00fcppige und kompakte Bl\u00fcte und bietet gleichzeitig einen verbesserten Schutz vor Krankheiten. Angereichert mit Kalzium setzt es effektiv essentielle N\u00e4hrstoffe f\u00fcr ein optimales Wachstum frei. Mischen Sie es mit Mevap-Produkten, um au\u00dfergew\u00f6hnliche Ergebnisse zu [&hellip;]<\/p>\n","protected":false},"featured_media":8830,"comment_status":"open","ping_status":"closed","template":"","meta":{"_seopress_robots_primary_cat":"none","_seopress_titles_title":"","_seopress_titles_desc":"","_seopress_robots_index":""},"product_brand":[],"product_cat":[577],"product_tag":[],"class_list":{"0":"post-22608","1":"product","2":"type-product","3":"status-publish","4":"has-post-thumbnail","6":"product_cat-metrop-de","9":"instock","10":"taxable","11":"shipping-taxable","12":"purchasable","13":"product-type-simple","14":"product-grid-view"},"_links":{"self":[{"href":"https:\/\/greenkingdom.ch\/de\/wp-json\/wp\/v2\/product\/22608","targetHints":{"allow":["GET"]}}],"collection":[{"href":"https:\/\/greenkingdom.ch\/de\/wp-json\/wp\/v2\/product"}],"about":[{"href":"https:\/\/greenkingdom.ch\/de\/wp-json\/wp\/v2\/types\/product"}],"replies":[{"embeddable":true,"href":"https:\/\/greenkingdom.ch\/de\/wp-json\/wp\/v2\/comments?post=22608"}],"version-history":[{"count":3,"href":"https:\/\/greenkingdom.ch\/de\/wp-json\/wp\/v2\/product\/22608\/revisions"}],"predecessor-version":[{"id":22749,"href":"https:\/\/greenkingdom.ch\/de\/wp-json\/wp\/v2\/product\/22608\/revisions\/22749"}],"wp:featuredmedia":[{"embeddable":true,"href":"https:\/\/greenkingdom.ch\/de\/wp-json\/wp\/v2\/media\/8830"}],"wp:attachment":[{"href":"https:\/\/greenkingdom.ch\/de\/wp-json\/wp\/v2\/media?parent=22608"}],"wp:term":[{"taxonomy":"product_brand","embeddable":true,"href":"https:\/\/greenkingdom.ch\/de\/wp-json\/wp\/v2\/product_brand?post=22608"},{"taxonomy":"product_cat","embeddable":true,"href":"https:\/\/greenkingdom.ch\/de\/wp-json\/wp\/v2\/product_cat?post=22608"},{"taxonomy":"product_tag","embeddable":true,"href":"https:\/\/greenkingdom.ch\/de\/wp-json\/wp\/v2\/product_tag?post=22608"}],"curies":[{"name":"wp","href":"https:\/\/api.w.org\/{rel}","templated":true}]}}