{"id":22624,"date":"2024-12-13T17:12:58","date_gmt":"2024-12-13T16:12:58","guid":{"rendered":"https:\/\/greenkingdom.ch\/?post_type=product&#038;p=22624"},"modified":"2025-01-02T14:44:41","modified_gmt":"2025-01-02T13:44:41","slug":"metrop-aminoxtrem-5l","status":"publish","type":"product","link":"https:\/\/greenkingdom.ch\/de\/produkt\/metrop-aminoxtrem-5l\/","title":{"rendered":"Metrop Amino Xtrem 5L"},"content":{"rendered":"<p><strong>AminoXtrem Metrop &#8211; Bio-Stimulator f\u00fcr Wachstum und Bl\u00fcte (NPK 3-3-0)<\/strong><\/p>\n<p>AminoXtrem ist ein Biostimulator f\u00fcr Aminos\u00e4uren und Phosphate, der das Wachstum und die Bl\u00fcte von Pflanzen f\u00f6rdern soll. Dank freier Aminos\u00e4uren dringt es ohne den Eingriff von Chlorophyll direkt in die Pflanzenzellen ein, reduziert so Stress und aktiviert den Pflanzenstoffwechsel. Sie f\u00f6rdert ein kr\u00e4ftiges Wachstum, ein starkes Wurzelsystem mit feinen Wurzeln und stimuliert eine \u00fcppige Bl\u00fcte. Dar\u00fcber hinaus hilft es bei der N\u00e4hrstoffaufnahme, indem es die nat\u00fcrliche Produktion von Enzymen aktiviert. <\/p>\n<p><strong>Verwendung:<\/strong><\/p>\n<ul>\n<li>Vor Gebrauch sch\u00fctteln.<\/li>\n<li>Dosierung: 0,8 ml\/L.<\/li>\n<li>An einem k\u00fchlen, dunklen Ort au\u00dferhalb der Reichweite von Kindern aufbewahren.<\/li>\n<\/ul>\n<p><strong>Zusammensetzung:<\/strong><\/p>\n<ul>\n<li>Gesamtstickstoff (N): 3,00 % (1,10 % organisch, 1,10 % Ammoniak, 1,10 % Urs\u00e4ure, 0,80 % Nitrat).<\/li>\n<li>Phosphors\u00e4ure: 3,00 %.<\/li>\n<li>Aminos\u00e4uren: 835 mg\/L.<\/li>\n<\/ul>\n<p>AminoXtrem ist ideal, um das Wachstum zu unterst\u00fctzen und die Bl\u00fcte von Pflanzen zu verbessern.<\/p>\n","protected":false},"excerpt":{"rendered":"<p>AminoXtrem Metrop &#8211; Bio-Stimulator f\u00fcr Wachstum und Bl\u00fcte (NPK 3-3-0) AminoXtrem ist ein Biostimulator f\u00fcr Aminos\u00e4uren und Phosphate, der das Wachstum und die Bl\u00fcte von Pflanzen f\u00f6rdern soll. Dank freier Aminos\u00e4uren dringt es ohne den Eingriff von Chlorophyll direkt in die Pflanzenzellen ein, reduziert so Stress und aktiviert den Pflanzenstoffwechsel. Sie f\u00f6rdert ein kr\u00e4ftiges Wachstum, [&hellip;]<\/p>\n","protected":false},"featured_media":22517,"comment_status":"open","ping_status":"closed","template":"","meta":{"_seopress_robots_primary_cat":"none","_seopress_titles_title":"","_seopress_titles_desc":"","_seopress_robots_index":""},"product_brand":[],"product_cat":[577],"product_tag":[],"class_list":{"0":"post-22624","1":"product","2":"type-product","3":"status-publish","4":"has-post-thumbnail","6":"product_cat-metrop-de","9":"instock","10":"taxable","11":"shipping-taxable","12":"purchasable","13":"product-type-simple","14":"product-grid-view"},"_links":{"self":[{"href":"https:\/\/greenkingdom.ch\/de\/wp-json\/wp\/v2\/product\/22624","targetHints":{"allow":["GET"]}}],"collection":[{"href":"https:\/\/greenkingdom.ch\/de\/wp-json\/wp\/v2\/product"}],"about":[{"href":"https:\/\/greenkingdom.ch\/de\/wp-json\/wp\/v2\/types\/product"}],"replies":[{"embeddable":true,"href":"https:\/\/greenkingdom.ch\/de\/wp-json\/wp\/v2\/comments?post=22624"}],"version-history":[{"count":5,"href":"https:\/\/greenkingdom.ch\/de\/wp-json\/wp\/v2\/product\/22624\/revisions"}],"predecessor-version":[{"id":27415,"href":"https:\/\/greenkingdom.ch\/de\/wp-json\/wp\/v2\/product\/22624\/revisions\/27415"}],"wp:featuredmedia":[{"embeddable":true,"href":"https:\/\/greenkingdom.ch\/de\/wp-json\/wp\/v2\/media\/22517"}],"wp:attachment":[{"href":"https:\/\/greenkingdom.ch\/de\/wp-json\/wp\/v2\/media?parent=22624"}],"wp:term":[{"taxonomy":"product_brand","embeddable":true,"href":"https:\/\/greenkingdom.ch\/de\/wp-json\/wp\/v2\/product_brand?post=22624"},{"taxonomy":"product_cat","embeddable":true,"href":"https:\/\/greenkingdom.ch\/de\/wp-json\/wp\/v2\/product_cat?post=22624"},{"taxonomy":"product_tag","embeddable":true,"href":"https:\/\/greenkingdom.ch\/de\/wp-json\/wp\/v2\/product_tag?post=22624"}],"curies":[{"name":"wp","href":"https:\/\/api.w.org\/{rel}","templated":true}]}}