{"id":22650,"date":"2024-12-13T17:20:08","date_gmt":"2024-12-13T16:20:08","guid":{"rendered":"https:\/\/greenkingdom.ch\/?post_type=product&#038;p=22650"},"modified":"2025-01-02T14:44:41","modified_gmt":"2025-01-02T13:44:41","slug":"metrop-rhizoxtrem-250ml","status":"publish","type":"product","link":"https:\/\/greenkingdom.ch\/de\/produkt\/metrop-rhizoxtrem-250ml\/","title":{"rendered":"Metrop RhizoXtreme 250ml"},"content":{"rendered":"<p>Metrop RhizoXtreme ist ein hochwertiger stimulierender Extrakt, der die Gesundheit und Entwicklung der Pflanzenwurzeln f\u00f6rdern soll. Basierend auf Pflanzen und Algen bietet es mehrere wesentliche Vorteile: <\/p>\n<ul>\n<li><strong>Stimulierung der Produktion von Wurzel- und Wurzelhaaren<\/strong>.<\/li>\n<li><strong>Unterst\u00fctzung f\u00fcr gestresste oder geschw\u00e4chte Pflanzen<\/strong>.<\/li>\n<li><strong>Antiseptische Eigenschaften<\/strong> zur Vorbeugung von Infektionen.<\/li>\n<li><strong>St\u00e4rkung der Pflanzenzellen<\/strong>, f\u00fcr ein robusteres Wachstum.<\/li>\n<\/ul>\n<p><strong>Verwendung:<\/strong><\/p>\n<ul>\n<li>Ab dem ersten Tag des Wachstums gie\u00dfen Sie t\u00e4glich nach Bedarf.<\/li>\n<li>Dosierung: 30 ml pro 100 L Wasser.<\/li>\n<\/ul>\n<p><strong>Wegbeschreibungen:<\/strong><\/p>\n<ul>\n<li>Vor der Anwendung gut sch\u00fctteln.<\/li>\n<li>An einem dunklen, frostfreien Ort lagern.<\/li>\n<\/ul>\n<p><strong>Zusammensetzung:<\/strong><\/p>\n<ul>\n<li>Organischer Minerald\u00fcnger<\/li>\n<li>Stickstoff (N): 0,3 %<\/li>\n<li>Wasserl\u00f6sliches Phosphat (P2O5): 0,03 %<\/li>\n<li>Wasserl\u00f6sliches Kalium (K2O): 0,4 %<\/li>\n<li>Spurenelemente und laminare Zucker: 0,4 %<\/li>\n<li>Mannitol: 0,7 %<\/li>\n<\/ul>\n<p>Metrop RhizoXtreme <em>ist ein Produkt nat\u00fcrlichen Ursprungs<\/em> und eignet sich ideal zur Stimulierung der Wurzelentwicklung und zur Verbesserung der Pflanzengesundheit, insbesondere in den fr\u00fchen Wachstumsstadien.<\/p>\n","protected":false},"excerpt":{"rendered":"<p>Metrop RhizoXtreme ist ein hochwertiger stimulierender Extrakt, der die Gesundheit und Entwicklung der Pflanzenwurzeln f\u00f6rdern soll. Basierend auf Pflanzen und Algen bietet es mehrere wesentliche Vorteile: Stimulierung der Produktion von Wurzel- und Wurzelhaaren. Unterst\u00fctzung f\u00fcr gestresste oder geschw\u00e4chte Pflanzen. Antiseptische Eigenschaften zur Vorbeugung von Infektionen. St\u00e4rkung der Pflanzenzellen, f\u00fcr ein robusteres Wachstum. Verwendung: Ab dem [&hellip;]<\/p>\n","protected":false},"featured_media":22645,"comment_status":"open","ping_status":"closed","template":"","meta":{"_seopress_robots_primary_cat":"none","_seopress_titles_title":"","_seopress_titles_desc":"","_seopress_robots_index":""},"product_brand":[],"product_cat":[577],"product_tag":[],"class_list":{"0":"post-22650","1":"product","2":"type-product","3":"status-publish","4":"has-post-thumbnail","6":"product_cat-metrop-de","9":"instock","10":"taxable","11":"shipping-taxable","12":"purchasable","13":"product-type-simple","14":"product-grid-view"},"_links":{"self":[{"href":"https:\/\/greenkingdom.ch\/de\/wp-json\/wp\/v2\/product\/22650","targetHints":{"allow":["GET"]}}],"collection":[{"href":"https:\/\/greenkingdom.ch\/de\/wp-json\/wp\/v2\/product"}],"about":[{"href":"https:\/\/greenkingdom.ch\/de\/wp-json\/wp\/v2\/types\/product"}],"replies":[{"embeddable":true,"href":"https:\/\/greenkingdom.ch\/de\/wp-json\/wp\/v2\/comments?post=22650"}],"version-history":[{"count":4,"href":"https:\/\/greenkingdom.ch\/de\/wp-json\/wp\/v2\/product\/22650\/revisions"}],"predecessor-version":[{"id":27416,"href":"https:\/\/greenkingdom.ch\/de\/wp-json\/wp\/v2\/product\/22650\/revisions\/27416"}],"wp:featuredmedia":[{"embeddable":true,"href":"https:\/\/greenkingdom.ch\/de\/wp-json\/wp\/v2\/media\/22645"}],"wp:attachment":[{"href":"https:\/\/greenkingdom.ch\/de\/wp-json\/wp\/v2\/media?parent=22650"}],"wp:term":[{"taxonomy":"product_brand","embeddable":true,"href":"https:\/\/greenkingdom.ch\/de\/wp-json\/wp\/v2\/product_brand?post=22650"},{"taxonomy":"product_cat","embeddable":true,"href":"https:\/\/greenkingdom.ch\/de\/wp-json\/wp\/v2\/product_cat?post=22650"},{"taxonomy":"product_tag","embeddable":true,"href":"https:\/\/greenkingdom.ch\/de\/wp-json\/wp\/v2\/product_tag?post=22650"}],"curies":[{"name":"wp","href":"https:\/\/api.w.org\/{rel}","templated":true}]}}