{"id":22896,"date":"2024-12-18T13:37:11","date_gmt":"2024-12-18T12:37:11","guid":{"rendered":"https:\/\/greenkingdom.ch\/?post_type=product&#038;p=22896"},"modified":"2025-01-02T14:44:54","modified_gmt":"2025-01-02T13:44:54","slug":"pro-xl-bloom-ab-20l","status":"publish","type":"product","link":"https:\/\/greenkingdom.ch\/de\/produkt\/pro-xl-bloom-ab-20l\/","title":{"rendered":"Pro-XL Bloom A+B 20L"},"content":{"rendered":"<p><strong>PRO-XL Bloom A+B \u2013 Bl\u00fchd\u00fcnger<\/strong><\/p>\n<p>Dieser erstklassige D\u00fcnger wurde speziell entwickelt, um Ihre Pflanzen w\u00e4hrend ihrer Bl\u00fctephase zu begleiten. Es besteht aus zwei getrennten Elementen, Komponente A und Komponente B. Durch die Verwendung von hochwertigen N\u00e4hrstoffen, die frei von Nitraten und Chloriden sind, sorgt es f\u00fcr eine optimale N\u00e4hrstoffaufnahme durch die Pflanzen. <strong>PRO-XL Bloom A+B<\/strong> ist f\u00fcr alle Arten von Substraten geeignet und wird besonders f\u00fcr hydroponische Systeme empfohlen. <\/p>\n","protected":false},"excerpt":{"rendered":"<p>PRO-XL Bloom A+B \u2013 Bl\u00fchd\u00fcnger Dieser erstklassige D\u00fcnger wurde speziell entwickelt, um Ihre Pflanzen w\u00e4hrend ihrer Bl\u00fctephase zu begleiten. Es besteht aus zwei getrennten Elementen, Komponente A und Komponente B. Durch die Verwendung von hochwertigen N\u00e4hrstoffen, die frei von Nitraten und Chloriden sind, sorgt es f\u00fcr eine optimale N\u00e4hrstoffaufnahme durch die Pflanzen. PRO-XL Bloom A+B [&hellip;]<\/p>\n","protected":false},"featured_media":23210,"comment_status":"open","ping_status":"closed","template":"","meta":{"_seopress_robots_primary_cat":"none","_seopress_titles_title":"","_seopress_titles_desc":"","_seopress_robots_index":""},"product_brand":[],"product_cat":[690],"product_tag":[],"class_list":{"0":"post-22896","1":"product","2":"type-product","3":"status-publish","4":"has-post-thumbnail","6":"product_cat-pro-xl-de","9":"instock","10":"taxable","11":"shipping-taxable","12":"purchasable","13":"product-type-simple","14":"product-grid-view"},"_links":{"self":[{"href":"https:\/\/greenkingdom.ch\/de\/wp-json\/wp\/v2\/product\/22896","targetHints":{"allow":["GET"]}}],"collection":[{"href":"https:\/\/greenkingdom.ch\/de\/wp-json\/wp\/v2\/product"}],"about":[{"href":"https:\/\/greenkingdom.ch\/de\/wp-json\/wp\/v2\/types\/product"}],"replies":[{"embeddable":true,"href":"https:\/\/greenkingdom.ch\/de\/wp-json\/wp\/v2\/comments?post=22896"}],"version-history":[{"count":3,"href":"https:\/\/greenkingdom.ch\/de\/wp-json\/wp\/v2\/product\/22896\/revisions"}],"predecessor-version":[{"id":27432,"href":"https:\/\/greenkingdom.ch\/de\/wp-json\/wp\/v2\/product\/22896\/revisions\/27432"}],"wp:featuredmedia":[{"embeddable":true,"href":"https:\/\/greenkingdom.ch\/de\/wp-json\/wp\/v2\/media\/23210"}],"wp:attachment":[{"href":"https:\/\/greenkingdom.ch\/de\/wp-json\/wp\/v2\/media?parent=22896"}],"wp:term":[{"taxonomy":"product_brand","embeddable":true,"href":"https:\/\/greenkingdom.ch\/de\/wp-json\/wp\/v2\/product_brand?post=22896"},{"taxonomy":"product_cat","embeddable":true,"href":"https:\/\/greenkingdom.ch\/de\/wp-json\/wp\/v2\/product_cat?post=22896"},{"taxonomy":"product_tag","embeddable":true,"href":"https:\/\/greenkingdom.ch\/de\/wp-json\/wp\/v2\/product_tag?post=22896"}],"curies":[{"name":"wp","href":"https:\/\/api.w.org\/{rel}","templated":true}]}}