{"id":22931,"date":"2024-12-18T13:56:05","date_gmt":"2024-12-18T12:56:05","guid":{"rendered":"https:\/\/greenkingdom.ch\/?post_type=product&#038;p=22931"},"modified":"2025-01-02T14:40:45","modified_gmt":"2025-01-02T13:40:45","slug":"pro-xl-bloom-xxl-500ml","status":"publish","type":"product","link":"https:\/\/greenkingdom.ch\/de\/produkt\/pro-xl-bloom-xxl-500ml\/","title":{"rendered":"Pro-XL Bl\u00fcte XXL 500ml"},"content":{"rendered":"<p><strong>PRO-XL Bloom XXL \u2013 die ideale Erg\u00e4nzung f\u00fcr die Bl\u00fcte<\/strong><\/p>\n<p><strong>PRO-XL Bloom XXL<\/strong> ist die perfekte Erg\u00e4nzung, um eine optimale Bl\u00fctenbildung zu f\u00f6rdern. Es gleicht Kalium, Phosphor, Eisen und essentielle Spurenelemente aus und sorgt so f\u00fcr eine \u00fcberlegene Entwicklung, einen h\u00f6heren Ertrag und eine bessere Resistenz gegen Schimmel und Sch\u00e4dlinge w\u00e4hrend der letzten Bl\u00fctephase. Dank seiner einzigartigen Zusammensetzung erm\u00f6glicht <strong>BLOOM XXL<\/strong> der Pflanze, den gr\u00f6\u00dften Teil ihrer Energie auf das Wachstum der Bl\u00fcten und die Verbesserung ihrer Eigenschaften zu konzentrieren. <\/p>\n","protected":false},"excerpt":{"rendered":"<p>PRO-XL Bloom XXL \u2013 die ideale Erg\u00e4nzung f\u00fcr die Bl\u00fcte PRO-XL Bloom XXL ist die perfekte Erg\u00e4nzung, um eine optimale Bl\u00fctenbildung zu f\u00f6rdern. Es gleicht Kalium, Phosphor, Eisen und essentielle Spurenelemente aus und sorgt so f\u00fcr eine \u00fcberlegene Entwicklung, einen h\u00f6heren Ertrag und eine bessere Resistenz gegen Schimmel und Sch\u00e4dlinge w\u00e4hrend der letzten Bl\u00fctephase. Dank [&hellip;]<\/p>\n","protected":false},"featured_media":22914,"comment_status":"open","ping_status":"closed","template":"","meta":{"_seopress_robots_primary_cat":"none","_seopress_titles_title":"","_seopress_titles_desc":"","_seopress_robots_index":""},"product_brand":[],"product_cat":[690],"product_tag":[],"class_list":{"0":"post-22931","1":"product","2":"type-product","3":"status-publish","4":"has-post-thumbnail","6":"product_cat-pro-xl-de","9":"instock","10":"taxable","11":"shipping-taxable","12":"purchasable","13":"product-type-simple","14":"product-grid-view"},"_links":{"self":[{"href":"https:\/\/greenkingdom.ch\/de\/wp-json\/wp\/v2\/product\/22931","targetHints":{"allow":["GET"]}}],"collection":[{"href":"https:\/\/greenkingdom.ch\/de\/wp-json\/wp\/v2\/product"}],"about":[{"href":"https:\/\/greenkingdom.ch\/de\/wp-json\/wp\/v2\/types\/product"}],"replies":[{"embeddable":true,"href":"https:\/\/greenkingdom.ch\/de\/wp-json\/wp\/v2\/comments?post=22931"}],"version-history":[{"count":2,"href":"https:\/\/greenkingdom.ch\/de\/wp-json\/wp\/v2\/product\/22931\/revisions"}],"predecessor-version":[{"id":27344,"href":"https:\/\/greenkingdom.ch\/de\/wp-json\/wp\/v2\/product\/22931\/revisions\/27344"}],"wp:featuredmedia":[{"embeddable":true,"href":"https:\/\/greenkingdom.ch\/de\/wp-json\/wp\/v2\/media\/22914"}],"wp:attachment":[{"href":"https:\/\/greenkingdom.ch\/de\/wp-json\/wp\/v2\/media?parent=22931"}],"wp:term":[{"taxonomy":"product_brand","embeddable":true,"href":"https:\/\/greenkingdom.ch\/de\/wp-json\/wp\/v2\/product_brand?post=22931"},{"taxonomy":"product_cat","embeddable":true,"href":"https:\/\/greenkingdom.ch\/de\/wp-json\/wp\/v2\/product_cat?post=22931"},{"taxonomy":"product_tag","embeddable":true,"href":"https:\/\/greenkingdom.ch\/de\/wp-json\/wp\/v2\/product_tag?post=22931"}],"curies":[{"name":"wp","href":"https:\/\/api.w.org\/{rel}","templated":true}]}}