{"id":22969,"date":"2024-12-18T14:02:21","date_gmt":"2024-12-18T13:02:21","guid":{"rendered":"https:\/\/greenkingdom.ch\/product\/pro-xl-ec-regulator-1l\/"},"modified":"2025-01-02T14:40:53","modified_gmt":"2025-01-02T13:40:53","slug":"pro-xl-ec-regulator-1l","status":"publish","type":"product","link":"https:\/\/greenkingdom.ch\/de\/produkt\/pro-xl-ec-regulator-1l\/","title":{"rendered":"Pro-XL EC-Regler 1L"},"content":{"rendered":"<p><strong>PRO-XL EC-Regler \u2013 EC-Balance-Optimierer<\/strong><\/p>\n<p><strong>Mit dem EC-Regler<\/strong> kann die elektrische Leitf\u00e4higkeit (EC) im Wasser eingestellt und ausgeglichen werden, um ein optimales Umfeld f\u00fcr das Pflanzenwachstum zu gew\u00e4hrleisten. Bestehend aus hochwertigen essentiellen Mineralien und N\u00e4hrstoffen, schafft dieser Regulator eine ideale Grundlage f\u00fcr die Pflanzenentwicklung, unabh\u00e4ngig von der Art der Pflanze. Es ist besonders wirksam bei der Verbesserung der Qualit\u00e4t von gefilterten (Osmose) oder weichen (mit einem EC-Wert von weniger als 0,4) und macht es zu einer idealen Wasserquelle f\u00fcr Pflanzen.<\/p>\n<ul>\n<li><strong>Stabilisiert den EC-Spiegel des Wassers<\/strong><\/li>\n<li><strong>Verbessert gefiltertes oder weiches Wasser<\/strong><\/li>\n<li><strong>Optimiert die N\u00e4hrstoffaufnahme<\/strong><\/li>\n<\/ul>\n","protected":false},"excerpt":{"rendered":"<p>PRO-XL EC-Regler \u2013 EC-Balance-Optimierer Mit dem EC-Regler kann die elektrische Leitf\u00e4higkeit (EC) im Wasser eingestellt und ausgeglichen werden, um ein optimales Umfeld f\u00fcr das Pflanzenwachstum zu gew\u00e4hrleisten. Bestehend aus hochwertigen essentiellen Mineralien und N\u00e4hrstoffen, schafft dieser Regulator eine ideale Grundlage f\u00fcr die Pflanzenentwicklung, unabh\u00e4ngig von der Art der Pflanze. Es ist besonders wirksam bei der [&hellip;]<\/p>\n","protected":false},"featured_media":22965,"comment_status":"open","ping_status":"closed","template":"","meta":{"_seopress_robots_primary_cat":"","_seopress_titles_title":"","_seopress_titles_desc":"","_seopress_robots_index":""},"product_brand":[],"product_cat":[690],"product_tag":[],"class_list":{"0":"post-22969","1":"product","2":"type-product","3":"status-publish","4":"has-post-thumbnail","6":"product_cat-pro-xl-de","9":"instock","10":"taxable","11":"shipping-taxable","12":"purchasable","13":"product-type-simple","14":"product-grid-view"},"_links":{"self":[{"href":"https:\/\/greenkingdom.ch\/de\/wp-json\/wp\/v2\/product\/22969","targetHints":{"allow":["GET"]}}],"collection":[{"href":"https:\/\/greenkingdom.ch\/de\/wp-json\/wp\/v2\/product"}],"about":[{"href":"https:\/\/greenkingdom.ch\/de\/wp-json\/wp\/v2\/types\/product"}],"replies":[{"embeddable":true,"href":"https:\/\/greenkingdom.ch\/de\/wp-json\/wp\/v2\/comments?post=22969"}],"version-history":[{"count":1,"href":"https:\/\/greenkingdom.ch\/de\/wp-json\/wp\/v2\/product\/22969\/revisions"}],"predecessor-version":[{"id":27352,"href":"https:\/\/greenkingdom.ch\/de\/wp-json\/wp\/v2\/product\/22969\/revisions\/27352"}],"wp:featuredmedia":[{"embeddable":true,"href":"https:\/\/greenkingdom.ch\/de\/wp-json\/wp\/v2\/media\/22965"}],"wp:attachment":[{"href":"https:\/\/greenkingdom.ch\/de\/wp-json\/wp\/v2\/media?parent=22969"}],"wp:term":[{"taxonomy":"product_brand","embeddable":true,"href":"https:\/\/greenkingdom.ch\/de\/wp-json\/wp\/v2\/product_brand?post=22969"},{"taxonomy":"product_cat","embeddable":true,"href":"https:\/\/greenkingdom.ch\/de\/wp-json\/wp\/v2\/product_cat?post=22969"},{"taxonomy":"product_tag","embeddable":true,"href":"https:\/\/greenkingdom.ch\/de\/wp-json\/wp\/v2\/product_tag?post=22969"}],"curies":[{"name":"wp","href":"https:\/\/api.w.org\/{rel}","templated":true}]}}