{"id":23029,"date":"2024-12-18T14:13:47","date_gmt":"2024-12-18T13:13:47","guid":{"rendered":"https:\/\/greenkingdom.ch\/?post_type=product&#038;p=23029"},"modified":"2025-01-02T14:41:09","modified_gmt":"2025-01-02T13:41:09","slug":"pro-xl-explosive-bloom-5-kg","status":"publish","type":"product","link":"https:\/\/greenkingdom.ch\/de\/produkt\/pro-xl-explosive-bloom-5-kg\/","title":{"rendered":"Pro-XL Explosive Bloom 5KG"},"content":{"rendered":"<p><strong>PRO-XL Explosive Bloom \u2013 f\u00fcr gr\u00f6\u00dfere, kompaktere und schwerere Bl\u00fcten<\/strong><\/p>\n<p><strong>PRO-XL Explosive Bloom ist ein revolution\u00e4rer D\u00fcnger<\/strong> , der entwickelt wurde, um das Wachstum gr\u00f6\u00dferer, kompakterer, st\u00e4rkerer und schwererer Bl\u00fcten zu f\u00f6rdern. Dieses innovative Produkt kombiniert eine hohe Konzentration an Phosphor und Kalium mit Vitaminen, Aminos\u00e4uren und optimaler Schwefelqualit\u00e4t. Schwefel, der f\u00fcr die Bildung von Proteinen in der Pflanze unerl\u00e4sslich ist, spielt eine Schl\u00fcsselrolle bei der Bl\u00fcteentwicklung, was <strong>Explosive Bloom<\/strong> besonders effektiv macht, um beeindruckende Ergebnisse zu erzielen. <\/p>\n<ul>\n<li><strong>Gr\u00f6\u00dfere, kompakte Bl\u00fcten<\/strong><\/li>\n<li><strong>H\u00e4rtere und schwerere Bl\u00fcten<\/strong><\/li>\n<li><strong>Mit Schwefel angereicherte Formulierung zur Proteinbildung<\/strong><\/li>\n<\/ul>\n","protected":false},"excerpt":{"rendered":"<p>PRO-XL Explosive Bloom \u2013 f\u00fcr gr\u00f6\u00dfere, kompaktere und schwerere Bl\u00fcten PRO-XL Explosive Bloom ist ein revolution\u00e4rer D\u00fcnger , der entwickelt wurde, um das Wachstum gr\u00f6\u00dferer, kompakterer, st\u00e4rkerer und schwererer Bl\u00fcten zu f\u00f6rdern. Dieses innovative Produkt kombiniert eine hohe Konzentration an Phosphor und Kalium mit Vitaminen, Aminos\u00e4uren und optimaler Schwefelqualit\u00e4t. Schwefel, der f\u00fcr die Bildung von [&hellip;]<\/p>\n","protected":false},"featured_media":23006,"comment_status":"open","ping_status":"closed","template":"","meta":{"_seopress_robots_primary_cat":"none","_seopress_titles_title":"","_seopress_titles_desc":"","_seopress_robots_index":""},"product_brand":[],"product_cat":[690],"product_tag":[],"class_list":{"0":"post-23029","1":"product","2":"type-product","3":"status-publish","4":"has-post-thumbnail","6":"product_cat-pro-xl-de","9":"instock","10":"taxable","11":"shipping-taxable","12":"purchasable","13":"product-type-simple","14":"product-grid-view"},"_links":{"self":[{"href":"https:\/\/greenkingdom.ch\/de\/wp-json\/wp\/v2\/product\/23029","targetHints":{"allow":["GET"]}}],"collection":[{"href":"https:\/\/greenkingdom.ch\/de\/wp-json\/wp\/v2\/product"}],"about":[{"href":"https:\/\/greenkingdom.ch\/de\/wp-json\/wp\/v2\/types\/product"}],"replies":[{"embeddable":true,"href":"https:\/\/greenkingdom.ch\/de\/wp-json\/wp\/v2\/comments?post=23029"}],"version-history":[{"count":2,"href":"https:\/\/greenkingdom.ch\/de\/wp-json\/wp\/v2\/product\/23029\/revisions"}],"predecessor-version":[{"id":27375,"href":"https:\/\/greenkingdom.ch\/de\/wp-json\/wp\/v2\/product\/23029\/revisions\/27375"}],"wp:featuredmedia":[{"embeddable":true,"href":"https:\/\/greenkingdom.ch\/de\/wp-json\/wp\/v2\/media\/23006"}],"wp:attachment":[{"href":"https:\/\/greenkingdom.ch\/de\/wp-json\/wp\/v2\/media?parent=23029"}],"wp:term":[{"taxonomy":"product_brand","embeddable":true,"href":"https:\/\/greenkingdom.ch\/de\/wp-json\/wp\/v2\/product_brand?post=23029"},{"taxonomy":"product_cat","embeddable":true,"href":"https:\/\/greenkingdom.ch\/de\/wp-json\/wp\/v2\/product_cat?post=23029"},{"taxonomy":"product_tag","embeddable":true,"href":"https:\/\/greenkingdom.ch\/de\/wp-json\/wp\/v2\/product_tag?post=23029"}],"curies":[{"name":"wp","href":"https:\/\/api.w.org\/{rel}","templated":true}]}}