{"id":23055,"date":"2024-12-18T14:23:08","date_gmt":"2024-12-18T13:23:08","guid":{"rendered":"https:\/\/greenkingdom.ch\/?post_type=product&#038;p=23055"},"modified":"2025-01-02T14:41:12","modified_gmt":"2025-01-02T13:41:12","slug":"pro-xl-fish-emulsion-organic-500ml","status":"publish","type":"product","link":"https:\/\/greenkingdom.ch\/de\/produkt\/pro-xl-fish-emulsion-organic-500ml\/","title":{"rendered":"PRO-XL Fisch Emulsion Bio 500ml"},"content":{"rendered":"<p><strong>PRO-XL Fish Emulsion (Organic) \u2013 Bio-Stimulator auf Fischbasis<\/strong><\/p>\n<p><strong>PRO-XL Fish Emulsion<\/strong> ist ein einzigartiger organischer Stimulator, der entwickelt wurde, um Ihren Pflanzen zu helfen, robuste und sch\u00f6ne Bl\u00fcten zu produzieren. Diese Mischung auf Fischbasis ist das Ergebnis eines speziellen Verfahrens, das die Wirkstoffe von den sch\u00e4dlichen S\u00e4uren trennt, die bei der Fermentation entstehen. <\/p>\n<ul>\n<li><strong>\u00dcberlegene Qualit\u00e4t<\/strong><\/li>\n<li><strong>Optimale Balance<\/strong><\/li>\n<li><strong>Konzentrierte Formel<\/strong><\/li>\n<\/ul>\n<p>Angereichert mit Algins\u00e4ure und essentiellen N\u00e4hrstoffen verbessert diese organische Emulsion die Qualit\u00e4t des Substrats, gleicht die Mikrobiologie des Bodens aus und beschleunigt das nat\u00fcrliche Wachstum der Pflanzen. Auf diese Weise f\u00f6rdert es hervorragende Anbauergebnisse und tr\u00e4gt dazu bei, einen gesunden Boden zu erhalten, der zur Wiederverwendung bereit ist. <\/p>\n","protected":false},"excerpt":{"rendered":"<p>PRO-XL Fish Emulsion (Organic) \u2013 Bio-Stimulator auf Fischbasis PRO-XL Fish Emulsion ist ein einzigartiger organischer Stimulator, der entwickelt wurde, um Ihren Pflanzen zu helfen, robuste und sch\u00f6ne Bl\u00fcten zu produzieren. Diese Mischung auf Fischbasis ist das Ergebnis eines speziellen Verfahrens, das die Wirkstoffe von den sch\u00e4dlichen S\u00e4uren trennt, die bei der Fermentation entstehen. \u00dcberlegene Qualit\u00e4t [&hellip;]<\/p>\n","protected":false},"featured_media":23047,"comment_status":"open","ping_status":"closed","template":"","meta":{"_seopress_robots_primary_cat":"none","_seopress_titles_title":"","_seopress_titles_desc":"","_seopress_robots_index":""},"product_brand":[],"product_cat":[690],"product_tag":[],"class_list":{"0":"post-23055","1":"product","2":"type-product","3":"status-publish","4":"has-post-thumbnail","6":"product_cat-pro-xl-de","9":"instock","10":"taxable","11":"shipping-taxable","12":"purchasable","13":"product-type-simple","14":"product-grid-view"},"_links":{"self":[{"href":"https:\/\/greenkingdom.ch\/de\/wp-json\/wp\/v2\/product\/23055","targetHints":{"allow":["GET"]}}],"collection":[{"href":"https:\/\/greenkingdom.ch\/de\/wp-json\/wp\/v2\/product"}],"about":[{"href":"https:\/\/greenkingdom.ch\/de\/wp-json\/wp\/v2\/types\/product"}],"replies":[{"embeddable":true,"href":"https:\/\/greenkingdom.ch\/de\/wp-json\/wp\/v2\/comments?post=23055"}],"version-history":[{"count":3,"href":"https:\/\/greenkingdom.ch\/de\/wp-json\/wp\/v2\/product\/23055\/revisions"}],"predecessor-version":[{"id":27377,"href":"https:\/\/greenkingdom.ch\/de\/wp-json\/wp\/v2\/product\/23055\/revisions\/27377"}],"wp:featuredmedia":[{"embeddable":true,"href":"https:\/\/greenkingdom.ch\/de\/wp-json\/wp\/v2\/media\/23047"}],"wp:attachment":[{"href":"https:\/\/greenkingdom.ch\/de\/wp-json\/wp\/v2\/media?parent=23055"}],"wp:term":[{"taxonomy":"product_brand","embeddable":true,"href":"https:\/\/greenkingdom.ch\/de\/wp-json\/wp\/v2\/product_brand?post=23055"},{"taxonomy":"product_cat","embeddable":true,"href":"https:\/\/greenkingdom.ch\/de\/wp-json\/wp\/v2\/product_cat?post=23055"},{"taxonomy":"product_tag","embeddable":true,"href":"https:\/\/greenkingdom.ch\/de\/wp-json\/wp\/v2\/product_tag?post=23055"}],"curies":[{"name":"wp","href":"https:\/\/api.w.org\/{rel}","templated":true}]}}