{"id":23107,"date":"2024-12-18T14:36:37","date_gmt":"2024-12-18T13:36:37","guid":{"rendered":"https:\/\/greenkingdom.ch\/?post_type=product&#038;p=23107"},"modified":"2025-01-02T14:41:22","modified_gmt":"2025-01-02T13:41:22","slug":"pro-xl-flora-exploder-5l","status":"publish","type":"product","link":"https:\/\/greenkingdom.ch\/de\/produkt\/pro-xl-flora-exploder-5l\/","title":{"rendered":"PRO-XL Flora Exploder 5L"},"content":{"rendered":"<p><strong>PRO-XL Flora Exploder \u2013 schneller und optimaler Bl\u00fchstimulator<\/strong><\/p>\n<p><strong>PRO-XL Flora Exploder<\/strong> ist das perfekte Produkt, um am Ende des Wachstumszyklus eine schnelle und optimale Bl\u00fcte auszul\u00f6sen. Dank seiner sorgf\u00e4ltig zusammengestellten Formel versorgt es die Pflanze mit allen N\u00e4hrstoffen, die sie ben\u00f6tigt, um ihre Bl\u00fctenproduktion in der Endphase zu maximieren. Dieser Stimulator f\u00f6rdert nicht nur die Bl\u00fcte, sondern st\u00e4rkt auch die Widerstandsf\u00e4higkeit der Pflanze gegen Infektionen und Schimmel und sorgt f\u00fcr eine gesunde und qualitativ hochwertige Ernte. <\/p>\n","protected":false},"excerpt":{"rendered":"<p>PRO-XL Flora Exploder \u2013 schneller und optimaler Bl\u00fchstimulator PRO-XL Flora Exploder ist das perfekte Produkt, um am Ende des Wachstumszyklus eine schnelle und optimale Bl\u00fcte auszul\u00f6sen. Dank seiner sorgf\u00e4ltig zusammengestellten Formel versorgt es die Pflanze mit allen N\u00e4hrstoffen, die sie ben\u00f6tigt, um ihre Bl\u00fctenproduktion in der Endphase zu maximieren. Dieser Stimulator f\u00f6rdert nicht nur die [&hellip;]<\/p>\n","protected":false},"featured_media":23085,"comment_status":"open","ping_status":"closed","template":"","meta":{"_seopress_robots_primary_cat":"none","_seopress_titles_title":"","_seopress_titles_desc":"","_seopress_robots_index":""},"product_brand":[],"product_cat":[690],"product_tag":[],"class_list":{"0":"post-23107","1":"product","2":"type-product","3":"status-publish","4":"has-post-thumbnail","6":"product_cat-pro-xl-de","9":"instock","10":"taxable","11":"shipping-taxable","12":"purchasable","13":"product-type-simple","14":"product-grid-view"},"_links":{"self":[{"href":"https:\/\/greenkingdom.ch\/de\/wp-json\/wp\/v2\/product\/23107","targetHints":{"allow":["GET"]}}],"collection":[{"href":"https:\/\/greenkingdom.ch\/de\/wp-json\/wp\/v2\/product"}],"about":[{"href":"https:\/\/greenkingdom.ch\/de\/wp-json\/wp\/v2\/types\/product"}],"replies":[{"embeddable":true,"href":"https:\/\/greenkingdom.ch\/de\/wp-json\/wp\/v2\/comments?post=23107"}],"version-history":[{"count":3,"href":"https:\/\/greenkingdom.ch\/de\/wp-json\/wp\/v2\/product\/23107\/revisions"}],"predecessor-version":[{"id":27392,"href":"https:\/\/greenkingdom.ch\/de\/wp-json\/wp\/v2\/product\/23107\/revisions\/27392"}],"wp:featuredmedia":[{"embeddable":true,"href":"https:\/\/greenkingdom.ch\/de\/wp-json\/wp\/v2\/media\/23085"}],"wp:attachment":[{"href":"https:\/\/greenkingdom.ch\/de\/wp-json\/wp\/v2\/media?parent=23107"}],"wp:term":[{"taxonomy":"product_brand","embeddable":true,"href":"https:\/\/greenkingdom.ch\/de\/wp-json\/wp\/v2\/product_brand?post=23107"},{"taxonomy":"product_cat","embeddable":true,"href":"https:\/\/greenkingdom.ch\/de\/wp-json\/wp\/v2\/product_cat?post=23107"},{"taxonomy":"product_tag","embeddable":true,"href":"https:\/\/greenkingdom.ch\/de\/wp-json\/wp\/v2\/product_tag?post=23107"}],"curies":[{"name":"wp","href":"https:\/\/api.w.org\/{rel}","templated":true}]}}