{"id":23134,"date":"2024-12-18T14:42:02","date_gmt":"2024-12-18T13:42:02","guid":{"rendered":"https:\/\/greenkingdom.ch\/product\/pro-xl-foliar-feed-refill-30ml\/"},"modified":"2025-01-02T14:36:11","modified_gmt":"2025-01-02T13:36:11","slug":"pro-xl-foliar-feed-refill-30ml","status":"publish","type":"product","link":"https:\/\/greenkingdom.ch\/de\/produkt\/pro-xl-foliar-feed-refill-30ml\/","title":{"rendered":"PRO-XL Blattfutter Nachf\u00fcllpackung 30ml"},"content":{"rendered":"<p><strong>PRO-XL Blattd\u00fcnger (REFILL) \u2013 Wachstums- und Erholungsstimulator<\/strong><\/p>\n<p><strong>PRO-XL Blattd\u00fcnger<\/strong> ist ein au\u00dfergew\u00f6hnliches Produkt, das entwickelt wurde, um junge Pflanzen in den ersten Wochen vor dem Wachstum zu unterst\u00fctzen und gestressten oder ungesunden Pflanzen zu helfen, sich von Wurzelproblemen zu erholen. Dieser Blattd\u00fcnger f\u00f6rdert eine schnelle und gesunde Entwicklung und unterst\u00fctzt das Wachstum der Wurzeln direkt. <\/p>\n<ul>\n<li><strong>Ideal f\u00fcr die ersten Wochen vor dem Wachstum<\/strong><\/li>\n<li><strong>Beschleunigt das Wachstum f\u00fcr robustere Pflanzen<\/strong><\/li>\n<li><strong>Hilft bei der Genesung nach dem Beschneiden von Stecklingen oder Wurzelproblemen<\/strong><\/li>\n<\/ul>\n<p>Dieses Produkt erm\u00f6glicht es, in kurzer Zeit eine st\u00e4rkere, ges\u00fcndere und widerstandsf\u00e4higere Pflanze zu erhalten und gleichzeitig ein beschleunigtes Wachstum zu erm\u00f6glichen.<\/p>\n","protected":false},"excerpt":{"rendered":"<p>PRO-XL Blattd\u00fcnger (REFILL) \u2013 Wachstums- und Erholungsstimulator PRO-XL Blattd\u00fcnger ist ein au\u00dfergew\u00f6hnliches Produkt, das entwickelt wurde, um junge Pflanzen in den ersten Wochen vor dem Wachstum zu unterst\u00fctzen und gestressten oder ungesunden Pflanzen zu helfen, sich von Wurzelproblemen zu erholen. Dieser Blattd\u00fcnger f\u00f6rdert eine schnelle und gesunde Entwicklung und unterst\u00fctzt das Wachstum der Wurzeln direkt. [&hellip;]<\/p>\n","protected":false},"featured_media":23130,"comment_status":"open","ping_status":"closed","template":"","meta":{"_seopress_robots_primary_cat":"none","_seopress_titles_title":"","_seopress_titles_desc":"","_seopress_robots_index":""},"product_brand":[],"product_cat":[690],"product_tag":[],"class_list":{"0":"post-23134","1":"product","2":"type-product","3":"status-publish","4":"has-post-thumbnail","6":"product_cat-pro-xl-de","9":"instock","10":"taxable","11":"shipping-taxable","12":"purchasable","13":"product-type-simple","14":"product-grid-view"},"_links":{"self":[{"href":"https:\/\/greenkingdom.ch\/de\/wp-json\/wp\/v2\/product\/23134","targetHints":{"allow":["GET"]}}],"collection":[{"href":"https:\/\/greenkingdom.ch\/de\/wp-json\/wp\/v2\/product"}],"about":[{"href":"https:\/\/greenkingdom.ch\/de\/wp-json\/wp\/v2\/types\/product"}],"replies":[{"embeddable":true,"href":"https:\/\/greenkingdom.ch\/de\/wp-json\/wp\/v2\/comments?post=23134"}],"version-history":[{"count":2,"href":"https:\/\/greenkingdom.ch\/de\/wp-json\/wp\/v2\/product\/23134\/revisions"}],"predecessor-version":[{"id":27198,"href":"https:\/\/greenkingdom.ch\/de\/wp-json\/wp\/v2\/product\/23134\/revisions\/27198"}],"wp:featuredmedia":[{"embeddable":true,"href":"https:\/\/greenkingdom.ch\/de\/wp-json\/wp\/v2\/media\/23130"}],"wp:attachment":[{"href":"https:\/\/greenkingdom.ch\/de\/wp-json\/wp\/v2\/media?parent=23134"}],"wp:term":[{"taxonomy":"product_brand","embeddable":true,"href":"https:\/\/greenkingdom.ch\/de\/wp-json\/wp\/v2\/product_brand?post=23134"},{"taxonomy":"product_cat","embeddable":true,"href":"https:\/\/greenkingdom.ch\/de\/wp-json\/wp\/v2\/product_cat?post=23134"},{"taxonomy":"product_tag","embeddable":true,"href":"https:\/\/greenkingdom.ch\/de\/wp-json\/wp\/v2\/product_tag?post=23134"}],"curies":[{"name":"wp","href":"https:\/\/api.w.org\/{rel}","templated":true}]}}