{"id":23171,"date":"2024-12-18T14:52:21","date_gmt":"2024-12-18T13:52:21","guid":{"rendered":"https:\/\/greenkingdom.ch\/product\/pro-xl-grow-ab-1l\/"},"modified":"2025-01-02T14:36:12","modified_gmt":"2025-01-02T13:36:12","slug":"pro-xl-grow-ab-1l","status":"publish","type":"product","link":"https:\/\/greenkingdom.ch\/de\/produkt\/pro-xl-grow-ab-1l\/","title":{"rendered":"PRO-XL Grow A+B 1L"},"content":{"rendered":"<p><strong>PRO-XL Grow A+B \u2013 Speziell formulierter D\u00fcnger f\u00fcr das Wachstum<\/strong><\/p>\n<p><strong>PRO-XL Grow A+B ist ein hochwertiger D\u00fcnger<\/strong> , der speziell f\u00fcr die Wachstumsphase der Pflanzen entwickelt wurde. Es besteht aus zwei getrennten Komponenten, A und B, die f\u00fcr eine optimale Ern\u00e4hrung sorgen. Dank der Verwendung von feinen N\u00e4hrstoffen, die frei von Nitraten und Chloriden sind, erm\u00f6glicht dieser D\u00fcnger eine maximale Aufnahme durch die Wurzeln. <strong>PRO-XL Grow A+B<\/strong> eignet sich f\u00fcr alle Arten von Substraten und wird besonders f\u00fcr hydroponische Systeme empfohlen, da sie eine kr\u00e4ftige und gesunde vegetative Entwicklung garantiert. <\/p>\n","protected":false},"excerpt":{"rendered":"<p>PRO-XL Grow A+B \u2013 Speziell formulierter D\u00fcnger f\u00fcr das Wachstum PRO-XL Grow A+B ist ein hochwertiger D\u00fcnger , der speziell f\u00fcr die Wachstumsphase der Pflanzen entwickelt wurde. Es besteht aus zwei getrennten Komponenten, A und B, die f\u00fcr eine optimale Ern\u00e4hrung sorgen. Dank der Verwendung von feinen N\u00e4hrstoffen, die frei von Nitraten und Chloriden sind, [&hellip;]<\/p>\n","protected":false},"featured_media":23155,"comment_status":"open","ping_status":"closed","template":"","meta":{"_seopress_robots_primary_cat":"","_seopress_titles_title":"","_seopress_titles_desc":"","_seopress_robots_index":""},"product_brand":[],"product_cat":[690],"product_tag":[],"class_list":{"0":"post-23171","1":"product","2":"type-product","3":"status-publish","4":"has-post-thumbnail","6":"product_cat-pro-xl-de","9":"instock","10":"taxable","11":"shipping-taxable","12":"purchasable","13":"product-type-simple","14":"product-grid-view"},"_links":{"self":[{"href":"https:\/\/greenkingdom.ch\/de\/wp-json\/wp\/v2\/product\/23171","targetHints":{"allow":["GET"]}}],"collection":[{"href":"https:\/\/greenkingdom.ch\/de\/wp-json\/wp\/v2\/product"}],"about":[{"href":"https:\/\/greenkingdom.ch\/de\/wp-json\/wp\/v2\/types\/product"}],"replies":[{"embeddable":true,"href":"https:\/\/greenkingdom.ch\/de\/wp-json\/wp\/v2\/comments?post=23171"}],"version-history":[{"count":1,"href":"https:\/\/greenkingdom.ch\/de\/wp-json\/wp\/v2\/product\/23171\/revisions"}],"predecessor-version":[{"id":27201,"href":"https:\/\/greenkingdom.ch\/de\/wp-json\/wp\/v2\/product\/23171\/revisions\/27201"}],"wp:featuredmedia":[{"embeddable":true,"href":"https:\/\/greenkingdom.ch\/de\/wp-json\/wp\/v2\/media\/23155"}],"wp:attachment":[{"href":"https:\/\/greenkingdom.ch\/de\/wp-json\/wp\/v2\/media?parent=23171"}],"wp:term":[{"taxonomy":"product_brand","embeddable":true,"href":"https:\/\/greenkingdom.ch\/de\/wp-json\/wp\/v2\/product_brand?post=23171"},{"taxonomy":"product_cat","embeddable":true,"href":"https:\/\/greenkingdom.ch\/de\/wp-json\/wp\/v2\/product_cat?post=23171"},{"taxonomy":"product_tag","embeddable":true,"href":"https:\/\/greenkingdom.ch\/de\/wp-json\/wp\/v2\/product_tag?post=23171"}],"curies":[{"name":"wp","href":"https:\/\/api.w.org\/{rel}","templated":true}]}}