{"id":23231,"date":"2024-12-18T15:11:25","date_gmt":"2024-12-18T14:11:25","guid":{"rendered":"https:\/\/greenkingdom.ch\/?post_type=product&#038;p=23231"},"modified":"2025-01-02T14:36:31","modified_gmt":"2025-01-02T13:36:31","slug":"pro-xl-humic-fulvic-acid-organic-250ml","status":"publish","type":"product","link":"https:\/\/greenkingdom.ch\/de\/produkt\/pro-xl-humic-fulvic-acid-organic-250ml\/","title":{"rendered":"PRO-XL Humins\u00e4ure + Fulvos\u00e4ure Organisch 250ml"},"content":{"rendered":"<p><strong>PRO-XL Humins\u00e4ure + Fulvos\u00e4ure (Bio) \u2013 N\u00e4hrstoffoptimierer<\/strong><\/p>\n<p><strong>PRO-XL Humins\u00e4ure + Fulvos\u00e4ure<\/strong> kombiniert die leistungsstarken Eigenschaften von Humins\u00e4ure und Fulvos\u00e4ure, um die N\u00e4hrstoffaufnahme zu maximieren. Humins\u00e4ure hat die einzigartige F\u00e4higkeit, sich an Mineralien und N\u00e4hrstoffe zu binden und so einen effizienten Transport zu den Teilen der Pflanze zu erm\u00f6glichen, die sie am dringendsten ben\u00f6tigen. <\/p>\n<ul>\n<li><strong>\u00dcberlegene Qualit\u00e4t<\/strong><\/li>\n<li><strong>Optimale Balance<\/strong><\/li>\n<li><strong>Konzentrierte Formel<\/strong><\/li>\n<\/ul>\n<p>Durch dieses einzigartige Verfahren verbessert <strong>PRO-XL Humins\u00e4ure + Fulvos\u00e4ure<\/strong> nicht nur die N\u00e4hrstoffverf\u00fcgbarkeit, sondern steigert auch die Leistung der Pflanze. Dar\u00fcber hinaus st\u00e4rkt es die Wasserspeicherung in den Substraten und f\u00f6rdert so eine stabilere und optimalere Wachstumsumgebung. <\/p>\n","protected":false},"excerpt":{"rendered":"<p>PRO-XL Humins\u00e4ure + Fulvos\u00e4ure (Bio) \u2013 N\u00e4hrstoffoptimierer PRO-XL Humins\u00e4ure + Fulvos\u00e4ure kombiniert die leistungsstarken Eigenschaften von Humins\u00e4ure und Fulvos\u00e4ure, um die N\u00e4hrstoffaufnahme zu maximieren. Humins\u00e4ure hat die einzigartige F\u00e4higkeit, sich an Mineralien und N\u00e4hrstoffe zu binden und so einen effizienten Transport zu den Teilen der Pflanze zu erm\u00f6glichen, die sie am dringendsten ben\u00f6tigen. \u00dcberlegene Qualit\u00e4t [&hellip;]<\/p>\n","protected":false},"featured_media":23220,"comment_status":"open","ping_status":"closed","template":"","meta":{"_seopress_robots_primary_cat":"none","_seopress_titles_title":"","_seopress_titles_desc":"","_seopress_robots_index":""},"product_brand":[],"product_cat":[690],"product_tag":[],"class_list":{"0":"post-23231","1":"product","2":"type-product","3":"status-publish","4":"has-post-thumbnail","6":"product_cat-pro-xl-de","9":"instock","10":"taxable","11":"shipping-taxable","12":"purchasable","13":"product-type-simple","14":"product-grid-view"},"_links":{"self":[{"href":"https:\/\/greenkingdom.ch\/de\/wp-json\/wp\/v2\/product\/23231","targetHints":{"allow":["GET"]}}],"collection":[{"href":"https:\/\/greenkingdom.ch\/de\/wp-json\/wp\/v2\/product"}],"about":[{"href":"https:\/\/greenkingdom.ch\/de\/wp-json\/wp\/v2\/types\/product"}],"replies":[{"embeddable":true,"href":"https:\/\/greenkingdom.ch\/de\/wp-json\/wp\/v2\/comments?post=23231"}],"version-history":[{"count":3,"href":"https:\/\/greenkingdom.ch\/de\/wp-json\/wp\/v2\/product\/23231\/revisions"}],"predecessor-version":[{"id":27216,"href":"https:\/\/greenkingdom.ch\/de\/wp-json\/wp\/v2\/product\/23231\/revisions\/27216"}],"wp:featuredmedia":[{"embeddable":true,"href":"https:\/\/greenkingdom.ch\/de\/wp-json\/wp\/v2\/media\/23220"}],"wp:attachment":[{"href":"https:\/\/greenkingdom.ch\/de\/wp-json\/wp\/v2\/media?parent=23231"}],"wp:term":[{"taxonomy":"product_brand","embeddable":true,"href":"https:\/\/greenkingdom.ch\/de\/wp-json\/wp\/v2\/product_brand?post=23231"},{"taxonomy":"product_cat","embeddable":true,"href":"https:\/\/greenkingdom.ch\/de\/wp-json\/wp\/v2\/product_cat?post=23231"},{"taxonomy":"product_tag","embeddable":true,"href":"https:\/\/greenkingdom.ch\/de\/wp-json\/wp\/v2\/product_tag?post=23231"}],"curies":[{"name":"wp","href":"https:\/\/api.w.org\/{rel}","templated":true}]}}