{"id":23269,"date":"2024-12-18T15:17:57","date_gmt":"2024-12-18T14:17:57","guid":{"rendered":"https:\/\/greenkingdom.ch\/?post_type=product&#038;p=23269"},"modified":"2025-01-02T14:36:40","modified_gmt":"2025-01-02T13:36:40","slug":"pro-xl-nitrogen-mystery-organic-5l","status":"publish","type":"product","link":"https:\/\/greenkingdom.ch\/de\/produkt\/pro-xl-nitrogen-mystery-organic-5l\/","title":{"rendered":"PRO-XL Stickstoff Mystery Organisch 5L"},"content":{"rendered":"<p><strong>PRO-XL Nitrogen Mystery (Bio) \u2013 Wachstumsstimulator und Photosynthese<\/strong><\/p>\n<p><strong>PRO-XL Nitrogen Mystery<\/strong> ist ein organisches Produkt, das entwickelt wurde, um das Pflanzenwachstum zu beschleunigen und eine Schl\u00fcsselrolle bei der Photosynthese zu spielen. Dieser spezielle D\u00fcnger f\u00f6rdert eine optimale Zellteilung und regt die Wurzelentwicklung an. <\/p>\n<ul>\n<li><strong>\u00dcberlegene Qualit\u00e4t<\/strong><\/li>\n<li><strong>Optimale Balance<\/strong><\/li>\n<li><strong>Konzentrierte Formel<\/strong><\/li>\n<\/ul>\n<p>Dank eines einzigartigen Verfahrens trennt <strong>PRO-XL Nitrogen Mystery<\/strong> die Wirkstoffe von den unerw\u00fcnschten S\u00e4uren aus der Fermentation und sorgt so f\u00fcr maximale Wirksamkeit. Dieses Produkt verbessert auch die Aufnahme von Phosphor, der f\u00fcr das Pflanzenwachstum unerl\u00e4sslich ist, f\u00fcr sichtbare und schnelle Ergebnisse. <\/p>\n","protected":false},"excerpt":{"rendered":"<p>PRO-XL Nitrogen Mystery (Bio) \u2013 Wachstumsstimulator und Photosynthese PRO-XL Nitrogen Mystery ist ein organisches Produkt, das entwickelt wurde, um das Pflanzenwachstum zu beschleunigen und eine Schl\u00fcsselrolle bei der Photosynthese zu spielen. Dieser spezielle D\u00fcnger f\u00f6rdert eine optimale Zellteilung und regt die Wurzelentwicklung an. \u00dcberlegene Qualit\u00e4t Optimale Balance Konzentrierte Formel Dank eines einzigartigen Verfahrens trennt PRO-XL [&hellip;]<\/p>\n","protected":false},"featured_media":23261,"comment_status":"open","ping_status":"closed","template":"","meta":{"_seopress_robots_primary_cat":"none","_seopress_titles_title":"","_seopress_titles_desc":"","_seopress_robots_index":""},"product_brand":[],"product_cat":[690],"product_tag":[],"class_list":{"0":"post-23269","1":"product","2":"type-product","3":"status-publish","4":"has-post-thumbnail","6":"product_cat-pro-xl-de","9":"instock","10":"taxable","11":"shipping-taxable","12":"purchasable","13":"product-type-simple","14":"product-grid-view"},"_links":{"self":[{"href":"https:\/\/greenkingdom.ch\/de\/wp-json\/wp\/v2\/product\/23269","targetHints":{"allow":["GET"]}}],"collection":[{"href":"https:\/\/greenkingdom.ch\/de\/wp-json\/wp\/v2\/product"}],"about":[{"href":"https:\/\/greenkingdom.ch\/de\/wp-json\/wp\/v2\/types\/product"}],"replies":[{"embeddable":true,"href":"https:\/\/greenkingdom.ch\/de\/wp-json\/wp\/v2\/comments?post=23269"}],"version-history":[{"count":3,"href":"https:\/\/greenkingdom.ch\/de\/wp-json\/wp\/v2\/product\/23269\/revisions"}],"predecessor-version":[{"id":27230,"href":"https:\/\/greenkingdom.ch\/de\/wp-json\/wp\/v2\/product\/23269\/revisions\/27230"}],"wp:featuredmedia":[{"embeddable":true,"href":"https:\/\/greenkingdom.ch\/de\/wp-json\/wp\/v2\/media\/23261"}],"wp:attachment":[{"href":"https:\/\/greenkingdom.ch\/de\/wp-json\/wp\/v2\/media?parent=23269"}],"wp:term":[{"taxonomy":"product_brand","embeddable":true,"href":"https:\/\/greenkingdom.ch\/de\/wp-json\/wp\/v2\/product_brand?post=23269"},{"taxonomy":"product_cat","embeddable":true,"href":"https:\/\/greenkingdom.ch\/de\/wp-json\/wp\/v2\/product_cat?post=23269"},{"taxonomy":"product_tag","embeddable":true,"href":"https:\/\/greenkingdom.ch\/de\/wp-json\/wp\/v2\/product_tag?post=23269"}],"curies":[{"name":"wp","href":"https:\/\/api.w.org\/{rel}","templated":true}]}}