{"id":23291,"date":"2024-12-18T15:37:27","date_gmt":"2024-12-18T14:37:27","guid":{"rendered":"https:\/\/greenkingdom.ch\/?post_type=product&#038;p=23291"},"modified":"2025-01-02T14:36:48","modified_gmt":"2025-01-02T13:36:48","slug":"pro-xl-pro-clean-500ml","status":"publish","type":"product","link":"https:\/\/greenkingdom.ch\/de\/produkt\/pro-xl-pro-clean-500ml\/","title":{"rendered":"PRO-XL Pro Clean 500ml"},"content":{"rendered":"<p><strong>PRO-XL Pro Clean \u2013 Verstopfungspr\u00e4vention und mikrobiologischer Schutz<\/strong><\/p>\n<p><strong>PRO-XL Pro Clean<\/strong> wurde entwickelt, um Kalkablagerungen und mikrobiologische Angriffe in Ihrem Bew\u00e4sserungssystem zu verhindern und eine optimale Wasserzirkulation zu gew\u00e4hrleisten. Mineralablagerungen k\u00f6nnen die Sauerstoffversorgung des Wassers verringern und die Gesundheit Deiner Pflanzen stark sch\u00e4digen. <\/p>\n<ul>\n<li><strong>Verhindert das Verstopfen von Rohren, Tropfern und Pumpen<\/strong><\/li>\n<li><strong>Verbessert die Leistung des hydroponischen Systems<\/strong><\/li>\n<li><strong>Beugt Kalkablagerungen und mikrobiologischen Problemen vor<\/strong><\/li>\n<\/ul>\n<p>Einfach zu bedienen, geben Sie einfach die empfohlene Menge direkt in den Wassertank, um Ihr System in Top-Zustand zu halten und die Gesundheit Ihrer Pflanzen zu optimieren.<\/p>\n","protected":false},"excerpt":{"rendered":"<p>PRO-XL Pro Clean \u2013 Verstopfungspr\u00e4vention und mikrobiologischer Schutz PRO-XL Pro Clean wurde entwickelt, um Kalkablagerungen und mikrobiologische Angriffe in Ihrem Bew\u00e4sserungssystem zu verhindern und eine optimale Wasserzirkulation zu gew\u00e4hrleisten. Mineralablagerungen k\u00f6nnen die Sauerstoffversorgung des Wassers verringern und die Gesundheit Deiner Pflanzen stark sch\u00e4digen. Verhindert das Verstopfen von Rohren, Tropfern und Pumpen Verbessert die Leistung des [&hellip;]<\/p>\n","protected":false},"featured_media":23283,"comment_status":"open","ping_status":"closed","template":"","meta":{"_seopress_robots_primary_cat":"none","_seopress_titles_title":"","_seopress_titles_desc":"","_seopress_robots_index":""},"product_brand":[],"product_cat":[690],"product_tag":[],"class_list":{"0":"post-23291","1":"product","2":"type-product","3":"status-publish","4":"has-post-thumbnail","6":"product_cat-pro-xl-de","9":"instock","10":"taxable","11":"shipping-taxable","12":"purchasable","13":"product-type-simple","14":"product-grid-view"},"_links":{"self":[{"href":"https:\/\/greenkingdom.ch\/de\/wp-json\/wp\/v2\/product\/23291","targetHints":{"allow":["GET"]}}],"collection":[{"href":"https:\/\/greenkingdom.ch\/de\/wp-json\/wp\/v2\/product"}],"about":[{"href":"https:\/\/greenkingdom.ch\/de\/wp-json\/wp\/v2\/types\/product"}],"replies":[{"embeddable":true,"href":"https:\/\/greenkingdom.ch\/de\/wp-json\/wp\/v2\/comments?post=23291"}],"version-history":[{"count":3,"href":"https:\/\/greenkingdom.ch\/de\/wp-json\/wp\/v2\/product\/23291\/revisions"}],"predecessor-version":[{"id":27242,"href":"https:\/\/greenkingdom.ch\/de\/wp-json\/wp\/v2\/product\/23291\/revisions\/27242"}],"wp:featuredmedia":[{"embeddable":true,"href":"https:\/\/greenkingdom.ch\/de\/wp-json\/wp\/v2\/media\/23283"}],"wp:attachment":[{"href":"https:\/\/greenkingdom.ch\/de\/wp-json\/wp\/v2\/media?parent=23291"}],"wp:term":[{"taxonomy":"product_brand","embeddable":true,"href":"https:\/\/greenkingdom.ch\/de\/wp-json\/wp\/v2\/product_brand?post=23291"},{"taxonomy":"product_cat","embeddable":true,"href":"https:\/\/greenkingdom.ch\/de\/wp-json\/wp\/v2\/product_cat?post=23291"},{"taxonomy":"product_tag","embeddable":true,"href":"https:\/\/greenkingdom.ch\/de\/wp-json\/wp\/v2\/product_tag?post=23291"}],"curies":[{"name":"wp","href":"https:\/\/api.w.org\/{rel}","templated":true}]}}