{"id":23317,"date":"2024-12-18T15:41:24","date_gmt":"2024-12-18T14:41:24","guid":{"rendered":"https:\/\/greenkingdom.ch\/product\/pro-xl-pro-led-extreme-1l\/"},"modified":"2025-01-02T14:36:49","modified_gmt":"2025-01-02T13:36:49","slug":"pro-xl-pro-led-extreme-1l","status":"publish","type":"product","link":"https:\/\/greenkingdom.ch\/de\/produkt\/pro-xl-pro-led-extreme-1l\/","title":{"rendered":"PRO-XL Pro LED Extreme 1L"},"content":{"rendered":"<p><strong>PRO-XL Pro LED Extreme \u2013 Idealer D\u00fcnger f\u00fcr den LED-Anbau<\/strong><\/p>\n<p><strong>PRO-XL Pro LED Extreme<\/strong> wurde speziell entwickelt, um den Anbau unter LED-Beleuchtung zu optimieren und au\u00dfergew\u00f6hnliche Ergebnisse zu erzielen. LED-Beleuchtung ver\u00e4ndert die Art und Weise, wie Pflanzen N\u00e4hrstoffe aufnehmen, was zu Mangelerscheinungen f\u00fchren kann, wenn der \u00fcbliche D\u00fcnger nicht geeignet ist. Dieses Produkt hat die perfekte Zusammensetzung, um die Vorteile des Anbaus unter LEDs zu maximieren und ein optimales Wachstum und beeindruckende Ertr\u00e4ge zu gew\u00e4hrleisten. Mit <strong>PRO-XL Pro LED Extreme<\/strong> k\u00f6nnen Ihre Pflanzen das LED-Licht f\u00fcr eine kr\u00e4ftige und gesunde Entwicklung voll ausnutzen. <\/p>\n","protected":false},"excerpt":{"rendered":"<p>PRO-XL Pro LED Extreme \u2013 Idealer D\u00fcnger f\u00fcr den LED-Anbau PRO-XL Pro LED Extreme wurde speziell entwickelt, um den Anbau unter LED-Beleuchtung zu optimieren und au\u00dfergew\u00f6hnliche Ergebnisse zu erzielen. LED-Beleuchtung ver\u00e4ndert die Art und Weise, wie Pflanzen N\u00e4hrstoffe aufnehmen, was zu Mangelerscheinungen f\u00fchren kann, wenn der \u00fcbliche D\u00fcnger nicht geeignet ist. Dieses Produkt hat die [&hellip;]<\/p>\n","protected":false},"featured_media":23313,"comment_status":"open","ping_status":"closed","template":"","meta":{"_seopress_robots_primary_cat":"","_seopress_titles_title":"","_seopress_titles_desc":"","_seopress_robots_index":""},"product_brand":[],"product_cat":[690],"product_tag":[],"class_list":{"0":"post-23317","1":"product","2":"type-product","3":"status-publish","4":"has-post-thumbnail","6":"product_cat-pro-xl-de","9":"instock","10":"taxable","11":"shipping-taxable","12":"purchasable","13":"product-type-simple","14":"product-grid-view"},"_links":{"self":[{"href":"https:\/\/greenkingdom.ch\/de\/wp-json\/wp\/v2\/product\/23317","targetHints":{"allow":["GET"]}}],"collection":[{"href":"https:\/\/greenkingdom.ch\/de\/wp-json\/wp\/v2\/product"}],"about":[{"href":"https:\/\/greenkingdom.ch\/de\/wp-json\/wp\/v2\/types\/product"}],"replies":[{"embeddable":true,"href":"https:\/\/greenkingdom.ch\/de\/wp-json\/wp\/v2\/comments?post=23317"}],"version-history":[{"count":1,"href":"https:\/\/greenkingdom.ch\/de\/wp-json\/wp\/v2\/product\/23317\/revisions"}],"predecessor-version":[{"id":27245,"href":"https:\/\/greenkingdom.ch\/de\/wp-json\/wp\/v2\/product\/23317\/revisions\/27245"}],"wp:featuredmedia":[{"embeddable":true,"href":"https:\/\/greenkingdom.ch\/de\/wp-json\/wp\/v2\/media\/23313"}],"wp:attachment":[{"href":"https:\/\/greenkingdom.ch\/de\/wp-json\/wp\/v2\/media?parent=23317"}],"wp:term":[{"taxonomy":"product_brand","embeddable":true,"href":"https:\/\/greenkingdom.ch\/de\/wp-json\/wp\/v2\/product_brand?post=23317"},{"taxonomy":"product_cat","embeddable":true,"href":"https:\/\/greenkingdom.ch\/de\/wp-json\/wp\/v2\/product_cat?post=23317"},{"taxonomy":"product_tag","embeddable":true,"href":"https:\/\/greenkingdom.ch\/de\/wp-json\/wp\/v2\/product_tag?post=23317"}],"curies":[{"name":"wp","href":"https:\/\/api.w.org\/{rel}","templated":true}]}}