{"id":23350,"date":"2024-12-18T15:47:44","date_gmt":"2024-12-18T14:47:44","guid":{"rendered":"https:\/\/greenkingdom.ch\/product\/pro-xl-pro-ortho-silicon-1l\/"},"modified":"2025-01-02T14:36:56","modified_gmt":"2025-01-02T13:36:56","slug":"pro-xl-pro-ortho-silicon-1l","status":"publish","type":"product","link":"https:\/\/greenkingdom.ch\/de\/produkt\/pro-xl-pro-ortho-silicon-1l\/","title":{"rendered":"PRO-XL Pro Ortho Silikon 1L"},"content":{"rendered":"<p><strong>PRO-XL Pro Ortho Silicon \u2013 Bioverf\u00fcgbares Silizium f\u00fcr Pflanzen<\/strong><\/p>\n<p><strong>PRO-XL Pro Ortho Silicon<\/strong> ist ein extrem konzentriertes Produkt, das mit den hochwertigsten Inhaltsstoffen formuliert ist. Es enth\u00e4lt Orthokiesels\u00e4ure (H\u2084SiO\u2084), die 100% bioverf\u00fcgbare Form von Silizium, die speziell entwickelt wurde, um ein optimales Pflanzenwachstum zu f\u00f6rdern. <\/p>\n<ul>\n<li><strong>Verbessert die Zellwandstruktur<\/strong><\/li>\n<li><strong>St\u00e4rkt den St\u00e4ngel, f\u00f6rdert die Wurzelbildung und die Widerstandsf\u00e4higkeit gegen Krankheiten<\/strong><\/li>\n<li><strong>Optimiert die Aufnahme essentieller N\u00e4hrstoffe<\/strong><\/li>\n<\/ul>\n<p>Silizium tr\u00e4gt auch dazu bei, die Widerstandsf\u00e4higkeit der Pflanzen gegen hohe Temperaturen und Trockenheit zu erh\u00f6hen und den Stress durch \u00fcberm\u00e4\u00dfige Lichteinwirkung zu reduzieren. Eine ideale Wahl f\u00fcr robuste und gesunde Pflanzen. <\/p>\n","protected":false},"excerpt":{"rendered":"<p>PRO-XL Pro Ortho Silicon \u2013 Bioverf\u00fcgbares Silizium f\u00fcr Pflanzen PRO-XL Pro Ortho Silicon ist ein extrem konzentriertes Produkt, das mit den hochwertigsten Inhaltsstoffen formuliert ist. Es enth\u00e4lt Orthokiesels\u00e4ure (H\u2084SiO\u2084), die 100% bioverf\u00fcgbare Form von Silizium, die speziell entwickelt wurde, um ein optimales Pflanzenwachstum zu f\u00f6rdern. Verbessert die Zellwandstruktur St\u00e4rkt den St\u00e4ngel, f\u00f6rdert die Wurzelbildung und [&hellip;]<\/p>\n","protected":false},"featured_media":23346,"comment_status":"open","ping_status":"closed","template":"","meta":{"_seopress_robots_primary_cat":"","_seopress_titles_title":"","_seopress_titles_desc":"","_seopress_robots_index":""},"product_brand":[],"product_cat":[690],"product_tag":[],"class_list":{"0":"post-23350","1":"product","2":"type-product","3":"status-publish","4":"has-post-thumbnail","6":"product_cat-pro-xl-de","9":"instock","10":"taxable","11":"shipping-taxable","12":"purchasable","13":"product-type-simple","14":"product-grid-view"},"_links":{"self":[{"href":"https:\/\/greenkingdom.ch\/de\/wp-json\/wp\/v2\/product\/23350","targetHints":{"allow":["GET"]}}],"collection":[{"href":"https:\/\/greenkingdom.ch\/de\/wp-json\/wp\/v2\/product"}],"about":[{"href":"https:\/\/greenkingdom.ch\/de\/wp-json\/wp\/v2\/types\/product"}],"replies":[{"embeddable":true,"href":"https:\/\/greenkingdom.ch\/de\/wp-json\/wp\/v2\/comments?post=23350"}],"version-history":[{"count":1,"href":"https:\/\/greenkingdom.ch\/de\/wp-json\/wp\/v2\/product\/23350\/revisions"}],"predecessor-version":[{"id":27253,"href":"https:\/\/greenkingdom.ch\/de\/wp-json\/wp\/v2\/product\/23350\/revisions\/27253"}],"wp:featuredmedia":[{"embeddable":true,"href":"https:\/\/greenkingdom.ch\/de\/wp-json\/wp\/v2\/media\/23346"}],"wp:attachment":[{"href":"https:\/\/greenkingdom.ch\/de\/wp-json\/wp\/v2\/media?parent=23350"}],"wp:term":[{"taxonomy":"product_brand","embeddable":true,"href":"https:\/\/greenkingdom.ch\/de\/wp-json\/wp\/v2\/product_brand?post=23350"},{"taxonomy":"product_cat","embeddable":true,"href":"https:\/\/greenkingdom.ch\/de\/wp-json\/wp\/v2\/product_cat?post=23350"},{"taxonomy":"product_tag","embeddable":true,"href":"https:\/\/greenkingdom.ch\/de\/wp-json\/wp\/v2\/product_tag?post=23350"}],"curies":[{"name":"wp","href":"https:\/\/api.w.org\/{rel}","templated":true}]}}