{"id":23403,"date":"2024-12-18T15:56:00","date_gmt":"2024-12-18T14:56:00","guid":{"rendered":"https:\/\/greenkingdom.ch\/?post_type=product&#038;p=23403"},"modified":"2025-01-02T14:37:01","modified_gmt":"2025-01-02T13:37:01","slug":"pro-xl-pro-silicon-power-organic-spray-1l","status":"publish","type":"product","link":"https:\/\/greenkingdom.ch\/de\/produkt\/pro-xl-pro-silicon-power-organic-spray-1l\/","title":{"rendered":"PRO-XL Pro Silicon Power Organisches Spray 1L"},"content":{"rendered":"<p><strong>PRO-XL Pro Silicon Power (Spray) (Bio) \u2013 Solides und widerstandsf\u00e4higes Wachstumssilizium<\/strong><\/p>\n<p><strong>PRO-XL Pro Silicon Power<\/strong> ist ein organisches Produkt, das entwickelt wurde, um die Zellstruktur von Pflanzen w\u00e4hrend der Wachstumsphase zu st\u00e4rken und eine festere und robustere Entwicklung zu f\u00f6rdern.<\/p>\n<ul>\n<li><strong>\u00dcberlegene Qualit\u00e4t<\/strong><\/li>\n<li><strong>Optimale Balance<\/strong><\/li>\n<li><strong>Konzentrierte Formel<\/strong><\/li>\n<\/ul>\n<p>Silizium ist entscheidend f\u00fcr die Verbesserung der Pflanzenfestigkeit, insbesondere im Stamm und in den Seitenzweigen. Es tr\u00e4gt zu einer besseren Gesamtentwicklung bei, st\u00e4rkt die Widerstandsf\u00e4higkeit gegen Stress und hohe Temperaturen und optimiert gleichzeitig das Endergebnis der Ernte. F\u00fcr eine optimale Absorption kann es auf die Bl\u00e4tter gespr\u00fcht werden, was eine schnelle und effektive Wirkung erm\u00f6glicht. <\/p>\n","protected":false},"excerpt":{"rendered":"<p>PRO-XL Pro Silicon Power (Spray) (Bio) \u2013 Solides und widerstandsf\u00e4higes Wachstumssilizium PRO-XL Pro Silicon Power ist ein organisches Produkt, das entwickelt wurde, um die Zellstruktur von Pflanzen w\u00e4hrend der Wachstumsphase zu st\u00e4rken und eine festere und robustere Entwicklung zu f\u00f6rdern. \u00dcberlegene Qualit\u00e4t Optimale Balance Konzentrierte Formel Silizium ist entscheidend f\u00fcr die Verbesserung der Pflanzenfestigkeit, insbesondere [&hellip;]<\/p>\n","protected":false},"featured_media":23395,"comment_status":"open","ping_status":"closed","template":"","meta":{"_seopress_robots_primary_cat":"none","_seopress_titles_title":"","_seopress_titles_desc":"","_seopress_robots_index":""},"product_brand":[],"product_cat":[690],"product_tag":[],"class_list":{"0":"post-23403","1":"product","2":"type-product","3":"status-publish","4":"has-post-thumbnail","6":"product_cat-pro-xl-de","9":"instock","10":"taxable","11":"shipping-taxable","12":"purchasable","13":"product-type-simple","14":"product-grid-view"},"_links":{"self":[{"href":"https:\/\/greenkingdom.ch\/de\/wp-json\/wp\/v2\/product\/23403","targetHints":{"allow":["GET"]}}],"collection":[{"href":"https:\/\/greenkingdom.ch\/de\/wp-json\/wp\/v2\/product"}],"about":[{"href":"https:\/\/greenkingdom.ch\/de\/wp-json\/wp\/v2\/types\/product"}],"replies":[{"embeddable":true,"href":"https:\/\/greenkingdom.ch\/de\/wp-json\/wp\/v2\/comments?post=23403"}],"version-history":[{"count":3,"href":"https:\/\/greenkingdom.ch\/de\/wp-json\/wp\/v2\/product\/23403\/revisions"}],"predecessor-version":[{"id":27258,"href":"https:\/\/greenkingdom.ch\/de\/wp-json\/wp\/v2\/product\/23403\/revisions\/27258"}],"wp:featuredmedia":[{"embeddable":true,"href":"https:\/\/greenkingdom.ch\/de\/wp-json\/wp\/v2\/media\/23395"}],"wp:attachment":[{"href":"https:\/\/greenkingdom.ch\/de\/wp-json\/wp\/v2\/media?parent=23403"}],"wp:term":[{"taxonomy":"product_brand","embeddable":true,"href":"https:\/\/greenkingdom.ch\/de\/wp-json\/wp\/v2\/product_brand?post=23403"},{"taxonomy":"product_cat","embeddable":true,"href":"https:\/\/greenkingdom.ch\/de\/wp-json\/wp\/v2\/product_cat?post=23403"},{"taxonomy":"product_tag","embeddable":true,"href":"https:\/\/greenkingdom.ch\/de\/wp-json\/wp\/v2\/product_tag?post=23403"}],"curies":[{"name":"wp","href":"https:\/\/api.w.org\/{rel}","templated":true}]}}