{"id":23429,"date":"2024-12-18T16:00:17","date_gmt":"2024-12-18T15:00:17","guid":{"rendered":"https:\/\/greenkingdom.ch\/?post_type=product&#038;p=23429"},"modified":"2025-01-02T14:37:07","modified_gmt":"2025-01-02T13:37:07","slug":"pro-xl-pro-start-500ml","status":"publish","type":"product","link":"https:\/\/greenkingdom.ch\/de\/produkt\/pro-xl-pro-start-500ml\/","title":{"rendered":"PRO-XL Pro Start 500ml"},"content":{"rendered":"<p><strong>PRO-XL Pro Start \u2013 Wurzelwachstumsstimulator f\u00fcr die Anfangsphase<\/strong><\/p>\n<p><strong>PRO-XL Pro Start<\/strong> ist speziell f\u00fcr die Anlaufphase von Anlagen konzipiert. Dieses Produkt f\u00f6rdert eine schnelle und solide Wurzelentwicklung und sorgt so von Anfang an f\u00fcr ein optimales Wachstum. Es bietet eine gezielte Ern\u00e4hrung, die die Wurzelbildung anregt, so dass die Pflanze N\u00e4hrstoffe besser aufnehmen und eine kr\u00e4ftigere Entwicklung erreichen kann. Dar\u00fcber hinaus st\u00e4rkt die Verwendung von <strong>PRO-XL Pro Start<\/strong> die Widerstandsf\u00e4higkeit gegen Schimmel und Krankheiten und tr\u00e4gt so zu einer ges\u00fcnderen und robusteren Ernte bei. Eine ausgezeichnete Wahl, um bereits in den fr\u00fchen Wachstumsphasen au\u00dfergew\u00f6hnliche Ergebnisse zu erzielen. <\/p>\n","protected":false},"excerpt":{"rendered":"<p>PRO-XL Pro Start \u2013 Wurzelwachstumsstimulator f\u00fcr die Anfangsphase PRO-XL Pro Start ist speziell f\u00fcr die Anlaufphase von Anlagen konzipiert. Dieses Produkt f\u00f6rdert eine schnelle und solide Wurzelentwicklung und sorgt so von Anfang an f\u00fcr ein optimales Wachstum. Es bietet eine gezielte Ern\u00e4hrung, die die Wurzelbildung anregt, so dass die Pflanze N\u00e4hrstoffe besser aufnehmen und eine [&hellip;]<\/p>\n","protected":false},"featured_media":23417,"comment_status":"open","ping_status":"closed","template":"","meta":{"_seopress_robots_primary_cat":"none","_seopress_titles_title":"","_seopress_titles_desc":"","_seopress_robots_index":""},"product_brand":[],"product_cat":[690],"product_tag":[],"class_list":{"0":"post-23429","1":"product","2":"type-product","3":"status-publish","4":"has-post-thumbnail","6":"product_cat-pro-xl-de","9":"instock","10":"taxable","11":"shipping-taxable","12":"purchasable","13":"product-type-simple","14":"product-grid-view"},"_links":{"self":[{"href":"https:\/\/greenkingdom.ch\/de\/wp-json\/wp\/v2\/product\/23429","targetHints":{"allow":["GET"]}}],"collection":[{"href":"https:\/\/greenkingdom.ch\/de\/wp-json\/wp\/v2\/product"}],"about":[{"href":"https:\/\/greenkingdom.ch\/de\/wp-json\/wp\/v2\/types\/product"}],"replies":[{"embeddable":true,"href":"https:\/\/greenkingdom.ch\/de\/wp-json\/wp\/v2\/comments?post=23429"}],"version-history":[{"count":2,"href":"https:\/\/greenkingdom.ch\/de\/wp-json\/wp\/v2\/product\/23429\/revisions"}],"predecessor-version":[{"id":27266,"href":"https:\/\/greenkingdom.ch\/de\/wp-json\/wp\/v2\/product\/23429\/revisions\/27266"}],"wp:featuredmedia":[{"embeddable":true,"href":"https:\/\/greenkingdom.ch\/de\/wp-json\/wp\/v2\/media\/23417"}],"wp:attachment":[{"href":"https:\/\/greenkingdom.ch\/de\/wp-json\/wp\/v2\/media?parent=23429"}],"wp:term":[{"taxonomy":"product_brand","embeddable":true,"href":"https:\/\/greenkingdom.ch\/de\/wp-json\/wp\/v2\/product_brand?post=23429"},{"taxonomy":"product_cat","embeddable":true,"href":"https:\/\/greenkingdom.ch\/de\/wp-json\/wp\/v2\/product_cat?post=23429"},{"taxonomy":"product_tag","embeddable":true,"href":"https:\/\/greenkingdom.ch\/de\/wp-json\/wp\/v2\/product_tag?post=23429"}],"curies":[{"name":"wp","href":"https:\/\/api.w.org\/{rel}","templated":true}]}}