{"id":23459,"date":"2024-12-18T16:05:01","date_gmt":"2024-12-18T15:05:01","guid":{"rendered":"https:\/\/greenkingdom.ch\/product\/pro-xl-quick-boost-1l\/"},"modified":"2025-01-02T14:37:08","modified_gmt":"2025-01-02T13:37:08","slug":"pro-xl-quick-boost-1l","status":"publish","type":"product","link":"https:\/\/greenkingdom.ch\/de\/produkt\/pro-xl-quick-boost-1l\/","title":{"rendered":"PRO-XL Quick Boost 1L"},"content":{"rendered":"<p><strong>PRO-XL Quick Boost \u2013 Bl\u00fctenstimulator f\u00fcr eine schnelle Entwicklung<\/strong><\/p>\n<p><strong>PRO-XL Quick Boost<\/strong> ist eine fortschrittliche Formel, die sich ideal f\u00fcr die ersten 3 Wochen der Bl\u00fcte eignet. Angereichert mit Aminos\u00e4uren sorgt es f\u00fcr eine optimale N\u00e4hrstoffaufnahme und f\u00f6rdert so eine harmonische Entwicklung der Pflanze. <\/p>\n<ul>\n<li><strong>Sichtbare Ergebnisse<\/strong> : dunkelgr\u00fcne Pflanzen mit starken Zweigen und vielen Knoten.<\/li>\n<\/ul>\n<p>Dieses Produkt stimuliert ein schnelles Wachstum und eine gesunde Bl\u00fcte und sorgt f\u00fcr au\u00dfergew\u00f6hnliche Ergebnisse ab Beginn der Bl\u00fctephase.<\/p>\n","protected":false},"excerpt":{"rendered":"<p>PRO-XL Quick Boost \u2013 Bl\u00fctenstimulator f\u00fcr eine schnelle Entwicklung PRO-XL Quick Boost ist eine fortschrittliche Formel, die sich ideal f\u00fcr die ersten 3 Wochen der Bl\u00fcte eignet. Angereichert mit Aminos\u00e4uren sorgt es f\u00fcr eine optimale N\u00e4hrstoffaufnahme und f\u00f6rdert so eine harmonische Entwicklung der Pflanze. Sichtbare Ergebnisse : dunkelgr\u00fcne Pflanzen mit starken Zweigen und vielen Knoten. [&hellip;]<\/p>\n","protected":false},"featured_media":23455,"comment_status":"open","ping_status":"closed","template":"","meta":{"_seopress_robots_primary_cat":"","_seopress_titles_title":"","_seopress_titles_desc":"","_seopress_robots_index":""},"product_brand":[],"product_cat":[690],"product_tag":[],"class_list":{"0":"post-23459","1":"product","2":"type-product","3":"status-publish","4":"has-post-thumbnail","6":"product_cat-pro-xl-de","9":"instock","10":"taxable","11":"shipping-taxable","12":"purchasable","13":"product-type-simple","14":"product-grid-view"},"_links":{"self":[{"href":"https:\/\/greenkingdom.ch\/de\/wp-json\/wp\/v2\/product\/23459","targetHints":{"allow":["GET"]}}],"collection":[{"href":"https:\/\/greenkingdom.ch\/de\/wp-json\/wp\/v2\/product"}],"about":[{"href":"https:\/\/greenkingdom.ch\/de\/wp-json\/wp\/v2\/types\/product"}],"replies":[{"embeddable":true,"href":"https:\/\/greenkingdom.ch\/de\/wp-json\/wp\/v2\/comments?post=23459"}],"version-history":[{"count":1,"href":"https:\/\/greenkingdom.ch\/de\/wp-json\/wp\/v2\/product\/23459\/revisions"}],"predecessor-version":[{"id":27269,"href":"https:\/\/greenkingdom.ch\/de\/wp-json\/wp\/v2\/product\/23459\/revisions\/27269"}],"wp:featuredmedia":[{"embeddable":true,"href":"https:\/\/greenkingdom.ch\/de\/wp-json\/wp\/v2\/media\/23455"}],"wp:attachment":[{"href":"https:\/\/greenkingdom.ch\/de\/wp-json\/wp\/v2\/media?parent=23459"}],"wp:term":[{"taxonomy":"product_brand","embeddable":true,"href":"https:\/\/greenkingdom.ch\/de\/wp-json\/wp\/v2\/product_brand?post=23459"},{"taxonomy":"product_cat","embeddable":true,"href":"https:\/\/greenkingdom.ch\/de\/wp-json\/wp\/v2\/product_cat?post=23459"},{"taxonomy":"product_tag","embeddable":true,"href":"https:\/\/greenkingdom.ch\/de\/wp-json\/wp\/v2\/product_tag?post=23459"}],"curies":[{"name":"wp","href":"https:\/\/api.w.org\/{rel}","templated":true}]}}