{"id":23501,"date":"2024-12-18T16:11:07","date_gmt":"2024-12-18T15:11:07","guid":{"rendered":"https:\/\/greenkingdom.ch\/product\/pro-xl-root-energy-organic-1l\/"},"modified":"2025-01-02T14:37:17","modified_gmt":"2025-01-02T13:37:17","slug":"pro-xl-root-energy-organic-1l","status":"publish","type":"product","link":"https:\/\/greenkingdom.ch\/de\/produkt\/pro-xl-root-energy-organic-1l\/","title":{"rendered":"PRO-XL Wurzelenergie Bio 1L"},"content":{"rendered":"<p><strong>PRO-XL Root Energy (Organic) \u2013 Nat\u00fcrlicher Wurzelstimulator<\/strong><\/p>\n<p><strong>PRO-XL Root Energy<\/strong> ist ein leistungsstarker nat\u00fcrlicher Wurzelstimulator, der entwickelt wurde, um ein \u00fcppiges und gesundes Wurzelwachstum zu f\u00f6rdern. Es st\u00e4rkt die Widerstandsf\u00e4higkeit der Wurzeln gegen Sch\u00e4dlinge und Schimmel und tr\u00e4gt zur allgemeinen Gesundheit der Pflanze bei. <\/p>\n<ul>\n<li><strong>\u00dcberlegene Qualit\u00e4t<\/strong><\/li>\n<li><strong>Optimale Balance<\/strong><\/li>\n<li><strong>Konzentrierte Formel<\/strong><\/li>\n<\/ul>\n<p>Eine gute Wurzelentwicklung ist unerl\u00e4sslich, um eine optimale Bl\u00fcte zu gew\u00e4hrleisten. Durch die Optimierung des Wurzelwachstums sorgt <strong>PRO-XL Root Energy<\/strong> f\u00fcr kr\u00e4ftigere und qualitativ hochwertigere Bl\u00fchergebnisse. <\/p>\n","protected":false},"excerpt":{"rendered":"<p>PRO-XL Root Energy (Organic) \u2013 Nat\u00fcrlicher Wurzelstimulator PRO-XL Root Energy ist ein leistungsstarker nat\u00fcrlicher Wurzelstimulator, der entwickelt wurde, um ein \u00fcppiges und gesundes Wurzelwachstum zu f\u00f6rdern. Es st\u00e4rkt die Widerstandsf\u00e4higkeit der Wurzeln gegen Sch\u00e4dlinge und Schimmel und tr\u00e4gt zur allgemeinen Gesundheit der Pflanze bei. \u00dcberlegene Qualit\u00e4t Optimale Balance Konzentrierte Formel Eine gute Wurzelentwicklung ist unerl\u00e4sslich, [&hellip;]<\/p>\n","protected":false},"featured_media":23497,"comment_status":"open","ping_status":"closed","template":"","meta":{"_seopress_robots_primary_cat":"","_seopress_titles_title":"","_seopress_titles_desc":"","_seopress_robots_index":""},"product_brand":[],"product_cat":[690],"product_tag":[],"class_list":{"0":"post-23501","1":"product","2":"type-product","3":"status-publish","4":"has-post-thumbnail","6":"product_cat-pro-xl-de","9":"instock","10":"taxable","11":"shipping-taxable","12":"purchasable","13":"product-type-simple","14":"product-grid-view"},"_links":{"self":[{"href":"https:\/\/greenkingdom.ch\/de\/wp-json\/wp\/v2\/product\/23501","targetHints":{"allow":["GET"]}}],"collection":[{"href":"https:\/\/greenkingdom.ch\/de\/wp-json\/wp\/v2\/product"}],"about":[{"href":"https:\/\/greenkingdom.ch\/de\/wp-json\/wp\/v2\/types\/product"}],"replies":[{"embeddable":true,"href":"https:\/\/greenkingdom.ch\/de\/wp-json\/wp\/v2\/comments?post=23501"}],"version-history":[{"count":1,"href":"https:\/\/greenkingdom.ch\/de\/wp-json\/wp\/v2\/product\/23501\/revisions"}],"predecessor-version":[{"id":27282,"href":"https:\/\/greenkingdom.ch\/de\/wp-json\/wp\/v2\/product\/23501\/revisions\/27282"}],"wp:featuredmedia":[{"embeddable":true,"href":"https:\/\/greenkingdom.ch\/de\/wp-json\/wp\/v2\/media\/23497"}],"wp:attachment":[{"href":"https:\/\/greenkingdom.ch\/de\/wp-json\/wp\/v2\/media?parent=23501"}],"wp:term":[{"taxonomy":"product_brand","embeddable":true,"href":"https:\/\/greenkingdom.ch\/de\/wp-json\/wp\/v2\/product_brand?post=23501"},{"taxonomy":"product_cat","embeddable":true,"href":"https:\/\/greenkingdom.ch\/de\/wp-json\/wp\/v2\/product_cat?post=23501"},{"taxonomy":"product_tag","embeddable":true,"href":"https:\/\/greenkingdom.ch\/de\/wp-json\/wp\/v2\/product_tag?post=23501"}],"curies":[{"name":"wp","href":"https:\/\/api.w.org\/{rel}","templated":true}]}}